{"id":228208,"date":"2024-08-07T23:43:54","date_gmt":"2024-08-08T06:43:54","guid":{"rendered":"https:\/\/glandine.com\/product\/dolce-gabbana-elegante-sneakers-aus-weissem-kalbsleder\/"},"modified":"2024-11-30T14:38:39","modified_gmt":"2024-11-30T13:38:39","slug":"dolce-gabbana-elegante-sneakers-aus-weissem-kalbsleder","status":"publish","type":"product","link":"https:\/\/tpmadalina42.supserv.cozmoslabs.com\/fi\/tuote-2\/dolce-gabbana-elegante-sneakers-aus-weissem-kalbsleder\/","title":{"rendered":"Dolce &amp; Gabbana Elegante Sneakers aus wei\u00dfem Kalbsleder"},"content":{"rendered":"<p>Entdecken Sie den Gipfel italienischer Handwerkskunst mit diesen makellosen wei\u00dfen Low-Top-Sneakers von Dolce &amp; Gabbana. Diese Schuhe wurden f\u00fcr diejenigen entworfen, die die feinen Details in der Mode zu sch\u00e4tzen wissen. Sie verf\u00fcgen \u00fcber ein raffiniertes Obermaterial aus Kalbsleder, einen Schn\u00fcrverschluss und eine robuste Gummisohle &#8211; perfekt, um Ihrem l\u00e4ssigen Ensemble einen Hauch von Luxus hinzuzuf\u00fcgen. Mit den Logodetails, die das renommierte Label Dolce &amp; Gabbana subtil zur Geltung bringen, sind diese Sneaker ein Zeugnis f\u00fcr Stil und Qualit\u00e4t, made in Italy.<\/p>\n<ul>\n<li>Materiaali: 100% vasikan nahka<\/li>\n<li>Farbe: Wei\u00df, Grau<\/li>\n<li>Kumipohja<\/li>\n<li>Pitsikiinnitys<\/li>\n<li>Alkuper\u00e4maa: IT<\/li>\n<\/ul>","protected":false},"excerpt":{"rendered":"<p>Entdecken Sie den Gipfel italienischer Handwerkskunst mit diesen makellosen wei\u00dfen Low-Top-Sneakers von Dolce &amp; Gabbana. Diese Schuhe wurden f\u00fcr diejenigen entworfen, die die feinen Details in der Mode zu sch\u00e4tzen wissen. Sie verf\u00fcgen \u00fcber ein raffiniertes Obermaterial aus Kalbsleder, einen Schn\u00fcrverschluss und eine robuste Gummisohle &#8211; perfekt, um Ihrem l\u00e4ssigen Ensemble einen Hauch von Luxus [&hellip;]<\/p>","protected":false},"featured_media":228200,"template":"","meta":[],"product_brand":[1620],"product_cat":[1634,1624,1702],"product_tag":[],"class_list":{"0":"post-228208","1":"product","2":"type-product","3":"status-publish","4":"has-post-thumbnail","6":"product_brand-dolce-gabbana","7":"product_cat-maenner-schuhe","8":"product_cat-schuhe","9":"product_cat-turnschuhe","11":"first","12":"instock","13":"sale","14":"taxable","15":"shipping-taxable","16":"purchasable","17":"product-type-variable"},"_links":{"self":[{"href":"https:\/\/tpmadalina42.supserv.cozmoslabs.com\/fi\/wp-json\/wp\/v2\/product\/228208","targetHints":{"allow":["GET"]}}],"collection":[{"href":"https:\/\/tpmadalina42.supserv.cozmoslabs.com\/fi\/wp-json\/wp\/v2\/product"}],"about":[{"href":"https:\/\/tpmadalina42.supserv.cozmoslabs.com\/fi\/wp-json\/wp\/v2\/types\/product"}],"wp:featuredmedia":[{"embeddable":true,"href":"https:\/\/tpmadalina42.supserv.cozmoslabs.com\/fi\/wp-json\/wp\/v2\/media\/228200"}],"wp:attachment":[{"href":"https:\/\/tpmadalina42.supserv.cozmoslabs.com\/fi\/wp-json\/wp\/v2\/media?parent=228208"}],"wp:term":[{"taxonomy":"product_brand","embeddable":true,"href":"https:\/\/tpmadalina42.supserv.cozmoslabs.com\/fi\/wp-json\/wp\/v2\/product_brand?post=228208"},{"taxonomy":"product_cat","embeddable":true,"href":"https:\/\/tpmadalina42.supserv.cozmoslabs.com\/fi\/wp-json\/wp\/v2\/product_cat?post=228208"},{"taxonomy":"product_tag","embeddable":true,"href":"https:\/\/tpmadalina42.supserv.cozmoslabs.com\/fi\/wp-json\/wp\/v2\/product_tag?post=228208"}],"curies":[{"name":"wp","href":"https:\/\/api.w.org\/{rel}","templated":true}]}}