{"id":228635,"date":"2024-08-08T00:15:06","date_gmt":"2024-08-08T07:15:06","guid":{"rendered":"https:\/\/glandine.com\/product\/dolce-gabbana-dapper-zweifarbige-lederstiefeletten\/"},"modified":"2024-11-30T14:44:55","modified_gmt":"2024-11-30T13:44:55","slug":"dolce-gabbana-dapper-zweifarbige-lederstiefeletten","status":"publish","type":"product","link":"https:\/\/tpmadalina42.supserv.cozmoslabs.com\/fi\/tuote-2\/dolce-gabbana-dapper-zweifarbige-lederstiefeletten\/","title":{"rendered":"Dolce &amp; Gabbana Dapper kaksis\u00e4vyiset nahkanilkkurit"},"content":{"rendered":"<p>Mit diesen Ankle Boots von <strong>Dolce &amp; Gabbana<\/strong>, die tadellose italienische Handwerkskunst pr\u00e4sentieren, werden Sie in den Luxus eintauchen. Ein Must-Have f\u00fcr den modebewussten Mann, diese Stiefel verf\u00fcgen \u00fcber einen eleganten schwarzen und lebendigen roten Farbton, der klassischen Stil mit einem Pop der Farbe mischt. Die strapazierf\u00e4hige Gummisohle sorgt f\u00fcr Langlebigkeit und das kultige Logo verleiht einen Hauch von Exklusivit\u00e4t. Perfekt, um jedes Outfit aufzuwerten, sind diese Stiefel ein Statement f\u00fcr moderne Eleganz.<\/p>\n<ul>\n<li>Farbe: Schwarz, Rot<\/li>\n<li>Materiaali: 100% vasikan nahka<\/li>\n<li>Alkuper\u00e4maa: IT<\/li>\n<li>Logon yksityiskohdat<\/li>\n<li>Valmistettu Italiassa<\/li>\n<\/ul>","protected":false},"excerpt":{"rendered":"<p>Mit diesen Ankle Boots von Dolce &amp; Gabbana, die tadellose italienische Handwerkskunst pr\u00e4sentieren, werden Sie in den Luxus eintauchen. Ein Must-Have f\u00fcr den modebewussten Mann, diese Stiefel verf\u00fcgen \u00fcber einen eleganten schwarzen und lebendigen roten Farbton, der klassischen Stil mit einem Pop der Farbe mischt. Die strapazierf\u00e4hige Gummisohle sorgt f\u00fcr Langlebigkeit und das kultige Logo [&hellip;]<\/p>","protected":false},"featured_media":228627,"template":"","meta":[],"product_brand":[1620],"product_cat":[1634,1624,1654],"product_tag":[],"class_list":{"0":"post-228635","1":"product","2":"type-product","3":"status-publish","4":"has-post-thumbnail","6":"product_brand-dolce-gabbana","7":"product_cat-maenner-schuhe","8":"product_cat-schuhe","9":"product_cat-stiefel","11":"first","12":"instock","13":"sale","14":"taxable","15":"shipping-taxable","16":"purchasable","17":"product-type-variable"},"_links":{"self":[{"href":"https:\/\/tpmadalina42.supserv.cozmoslabs.com\/fi\/wp-json\/wp\/v2\/product\/228635","targetHints":{"allow":["GET"]}}],"collection":[{"href":"https:\/\/tpmadalina42.supserv.cozmoslabs.com\/fi\/wp-json\/wp\/v2\/product"}],"about":[{"href":"https:\/\/tpmadalina42.supserv.cozmoslabs.com\/fi\/wp-json\/wp\/v2\/types\/product"}],"wp:featuredmedia":[{"embeddable":true,"href":"https:\/\/tpmadalina42.supserv.cozmoslabs.com\/fi\/wp-json\/wp\/v2\/media\/228627"}],"wp:attachment":[{"href":"https:\/\/tpmadalina42.supserv.cozmoslabs.com\/fi\/wp-json\/wp\/v2\/media?parent=228635"}],"wp:term":[{"taxonomy":"product_brand","embeddable":true,"href":"https:\/\/tpmadalina42.supserv.cozmoslabs.com\/fi\/wp-json\/wp\/v2\/product_brand?post=228635"},{"taxonomy":"product_cat","embeddable":true,"href":"https:\/\/tpmadalina42.supserv.cozmoslabs.com\/fi\/wp-json\/wp\/v2\/product_cat?post=228635"},{"taxonomy":"product_tag","embeddable":true,"href":"https:\/\/tpmadalina42.supserv.cozmoslabs.com\/fi\/wp-json\/wp\/v2\/product_tag?post=228635"}],"curies":[{"name":"wp","href":"https:\/\/api.w.org\/{rel}","templated":true}]}}