{"id":228657,"date":"2024-08-08T00:17:05","date_gmt":"2024-08-08T07:17:05","guid":{"rendered":"https:\/\/glandine.com\/product\/dolce-gabbana-elegante-braune-samt-oxford-schnuerschuhe\/"},"modified":"2024-11-30T14:45:15","modified_gmt":"2024-11-30T13:45:15","slug":"dolce-gabbana-elegante-braune-samt-oxford-schnuerschuhe","status":"publish","type":"product","link":"https:\/\/tpmadalina42.supserv.cozmoslabs.com\/fi\/tuote-2\/dolce-gabbana-elegante-braune-samt-oxford-schnuerschuhe\/","title":{"rendered":"Dolce &amp; Gabbana Elegante braune Samt-Oxford-Schn\u00fcrschuhe"},"content":{"rendered":"<p>G\u00f6nnen Sie sich die Opulenz dieser absolut atemberaubenden Vintage-inspirierten Oxford-Schuhe zum Schn\u00fcren aus Samt von Dolce &amp; Gabbana. Perfekt verarbeitet mit viel Liebe zum Detail, bringen sie einen authentischen Hauch von italienischem Luxus zu jedem formellen Ensemble. Mit dezenten Logodetails verziert und mit einer Lederlaufsohle f\u00fcr dauerhafte Eleganz ausgestattet.<\/p>\n<ul>\n<li>Materiaali: 100% viskoosi<\/li>\n<li>Alkuper\u00e4maa: Valmistettu Italiassa<\/li>\n<li>V\u00e4ri: Ruskea<\/li>\n<\/ul>","protected":false},"excerpt":{"rendered":"<p>G\u00f6nnen Sie sich die Opulenz dieser absolut atemberaubenden Vintage-inspirierten Oxford-Schuhe zum Schn\u00fcren aus Samt von Dolce &amp; Gabbana. Perfekt verarbeitet mit viel Liebe zum Detail, bringen sie einen authentischen Hauch von italienischem Luxus zu jedem formellen Ensemble. Mit dezenten Logodetails verziert und mit einer Lederlaufsohle f\u00fcr dauerhafte Eleganz ausgestattet. Material: 100% Viskose Herkunftsland: Hergestellt in [&hellip;]<\/p>","protected":false},"featured_media":228649,"template":"","meta":[],"product_brand":[1620],"product_cat":[1661,1634,1624],"product_tag":[],"class_list":{"0":"post-228657","1":"product","2":"type-product","3":"status-publish","4":"has-post-thumbnail","6":"product_brand-dolce-gabbana","7":"product_cat-formal","8":"product_cat-maenner-schuhe","9":"product_cat-schuhe","11":"first","12":"instock","13":"sale","14":"taxable","15":"shipping-taxable","16":"purchasable","17":"product-type-variable"},"_links":{"self":[{"href":"https:\/\/tpmadalina42.supserv.cozmoslabs.com\/fi\/wp-json\/wp\/v2\/product\/228657","targetHints":{"allow":["GET"]}}],"collection":[{"href":"https:\/\/tpmadalina42.supserv.cozmoslabs.com\/fi\/wp-json\/wp\/v2\/product"}],"about":[{"href":"https:\/\/tpmadalina42.supserv.cozmoslabs.com\/fi\/wp-json\/wp\/v2\/types\/product"}],"wp:featuredmedia":[{"embeddable":true,"href":"https:\/\/tpmadalina42.supserv.cozmoslabs.com\/fi\/wp-json\/wp\/v2\/media\/228649"}],"wp:attachment":[{"href":"https:\/\/tpmadalina42.supserv.cozmoslabs.com\/fi\/wp-json\/wp\/v2\/media?parent=228657"}],"wp:term":[{"taxonomy":"product_brand","embeddable":true,"href":"https:\/\/tpmadalina42.supserv.cozmoslabs.com\/fi\/wp-json\/wp\/v2\/product_brand?post=228657"},{"taxonomy":"product_cat","embeddable":true,"href":"https:\/\/tpmadalina42.supserv.cozmoslabs.com\/fi\/wp-json\/wp\/v2\/product_cat?post=228657"},{"taxonomy":"product_tag","embeddable":true,"href":"https:\/\/tpmadalina42.supserv.cozmoslabs.com\/fi\/wp-json\/wp\/v2\/product_tag?post=228657"}],"curies":[{"name":"wp","href":"https:\/\/api.w.org\/{rel}","templated":true}]}}