{"id":230418,"date":"2024-08-08T02:18:45","date_gmt":"2024-08-08T09:18:45","guid":{"rendered":"https:\/\/glandine.com\/product\/dolce-gabbana-elegante-nieten-loafer-aus-schwarzem-leder\/"},"modified":"2024-11-30T15:03:18","modified_gmt":"2024-11-30T14:03:18","slug":"dolce-gabbana-elegante-nieten-loafer-aus-schwarzem-leder","status":"publish","type":"product","link":"https:\/\/tpmadalina42.supserv.cozmoslabs.com\/fi\/tuote-2\/dolce-gabbana-elegante-nieten-loafer-aus-schwarzem-leder\/","title":{"rendered":"Dolce &amp; Gabbana Elegante Nieten-Loafer aus schwarzem Leder"},"content":{"rendered":"<p>Treten Sie ein in den Luxus mit diesen tadellosen <strong>Dolce &amp; Gabbana<\/strong> Nieten-Loafern. Diese Schuhe sind perfekt f\u00fcr alle, die eine Mischung aus modernem Design und klassischem Stil zu sch\u00e4tzen wissen und werten jedes formelle oder l\u00e4ssige Outfit auf. Gefertigt aus hochwertigem Leder und in schlichtem Schwarz, bieten sie sowohl Raffinesse als auch Komfort. Diese in Italien gefertigten Slipper sind ein Beweis f\u00fcr au\u00dfergew\u00f6hnliche Handwerkskunst und Designer-Flair. Lassen Sie sich die Chance nicht entgehen, mit jedem Schritt ein Statement zu setzen.<\/p>\n<ul>\n<li>Materiaali: nahka<\/li>\n<li>V\u00e4ri: Musta<\/li>\n<li>Alkuper\u00e4maa: IT<\/li>\n<li>Laufsohle aus Gummi<\/li>\n<li>Logon yksityiskohdat<\/li>\n<\/ul>","protected":false},"excerpt":{"rendered":"<p>Treten Sie ein in den Luxus mit diesen tadellosen Dolce &amp; Gabbana Nieten-Loafern. Diese Schuhe sind perfekt f\u00fcr alle, die eine Mischung aus modernem Design und klassischem Stil zu sch\u00e4tzen wissen und werten jedes formelle oder l\u00e4ssige Outfit auf. Gefertigt aus hochwertigem Leder und in schlichtem Schwarz, bieten sie sowohl Raffinesse als auch Komfort. Diese [&hellip;]<\/p>","protected":false},"featured_media":230410,"template":"","meta":[],"product_brand":[1620],"product_cat":[1661,1634,1624],"product_tag":[],"class_list":{"0":"post-230418","1":"product","2":"type-product","3":"status-publish","4":"has-post-thumbnail","6":"product_brand-dolce-gabbana","7":"product_cat-formal","8":"product_cat-maenner-schuhe","9":"product_cat-schuhe","11":"first","12":"instock","13":"sale","14":"taxable","15":"shipping-taxable","16":"purchasable","17":"product-type-variable"},"_links":{"self":[{"href":"https:\/\/tpmadalina42.supserv.cozmoslabs.com\/fi\/wp-json\/wp\/v2\/product\/230418","targetHints":{"allow":["GET"]}}],"collection":[{"href":"https:\/\/tpmadalina42.supserv.cozmoslabs.com\/fi\/wp-json\/wp\/v2\/product"}],"about":[{"href":"https:\/\/tpmadalina42.supserv.cozmoslabs.com\/fi\/wp-json\/wp\/v2\/types\/product"}],"wp:featuredmedia":[{"embeddable":true,"href":"https:\/\/tpmadalina42.supserv.cozmoslabs.com\/fi\/wp-json\/wp\/v2\/media\/230410"}],"wp:attachment":[{"href":"https:\/\/tpmadalina42.supserv.cozmoslabs.com\/fi\/wp-json\/wp\/v2\/media?parent=230418"}],"wp:term":[{"taxonomy":"product_brand","embeddable":true,"href":"https:\/\/tpmadalina42.supserv.cozmoslabs.com\/fi\/wp-json\/wp\/v2\/product_brand?post=230418"},{"taxonomy":"product_cat","embeddable":true,"href":"https:\/\/tpmadalina42.supserv.cozmoslabs.com\/fi\/wp-json\/wp\/v2\/product_cat?post=230418"},{"taxonomy":"product_tag","embeddable":true,"href":"https:\/\/tpmadalina42.supserv.cozmoslabs.com\/fi\/wp-json\/wp\/v2\/product_tag?post=230418"}],"curies":[{"name":"wp","href":"https:\/\/api.w.org\/{rel}","templated":true}]}}