{"id":230583,"date":"2024-08-08T02:30:23","date_gmt":"2024-08-08T09:30:23","guid":{"rendered":"https:\/\/glandine.com\/product\/roberto-cavalli-ovale-verspiegelte-sonnenbrille-in-rose-gold\/"},"modified":"2024-11-30T15:06:31","modified_gmt":"2024-11-30T14:06:31","slug":"roberto-cavalli-ovale-verspiegelte-sonnenbrille-in-rose-gold","status":"publish","type":"product","link":"https:\/\/tpmadalina42.supserv.cozmoslabs.com\/fi\/tuote-2\/roberto-cavalli-ovale-verspiegelte-sonnenbrille-in-rose-gold\/","title":{"rendered":"Roberto Cavalli Oval Mirrored aurinkolasit Rose Gold"},"content":{"rendered":"<p>Hengit\u00e4 eleganssia ja hienostuneisuutta n\u00e4ill\u00e4 Roberto Cavallin hohtavan ruusukullanv\u00e4risill\u00e4 soikeilla aurinkolaseilla. N\u00e4m\u00e4 aurinkolasit sopivat t\u00e4ydellisesti aurinkoiseen lomaan, ja niiss\u00e4 yhdistyv\u00e4t tyyli ja t\u00e4ydellinen suoja UVA- ja UVB-s\u00e4teilt\u00e4, mik\u00e4 asettaa mukavuuden ja turvallisuuden etusijalle.<\/p>\n<p>V\u00e4ri: ruusukulta<br \/>Rungon materiaali: metalli<br \/>Linssin v\u00e4ri: ruusukulta<br \/>Linssin materiaali: muovi<br \/>Suodatinluokka: 2<br \/>Tyyli: Soikea<br \/>Lasiefekti: Peilattu<br \/>Suojaus: 100% UVA &amp; UVB<br \/>Koko: 71-21-120<br \/>Levyn leveys: 71 mm<br \/>Levyn korkeus: 48 mm<br \/>Sillan leveys: 21 mm<br \/>Rungon leveys: 150 mm<br \/>Temppelin pituus: 120 mm<br \/>Jousisarana: Ei<br \/>Toimitukseen sis\u00e4ltyy: merkkikotelo<br \/>Alkuper\u00e4maa: IT<\/p>","protected":false},"excerpt":{"rendered":"<p>Verstr\u00f6men Sie Eleganz und Raffinesse mit dieser schimmernden ovalen Sonnenbrille in Ros\u00e9gold von Roberto Cavalli. Perfekt f\u00fcr einen sonnigen Ausflug, kombiniert diese Sonnenbrille Stil mit vollem Schutz vor UVA- und UVB-Strahlen, so dass Ihr Komfort und Ihre Sicherheit an erster Stelle stehen. Farbe: Ros\u00e9goldGestellmaterial: MetallFarbe der Gl\u00e4ser: Ros\u00e9 GoldMaterial der Gl\u00e4ser: KunststoffFilterkategorie: 2Stil: OvalGlaseffekt: VerspiegeltSchutz: [&hellip;]<\/p>","protected":false},"featured_media":230579,"template":"","meta":[],"product_brand":[1992],"product_cat":[1627,1640],"product_tag":[],"class_list":{"0":"post-230583","1":"product","2":"type-product","3":"status-publish","4":"has-post-thumbnail","6":"product_brand-roberto-cavalli","7":"product_cat-sonnenbrille","8":"product_cat-sonnenbrillen-fuer-frauen","10":"first","11":"instock","12":"sale","13":"taxable","14":"shipping-taxable","15":"purchasable","16":"product-type-simple"},"_links":{"self":[{"href":"https:\/\/tpmadalina42.supserv.cozmoslabs.com\/fi\/wp-json\/wp\/v2\/product\/230583","targetHints":{"allow":["GET"]}}],"collection":[{"href":"https:\/\/tpmadalina42.supserv.cozmoslabs.com\/fi\/wp-json\/wp\/v2\/product"}],"about":[{"href":"https:\/\/tpmadalina42.supserv.cozmoslabs.com\/fi\/wp-json\/wp\/v2\/types\/product"}],"wp:featuredmedia":[{"embeddable":true,"href":"https:\/\/tpmadalina42.supserv.cozmoslabs.com\/fi\/wp-json\/wp\/v2\/media\/230579"}],"wp:attachment":[{"href":"https:\/\/tpmadalina42.supserv.cozmoslabs.com\/fi\/wp-json\/wp\/v2\/media?parent=230583"}],"wp:term":[{"taxonomy":"product_brand","embeddable":true,"href":"https:\/\/tpmadalina42.supserv.cozmoslabs.com\/fi\/wp-json\/wp\/v2\/product_brand?post=230583"},{"taxonomy":"product_cat","embeddable":true,"href":"https:\/\/tpmadalina42.supserv.cozmoslabs.com\/fi\/wp-json\/wp\/v2\/product_cat?post=230583"},{"taxonomy":"product_tag","embeddable":true,"href":"https:\/\/tpmadalina42.supserv.cozmoslabs.com\/fi\/wp-json\/wp\/v2\/product_tag?post=230583"}],"curies":[{"name":"wp","href":"https:\/\/api.w.org\/{rel}","templated":true}]}}