{"id":230716,"date":"2024-08-08T02:49:55","date_gmt":"2024-08-08T09:49:55","guid":{"rendered":"https:\/\/glandine.com\/product\/dolce-gabbana-elegante-weisse-jeans-mit-halber-taille-aus-denim\/"},"modified":"2024-11-30T15:07:39","modified_gmt":"2024-11-30T14:07:39","slug":"dolce-gabbana-elegante-weisse-jeans-mit-halber-taille-aus-denim","status":"publish","type":"product","link":"https:\/\/tpmadalina42.supserv.cozmoslabs.com\/fi\/tuote-2\/dolce-gabbana-elegante-weisse-jeans-mit-halber-taille-aus-denim\/","title":{"rendered":"Dolce &amp; Gabbana Elegante wei\u00dfe Jeans mit halber Taille aus Denim"},"content":{"rendered":"<p><strong>Raffinierte Eleganz mit optimalem Komfort:<\/strong> Entdecken Sie diese atemberaubende Cropped-Jeans aus wei\u00dfem Denim, ein Beweis f\u00fcr das Engagement von Dolce &amp; Gabbana f\u00fcr luxuri\u00f6ses Design und hervorragende italienische Handwerkskunst. Die sorgf\u00e4ltig geschneiderte Jeans betont die mittlere Taille und verk\u00f6rpert modernen Chic mit einem Hauch von Stretch f\u00fcr die perfekte Passform.<\/p>\n<ul>\n<li>V\u00e4ri: Valkoinen<\/li>\n<li>Material: 99% Baumwolle 1% Elastan<\/li>\n<li>Mittlere Taille mit Rei\u00dfverschluss<\/li>\n<li>Signatur-Logo-Details<\/li>\n<li>Valmistettu Italiassa<\/li>\n<li>Tadellose Handwerkskunst<\/li>\n<\/ul>","protected":false},"excerpt":{"rendered":"<p>Raffinierte Eleganz mit optimalem Komfort: Entdecken Sie diese atemberaubende Cropped-Jeans aus wei\u00dfem Denim, ein Beweis f\u00fcr das Engagement von Dolce &amp; Gabbana f\u00fcr luxuri\u00f6ses Design und hervorragende italienische Handwerkskunst. Die sorgf\u00e4ltig geschneiderte Jeans betont die mittlere Taille und verk\u00f6rpert modernen Chic mit einem Hauch von Stretch f\u00fcr die perfekte Passform. Farbe: Wei\u00df Material: 99% Baumwolle [&hellip;]<\/p>","protected":false},"featured_media":230711,"template":"","meta":[],"product_brand":[1620],"product_cat":[1637,1686,1623],"product_tag":[],"class_list":{"0":"post-230716","1":"product","2":"type-product","3":"status-publish","4":"has-post-thumbnail","6":"product_brand-dolce-gabbana","7":"product_cat-frauen-kleidung","8":"product_cat-jeans-hosen-frauen-kleidung","9":"product_cat-kleidung","11":"first","12":"instock","13":"sale","14":"taxable","15":"shipping-taxable","16":"purchasable","17":"product-type-variable"},"_links":{"self":[{"href":"https:\/\/tpmadalina42.supserv.cozmoslabs.com\/fi\/wp-json\/wp\/v2\/product\/230716","targetHints":{"allow":["GET"]}}],"collection":[{"href":"https:\/\/tpmadalina42.supserv.cozmoslabs.com\/fi\/wp-json\/wp\/v2\/product"}],"about":[{"href":"https:\/\/tpmadalina42.supserv.cozmoslabs.com\/fi\/wp-json\/wp\/v2\/types\/product"}],"wp:featuredmedia":[{"embeddable":true,"href":"https:\/\/tpmadalina42.supserv.cozmoslabs.com\/fi\/wp-json\/wp\/v2\/media\/230711"}],"wp:attachment":[{"href":"https:\/\/tpmadalina42.supserv.cozmoslabs.com\/fi\/wp-json\/wp\/v2\/media?parent=230716"}],"wp:term":[{"taxonomy":"product_brand","embeddable":true,"href":"https:\/\/tpmadalina42.supserv.cozmoslabs.com\/fi\/wp-json\/wp\/v2\/product_brand?post=230716"},{"taxonomy":"product_cat","embeddable":true,"href":"https:\/\/tpmadalina42.supserv.cozmoslabs.com\/fi\/wp-json\/wp\/v2\/product_cat?post=230716"},{"taxonomy":"product_tag","embeddable":true,"href":"https:\/\/tpmadalina42.supserv.cozmoslabs.com\/fi\/wp-json\/wp\/v2\/product_tag?post=230716"}],"curies":[{"name":"wp","href":"https:\/\/api.w.org\/{rel}","templated":true}]}}