{"id":230941,"date":"2024-08-08T03:05:11","date_gmt":"2024-08-08T10:05:11","guid":{"rendered":"https:\/\/glandine.com\/product\/dolce-gabbana-mehrfarbige-daymaster-chunky-sneakers\/"},"modified":"2024-11-30T15:14:49","modified_gmt":"2024-11-30T14:14:49","slug":"dolce-gabbana-mehrfarbige-daymaster-chunky-sneakers","status":"publish","type":"product","link":"https:\/\/tpmadalina42.supserv.cozmoslabs.com\/fi\/tuote-2\/dolce-gabbana-mehrfarbige-daymaster-chunky-sneakers\/","title":{"rendered":"Dolce &amp; Gabbana moniv\u00e4riset Daymaster paksut tennarit"},"content":{"rendered":"<p>Mit diesen atemberaubenden Daymaster-Sneakers von Dolce &amp; Gabbana, die neu in der Verpackung sind, k\u00f6nnen Sie sich auf einen lebendigen Stil freuen. Diese auff\u00e4lligen mehrfarbigen Schuhe verf\u00fcgen \u00fcber eine klobige Gummisohle und einen sicheren Schn\u00fcrverschluss, der High-Fashion und Komfort nahtlos miteinander verbindet. Perfekt, um jedem Outfit einen Farbakzent zu verleihen, strahlen diese Sneaker Exklusivit\u00e4t und au\u00dfergew\u00f6hnliche italienische Handwerkskunst aus.<\/p>\n<ul>\n<li>V\u00e4ri: Moniv\u00e4rinen<\/li>\n<li>Material: 50% Polyester, 20% Leder, 13% Viskose, 10% Baumwolle, 7% Acetat<\/li>\n<li>Pohja: kumia<\/li>\n<li>Pitsikiinnitys<\/li>\n<li>Logon yksityiskohdat<\/li>\n<li>Valmistettu Italiassa<\/li>\n<\/ul>","protected":false},"excerpt":{"rendered":"<p>Mit diesen atemberaubenden Daymaster-Sneakers von Dolce &amp; Gabbana, die neu in der Verpackung sind, k\u00f6nnen Sie sich auf einen lebendigen Stil freuen. Diese auff\u00e4lligen mehrfarbigen Schuhe verf\u00fcgen \u00fcber eine klobige Gummisohle und einen sicheren Schn\u00fcrverschluss, der High-Fashion und Komfort nahtlos miteinander verbindet. Perfekt, um jedem Outfit einen Farbakzent zu verleihen, strahlen diese Sneaker Exklusivit\u00e4t und [&hellip;]<\/p>","protected":false},"featured_media":230933,"template":"","meta":[],"product_brand":[1620],"product_cat":[1635,1624,1703],"product_tag":[],"class_list":{"0":"post-230941","1":"product","2":"type-product","3":"status-publish","4":"has-post-thumbnail","6":"product_brand-dolce-gabbana","7":"product_cat-frauen-schuhe","8":"product_cat-schuhe","9":"product_cat-turnschuhe-frauen-schuhe","11":"first","12":"instock","13":"sale","14":"taxable","15":"shipping-taxable","16":"purchasable","17":"product-type-variable"},"_links":{"self":[{"href":"https:\/\/tpmadalina42.supserv.cozmoslabs.com\/fi\/wp-json\/wp\/v2\/product\/230941","targetHints":{"allow":["GET"]}}],"collection":[{"href":"https:\/\/tpmadalina42.supserv.cozmoslabs.com\/fi\/wp-json\/wp\/v2\/product"}],"about":[{"href":"https:\/\/tpmadalina42.supserv.cozmoslabs.com\/fi\/wp-json\/wp\/v2\/types\/product"}],"wp:featuredmedia":[{"embeddable":true,"href":"https:\/\/tpmadalina42.supserv.cozmoslabs.com\/fi\/wp-json\/wp\/v2\/media\/230933"}],"wp:attachment":[{"href":"https:\/\/tpmadalina42.supserv.cozmoslabs.com\/fi\/wp-json\/wp\/v2\/media?parent=230941"}],"wp:term":[{"taxonomy":"product_brand","embeddable":true,"href":"https:\/\/tpmadalina42.supserv.cozmoslabs.com\/fi\/wp-json\/wp\/v2\/product_brand?post=230941"},{"taxonomy":"product_cat","embeddable":true,"href":"https:\/\/tpmadalina42.supserv.cozmoslabs.com\/fi\/wp-json\/wp\/v2\/product_cat?post=230941"},{"taxonomy":"product_tag","embeddable":true,"href":"https:\/\/tpmadalina42.supserv.cozmoslabs.com\/fi\/wp-json\/wp\/v2\/product_tag?post=230941"}],"curies":[{"name":"wp","href":"https:\/\/api.w.org\/{rel}","templated":true}]}}