{"id":231281,"date":"2024-08-08T03:27:26","date_gmt":"2024-08-08T10:27:26","guid":{"rendered":"https:\/\/glandine.com\/product\/dolce-gabbana-elegante-steppjacke-mit-rosendruck\/"},"modified":"2024-11-30T15:24:46","modified_gmt":"2024-11-30T14:24:46","slug":"dolce-gabbana-elegante-steppjacke-mit-rosendruck","status":"publish","type":"product","link":"https:\/\/tpmadalina42.supserv.cozmoslabs.com\/fi\/tuote-2\/dolce-gabbana-elegante-steppjacke-mit-rosendruck\/","title":{"rendered":"Dolce &amp; Gabbana Elegante Steppjacke mit Rosendruck"},"content":{"rendered":"<p>G\u00f6nnen Sie sich die Opulenz von Dolce &amp; Gabbana mit dieser absolut atemberaubenden Steppjacke. Sie verk\u00f6rpert das tadellose Gesp\u00fcr der Marke f\u00fcr Design und ist mit ihrem luxuri\u00f6sen Rosenprint, dem gepolsterten Komfort und der praktischen Kapuze der Traum eines jeden Modekenners. Der durchgehende Rei\u00dfverschluss, die langen \u00c4rmel und die Rei\u00dfverschlusstaschen verleihen der Eleganz einen Hauch von Funktionalit\u00e4t.<\/p>\n<ul>\n<li>Farbe: Rosa mit Rosenmuster<\/li>\n<li>Materiaali: 100% polyesteri<\/li>\n<li>Sis\u00e4vuori: 100% polyesteri<\/li>\n<li>Alkuper\u00e4maa: Italia<\/li>\n<li>Durchgehender Rei\u00dfverschluss und Logodetails<\/li>\n<\/ul>","protected":false},"excerpt":{"rendered":"<p>G\u00f6nnen Sie sich die Opulenz von Dolce &amp; Gabbana mit dieser absolut atemberaubenden Steppjacke. Sie verk\u00f6rpert das tadellose Gesp\u00fcr der Marke f\u00fcr Design und ist mit ihrem luxuri\u00f6sen Rosenprint, dem gepolsterten Komfort und der praktischen Kapuze der Traum eines jeden Modekenners. Der durchgehende Rei\u00dfverschluss, die langen \u00c4rmel und die Rei\u00dfverschlusstaschen verleihen der Eleganz einen Hauch [&hellip;]<\/p>","protected":false},"featured_media":231273,"template":"","meta":[],"product_brand":[1620],"product_cat":[1633,1669,1623],"product_tag":[],"class_list":{"0":"post-231281","1":"product","2":"type-product","3":"status-publish","4":"has-post-thumbnail","6":"product_brand-dolce-gabbana","7":"product_cat-maenner-kleidung","8":"product_cat-jacken","9":"product_cat-kleidung","11":"first","12":"instock","13":"sale","14":"taxable","15":"shipping-taxable","16":"purchasable","17":"product-type-variable"},"_links":{"self":[{"href":"https:\/\/tpmadalina42.supserv.cozmoslabs.com\/fi\/wp-json\/wp\/v2\/product\/231281","targetHints":{"allow":["GET"]}}],"collection":[{"href":"https:\/\/tpmadalina42.supserv.cozmoslabs.com\/fi\/wp-json\/wp\/v2\/product"}],"about":[{"href":"https:\/\/tpmadalina42.supserv.cozmoslabs.com\/fi\/wp-json\/wp\/v2\/types\/product"}],"wp:featuredmedia":[{"embeddable":true,"href":"https:\/\/tpmadalina42.supserv.cozmoslabs.com\/fi\/wp-json\/wp\/v2\/media\/231273"}],"wp:attachment":[{"href":"https:\/\/tpmadalina42.supserv.cozmoslabs.com\/fi\/wp-json\/wp\/v2\/media?parent=231281"}],"wp:term":[{"taxonomy":"product_brand","embeddable":true,"href":"https:\/\/tpmadalina42.supserv.cozmoslabs.com\/fi\/wp-json\/wp\/v2\/product_brand?post=231281"},{"taxonomy":"product_cat","embeddable":true,"href":"https:\/\/tpmadalina42.supserv.cozmoslabs.com\/fi\/wp-json\/wp\/v2\/product_cat?post=231281"},{"taxonomy":"product_tag","embeddable":true,"href":"https:\/\/tpmadalina42.supserv.cozmoslabs.com\/fi\/wp-json\/wp\/v2\/product_tag?post=231281"}],"curies":[{"name":"wp","href":"https:\/\/api.w.org\/{rel}","templated":true}]}}