{"id":231402,"date":"2024-08-08T03:31:44","date_gmt":"2024-08-08T10:31:44","guid":{"rendered":"https:\/\/glandine.com\/product\/dolce-gabbana-elegantes-weisses-luxustee-mit-rundhalsausschnitt\/"},"modified":"2024-11-30T17:31:09","modified_gmt":"2024-11-30T16:31:09","slug":"dolce-gabbana-elegantes-weisses-luxustee-mit-rundhalsausschnitt","status":"publish","type":"product","link":"https:\/\/tpmadalina42.supserv.cozmoslabs.com\/fi\/tuote-2\/dolce-gabbana-elegantes-weisses-luxustee-mit-rundhalsausschnitt\/","title":{"rendered":"Dolce &amp; Gabbana Elegantes wei\u00dfes Luxustee mit Rundhalsausschnitt"},"content":{"rendered":"<p> Peppen Sie Ihr Freizeit-Outfit mit diesem 100% authentischen, absolut umwerfenden Kurzarm-T-Shirt mit Rundhalsausschnitt von Dolce &amp; Gabbana auf. Der makellose wei\u00dfe Farbton und die exquisiten Logodetails verk\u00f6rpern die charakteristische Mischung aus Eleganz und Schlichtheit der Marke, die in Italien f\u00fcr unbestreitbare Qualit\u00e4t gefertigt wird. Perfekt, um einen Hauch von Luxus in Ihre Alltagsgarderobe zu bringen. <\/p>\n<ul>\n<li>V\u00e4ri: Valkoinen<\/li>\n<li>Materiaali: 100% puuvilla<\/li>\n<li>Alkuper\u00e4maa: IT<\/li>\n<li>Logon yksityiskohdat<\/li>\n<li>Valmistettu Italiassa<\/li>\n<\/ul>","protected":false},"excerpt":{"rendered":"<p>Peppen Sie Ihr Freizeit-Outfit mit diesem 100% authentischen, absolut umwerfenden Kurzarm-T-Shirt mit Rundhalsausschnitt von Dolce &amp; Gabbana auf. Der makellose wei\u00dfe Farbton und die exquisiten Logodetails verk\u00f6rpern die charakteristische Mischung aus Eleganz und Schlichtheit der Marke, die in Italien f\u00fcr unbestreitbare Qualit\u00e4t gefertigt wird. Perfekt, um einen Hauch von Luxus in Ihre Alltagsgarderobe zu bringen. [&hellip;]<\/p>","protected":false},"featured_media":231399,"template":"","meta":[],"product_brand":[1620],"product_cat":[1633,1623,1710],"product_tag":[],"class_list":{"0":"post-231402","1":"product","2":"type-product","3":"status-publish","4":"has-post-thumbnail","6":"product_brand-dolce-gabbana","7":"product_cat-maenner-kleidung","8":"product_cat-kleidung","9":"product_cat-t-shirts","11":"first","12":"instock","13":"sale","14":"taxable","15":"shipping-taxable","16":"purchasable","17":"product-type-variable"},"_links":{"self":[{"href":"https:\/\/tpmadalina42.supserv.cozmoslabs.com\/fi\/wp-json\/wp\/v2\/product\/231402","targetHints":{"allow":["GET"]}}],"collection":[{"href":"https:\/\/tpmadalina42.supserv.cozmoslabs.com\/fi\/wp-json\/wp\/v2\/product"}],"about":[{"href":"https:\/\/tpmadalina42.supserv.cozmoslabs.com\/fi\/wp-json\/wp\/v2\/types\/product"}],"wp:featuredmedia":[{"embeddable":true,"href":"https:\/\/tpmadalina42.supserv.cozmoslabs.com\/fi\/wp-json\/wp\/v2\/media\/231399"}],"wp:attachment":[{"href":"https:\/\/tpmadalina42.supserv.cozmoslabs.com\/fi\/wp-json\/wp\/v2\/media?parent=231402"}],"wp:term":[{"taxonomy":"product_brand","embeddable":true,"href":"https:\/\/tpmadalina42.supserv.cozmoslabs.com\/fi\/wp-json\/wp\/v2\/product_brand?post=231402"},{"taxonomy":"product_cat","embeddable":true,"href":"https:\/\/tpmadalina42.supserv.cozmoslabs.com\/fi\/wp-json\/wp\/v2\/product_cat?post=231402"},{"taxonomy":"product_tag","embeddable":true,"href":"https:\/\/tpmadalina42.supserv.cozmoslabs.com\/fi\/wp-json\/wp\/v2\/product_tag?post=231402"}],"curies":[{"name":"wp","href":"https:\/\/api.w.org\/{rel}","templated":true}]}}