{"id":231624,"date":"2024-08-08T03:49:31","date_gmt":"2024-08-08T10:49:31","guid":{"rendered":"https:\/\/glandine.com\/product\/dolce-gabbana-eleganter-dunkelbrauner-kalbslederguertel\/"},"modified":"2024-11-30T17:47:39","modified_gmt":"2024-11-30T16:47:39","slug":"dolce-gabbana-eleganter-dunkelbrauner-kalbslederguertel","status":"publish","type":"product","link":"https:\/\/tpmadalina42.supserv.cozmoslabs.com\/fi\/tuote-2\/dolce-gabbana-eleganter-dunkelbrauner-kalbslederguertel\/","title":{"rendered":"Dolce &amp; Gabbana Eleganter dunkelbrauner Kalbslederg\u00fcrtel"},"content":{"rendered":"<p>Steigern Sie Ihren Stil mit diesem exquisiten dunkelbraunen G\u00fcrtel aus dem gesch\u00e4tzten Haus Dolce &amp; Gabbana. Der aus hochwertigem Kalbsleder gefertigte G\u00fcrtel verf\u00fcgt \u00fcber eine elegante Metallschnalle, die jedem Outfit einen Hauch von Luxus verleiht. Seine satte Farbe und die feine italienische Handwerkskunst machen ihn zu einem zeitlosen Accessoire f\u00fcr den anspruchsvollen Gentleman.<\/p>\n<ul>\n<li>Merkki: Dolce &amp; Gabbana<\/li>\n<li>Materiaali: 100% vasikan nahka<\/li>\n<li>Alkuper\u00e4maa: Italia<\/li>\n<li>V\u00e4ri: Tummanruskea<\/li>\n<li>Breite: 2.5cm<\/li>\n<li>Logon yksityiskohdat<\/li>\n<\/ul>","protected":false},"excerpt":{"rendered":"<p>Steigern Sie Ihren Stil mit diesem exquisiten dunkelbraunen G\u00fcrtel aus dem gesch\u00e4tzten Haus Dolce &amp; Gabbana. Der aus hochwertigem Kalbsleder gefertigte G\u00fcrtel verf\u00fcgt \u00fcber eine elegante Metallschnalle, die jedem Outfit einen Hauch von Luxus verleiht. Seine satte Farbe und die feine italienische Handwerkskunst machen ihn zu einem zeitlosen Accessoire f\u00fcr den anspruchsvollen Gentleman. Marke: Dolce [&hellip;]<\/p>","protected":false},"featured_media":231619,"template":"","meta":[],"product_brand":[1620],"product_cat":[1621,1631,1651],"product_tag":[],"class_list":{"0":"post-231624","1":"product","2":"type-product","3":"status-publish","4":"has-post-thumbnail","6":"product_brand-dolce-gabbana","7":"product_cat-accessoire","8":"product_cat-maenner-zubehoer","9":"product_cat-guertel","11":"first","12":"instock","13":"sale","14":"taxable","15":"shipping-taxable","16":"purchasable","17":"product-type-variable"},"_links":{"self":[{"href":"https:\/\/tpmadalina42.supserv.cozmoslabs.com\/fi\/wp-json\/wp\/v2\/product\/231624","targetHints":{"allow":["GET"]}}],"collection":[{"href":"https:\/\/tpmadalina42.supserv.cozmoslabs.com\/fi\/wp-json\/wp\/v2\/product"}],"about":[{"href":"https:\/\/tpmadalina42.supserv.cozmoslabs.com\/fi\/wp-json\/wp\/v2\/types\/product"}],"wp:featuredmedia":[{"embeddable":true,"href":"https:\/\/tpmadalina42.supserv.cozmoslabs.com\/fi\/wp-json\/wp\/v2\/media\/231619"}],"wp:attachment":[{"href":"https:\/\/tpmadalina42.supserv.cozmoslabs.com\/fi\/wp-json\/wp\/v2\/media?parent=231624"}],"wp:term":[{"taxonomy":"product_brand","embeddable":true,"href":"https:\/\/tpmadalina42.supserv.cozmoslabs.com\/fi\/wp-json\/wp\/v2\/product_brand?post=231624"},{"taxonomy":"product_cat","embeddable":true,"href":"https:\/\/tpmadalina42.supserv.cozmoslabs.com\/fi\/wp-json\/wp\/v2\/product_cat?post=231624"},{"taxonomy":"product_tag","embeddable":true,"href":"https:\/\/tpmadalina42.supserv.cozmoslabs.com\/fi\/wp-json\/wp\/v2\/product_tag?post=231624"}],"curies":[{"name":"wp","href":"https:\/\/api.w.org\/{rel}","templated":true}]}}