{"id":231793,"date":"2024-08-08T04:02:33","date_gmt":"2024-08-08T11:02:33","guid":{"rendered":"https:\/\/glandine.com\/product\/dolce-gabbana-eleganter-crystal-bounce-leder-guertel\/"},"modified":"2024-11-30T19:05:38","modified_gmt":"2024-11-30T18:05:38","slug":"dolce-gabbana-eleganter-crystal-bounce-leder-guertel","status":"publish","type":"product","link":"https:\/\/tpmadalina42.supserv.cozmoslabs.com\/fi\/tuote-2\/dolce-gabbana-eleganter-crystal-bounce-leder-guertel\/","title":{"rendered":"Dolce &amp; Gabbana Eleganter Crystal Bounce Leder-G\u00fcrtel"},"content":{"rendered":"<p>Akzentuieren Sie Ihre Silhouette mit dem Inbegriff von Luxus und Eleganz. Dieser <strong>Dolce &amp; Gabbana<\/strong> Tailleng\u00fcrtel, neu mit Etikett und Box, verf\u00fcgt \u00fcber eine leuchtende, kristallverzierte Schnalle, die sicher alle Blicke auf sich zieht. Der G\u00fcrtel ist perfekt, um jedem Outfit einen Hauch von Raffinesse zu verleihen. Er kombiniert hochwertiges Ziegenleder mit echtem Messing und ist damit ein langlebiges und optisch auff\u00e4lliges Accessoire. Die Schwarz- und Goldt\u00f6ne passen zu einer Vielzahl von Stilen, w\u00e4hrend die schmale Breite von 2 cm ein zartes, aber dennoch gewagtes Statement darstellt.<\/p>\n<ul>\n<li>Material: 50% Ziegenleder, 40% Echtmessing, 10% Echtkristall<\/li>\n<li>V\u00e4ri: Musta, Kulta<\/li>\n<li>Breite: 2 cm<\/li>\n<li>Verzierungen: Metallschnalle mit Logo-Gravur und Kristallen<\/li>\n<li>Alkuper\u00e4: Valmistettu Italiassa<\/li>\n<\/ul>","protected":false},"excerpt":{"rendered":"<p>Akzentuieren Sie Ihre Silhouette mit dem Inbegriff von Luxus und Eleganz. Dieser Dolce &amp; Gabbana Tailleng\u00fcrtel, neu mit Etikett und Box, verf\u00fcgt \u00fcber eine leuchtende, kristallverzierte Schnalle, die sicher alle Blicke auf sich zieht. Der G\u00fcrtel ist perfekt, um jedem Outfit einen Hauch von Raffinesse zu verleihen. Er kombiniert hochwertiges Ziegenleder mit echtem Messing und [&hellip;]<\/p>","protected":false},"featured_media":231787,"template":"","meta":[],"product_brand":[1620],"product_cat":[1621,1632,1652],"product_tag":[],"class_list":{"0":"post-231793","1":"product","2":"type-product","3":"status-publish","4":"has-post-thumbnail","6":"product_brand-dolce-gabbana","7":"product_cat-accessoire","8":"product_cat-frauen-zubehoer","9":"product_cat-guertel-frauen-zubehoer","11":"first","12":"instock","13":"sale","14":"taxable","15":"shipping-taxable","16":"purchasable","17":"product-type-variable"},"_links":{"self":[{"href":"https:\/\/tpmadalina42.supserv.cozmoslabs.com\/fi\/wp-json\/wp\/v2\/product\/231793","targetHints":{"allow":["GET"]}}],"collection":[{"href":"https:\/\/tpmadalina42.supserv.cozmoslabs.com\/fi\/wp-json\/wp\/v2\/product"}],"about":[{"href":"https:\/\/tpmadalina42.supserv.cozmoslabs.com\/fi\/wp-json\/wp\/v2\/types\/product"}],"wp:featuredmedia":[{"embeddable":true,"href":"https:\/\/tpmadalina42.supserv.cozmoslabs.com\/fi\/wp-json\/wp\/v2\/media\/231787"}],"wp:attachment":[{"href":"https:\/\/tpmadalina42.supserv.cozmoslabs.com\/fi\/wp-json\/wp\/v2\/media?parent=231793"}],"wp:term":[{"taxonomy":"product_brand","embeddable":true,"href":"https:\/\/tpmadalina42.supserv.cozmoslabs.com\/fi\/wp-json\/wp\/v2\/product_brand?post=231793"},{"taxonomy":"product_cat","embeddable":true,"href":"https:\/\/tpmadalina42.supserv.cozmoslabs.com\/fi\/wp-json\/wp\/v2\/product_cat?post=231793"},{"taxonomy":"product_tag","embeddable":true,"href":"https:\/\/tpmadalina42.supserv.cozmoslabs.com\/fi\/wp-json\/wp\/v2\/product_tag?post=231793"}],"curies":[{"name":"wp","href":"https:\/\/api.w.org\/{rel}","templated":true}]}}