{"id":231864,"date":"2024-08-08T04:06:29","date_gmt":"2024-08-08T11:06:29","guid":{"rendered":"https:\/\/glandine.com\/product\/dolce-gabbana-eleganter-beigefarbener-leder-guertel\/"},"modified":"2024-11-30T19:07:41","modified_gmt":"2024-11-30T18:07:41","slug":"dolce-gabbana-eleganter-beigefarbener-leder-guertel","status":"publish","type":"product","link":"https:\/\/tpmadalina42.supserv.cozmoslabs.com\/fi\/tuote-2\/dolce-gabbana-eleganter-beigefarbener-leder-guertel\/","title":{"rendered":"Dolce &amp; Gabbana Eleganter beigefarbener Leder-G\u00fcrtel"},"content":{"rendered":"<p>Akzentuieren Sie Ihre Silhouette mit diesem exquisiten beigen Tailleng\u00fcrtel von Dolce &amp; Gabbana. Gefertigt aus hochwertigem Leder und mit einer eleganten Metallschlie\u00dfe versehen, verleiht dieses Accessoire jedem Outfit einen Hauch von Eleganz. Er ist nicht einfach nur ein G\u00fcrtel, sondern ein Stilmerkmal, das Ihren Look mit einer Mischung aus Raffinesse und zeitloser Attraktivit\u00e4t veredelt. Hergestellt in Italien, steht er f\u00fcr Qualit\u00e4t und Luxus in jedem Zentimeter.<\/p>\n<ul>\n<li>Materiaali: nahka<\/li>\n<li>V\u00e4ri: beige<\/li>\n<li>Breite: 2cm<\/li>\n<li>Yksityiskohdat logosta<\/li>\n<li>Alkuper\u00e4maa: IT<\/li>\n<\/ul>","protected":false},"excerpt":{"rendered":"<p>Akzentuieren Sie Ihre Silhouette mit diesem exquisiten beigen Tailleng\u00fcrtel von Dolce &amp; Gabbana. Gefertigt aus hochwertigem Leder und mit einer eleganten Metallschlie\u00dfe versehen, verleiht dieses Accessoire jedem Outfit einen Hauch von Eleganz. Er ist nicht einfach nur ein G\u00fcrtel, sondern ein Stilmerkmal, das Ihren Look mit einer Mischung aus Raffinesse und zeitloser Attraktivit\u00e4t veredelt. Hergestellt [&hellip;]<\/p>","protected":false},"featured_media":231859,"template":"","meta":[],"product_brand":[1620],"product_cat":[1621,1632,1652],"product_tag":[],"class_list":{"0":"post-231864","1":"product","2":"type-product","3":"status-publish","4":"has-post-thumbnail","6":"product_brand-dolce-gabbana","7":"product_cat-accessoire","8":"product_cat-frauen-zubehoer","9":"product_cat-guertel-frauen-zubehoer","11":"first","12":"instock","13":"sale","14":"taxable","15":"shipping-taxable","16":"purchasable","17":"product-type-variable"},"_links":{"self":[{"href":"https:\/\/tpmadalina42.supserv.cozmoslabs.com\/fi\/wp-json\/wp\/v2\/product\/231864","targetHints":{"allow":["GET"]}}],"collection":[{"href":"https:\/\/tpmadalina42.supserv.cozmoslabs.com\/fi\/wp-json\/wp\/v2\/product"}],"about":[{"href":"https:\/\/tpmadalina42.supserv.cozmoslabs.com\/fi\/wp-json\/wp\/v2\/types\/product"}],"wp:featuredmedia":[{"embeddable":true,"href":"https:\/\/tpmadalina42.supserv.cozmoslabs.com\/fi\/wp-json\/wp\/v2\/media\/231859"}],"wp:attachment":[{"href":"https:\/\/tpmadalina42.supserv.cozmoslabs.com\/fi\/wp-json\/wp\/v2\/media?parent=231864"}],"wp:term":[{"taxonomy":"product_brand","embeddable":true,"href":"https:\/\/tpmadalina42.supserv.cozmoslabs.com\/fi\/wp-json\/wp\/v2\/product_brand?post=231864"},{"taxonomy":"product_cat","embeddable":true,"href":"https:\/\/tpmadalina42.supserv.cozmoslabs.com\/fi\/wp-json\/wp\/v2\/product_cat?post=231864"},{"taxonomy":"product_tag","embeddable":true,"href":"https:\/\/tpmadalina42.supserv.cozmoslabs.com\/fi\/wp-json\/wp\/v2\/product_tag?post=231864"}],"curies":[{"name":"wp","href":"https:\/\/api.w.org\/{rel}","templated":true}]}}