{"id":231911,"date":"2024-08-08T04:09:10","date_gmt":"2024-08-08T11:09:10","guid":{"rendered":"https:\/\/glandine.com\/product\/dolce-gabbana-eleganter-goldfarbener-kunstperlen-guertel-mit-blumenmuster\/"},"modified":"2024-11-30T19:08:23","modified_gmt":"2024-11-30T18:08:23","slug":"dolce-gabbana-eleganter-goldfarbener-kunstperlen-guertel-mit-blumenmuster","status":"publish","type":"product","link":"https:\/\/tpmadalina42.supserv.cozmoslabs.com\/fi\/tuote-2\/dolce-gabbana-eleganter-goldfarbener-kunstperlen-guertel-mit-blumenmuster\/","title":{"rendered":"Dolce &amp; Gabbana Eleganter goldfarbener Kunstperlen-G\u00fcrtel mit Blumenmuster"},"content":{"rendered":"<p>Versch\u00f6nern Sie Ihre Silhouette mit einem exquisiten Hauch von Eleganz. Dieser Tailleng\u00fcrtel <strong>Kirjailija: Dolce &amp; Gabbana<\/strong> ist ein Meisterwerk der Raffinesse, mit einem gl\u00e4nzenden goldfarbenen Finish, Kunstperlen und floralen Emaille-Verzierungen. Dieser G\u00fcrtel ist perfekt geeignet, um einen luxuri\u00f6sen Akzent sowohl zu legerer als auch zu formeller Kleidung zu setzen und verk\u00f6rpert das Engagement der Marke f\u00fcr hohe Handwerkskunst, die stolz in Italien hergestellt wird. Ein Accessoire, das mit seinem besonderen Charme und dem verstellbaren Schnallenverschluss jeden Look aufwertet.<\/p>\n<ul>\n<li>V\u00e4ri: Kulta<\/li>\n<li>Material: Messing, Perle und Emaille<\/li>\n<li>Alkuper\u00e4maa: IT<\/li>\n<\/ul>","protected":false},"excerpt":{"rendered":"<p>Versch\u00f6nern Sie Ihre Silhouette mit einem exquisiten Hauch von Eleganz. Dieser Tailleng\u00fcrtel von Dolce &amp; Gabbana ist ein Meisterwerk der Raffinesse, mit einem gl\u00e4nzenden goldfarbenen Finish, Kunstperlen und floralen Emaille-Verzierungen. Dieser G\u00fcrtel ist perfekt geeignet, um einen luxuri\u00f6sen Akzent sowohl zu legerer als auch zu formeller Kleidung zu setzen und verk\u00f6rpert das Engagement der Marke [&hellip;]<\/p>","protected":false},"featured_media":231903,"template":"","meta":[],"product_brand":[1620],"product_cat":[1621,1632,1652],"product_tag":[],"class_list":{"0":"post-231911","1":"product","2":"type-product","3":"status-publish","4":"has-post-thumbnail","6":"product_brand-dolce-gabbana","7":"product_cat-accessoire","8":"product_cat-frauen-zubehoer","9":"product_cat-guertel-frauen-zubehoer","11":"first","12":"instock","13":"sale","14":"taxable","15":"shipping-taxable","16":"purchasable","17":"product-type-variable"},"_links":{"self":[{"href":"https:\/\/tpmadalina42.supserv.cozmoslabs.com\/fi\/wp-json\/wp\/v2\/product\/231911","targetHints":{"allow":["GET"]}}],"collection":[{"href":"https:\/\/tpmadalina42.supserv.cozmoslabs.com\/fi\/wp-json\/wp\/v2\/product"}],"about":[{"href":"https:\/\/tpmadalina42.supserv.cozmoslabs.com\/fi\/wp-json\/wp\/v2\/types\/product"}],"wp:featuredmedia":[{"embeddable":true,"href":"https:\/\/tpmadalina42.supserv.cozmoslabs.com\/fi\/wp-json\/wp\/v2\/media\/231903"}],"wp:attachment":[{"href":"https:\/\/tpmadalina42.supserv.cozmoslabs.com\/fi\/wp-json\/wp\/v2\/media?parent=231911"}],"wp:term":[{"taxonomy":"product_brand","embeddable":true,"href":"https:\/\/tpmadalina42.supserv.cozmoslabs.com\/fi\/wp-json\/wp\/v2\/product_brand?post=231911"},{"taxonomy":"product_cat","embeddable":true,"href":"https:\/\/tpmadalina42.supserv.cozmoslabs.com\/fi\/wp-json\/wp\/v2\/product_cat?post=231911"},{"taxonomy":"product_tag","embeddable":true,"href":"https:\/\/tpmadalina42.supserv.cozmoslabs.com\/fi\/wp-json\/wp\/v2\/product_tag?post=231911"}],"curies":[{"name":"wp","href":"https:\/\/api.w.org\/{rel}","templated":true}]}}