{"id":232523,"date":"2024-08-08T05:00:13","date_gmt":"2024-08-08T12:00:13","guid":{"rendered":"https:\/\/glandine.com\/product\/dolce-gabbana-schicker-karierter-langer-trenchcoat-in-sonnigem-gelb\/"},"modified":"2024-11-30T19:26:04","modified_gmt":"2024-11-30T18:26:04","slug":"dolce-gabbana-schicker-karierter-langer-trenchcoat-in-sonnigem-gelb","status":"publish","type":"product","link":"https:\/\/tpmadalina42.supserv.cozmoslabs.com\/fi\/tuote-2\/dolce-gabbana-schicker-karierter-langer-trenchcoat-in-sonnigem-gelb\/","title":{"rendered":"Dolce &amp; Gabbana Chic ruutukuvioinen pitk\u00e4 trenssitakki aurinkoisen keltaisella v\u00e4rill\u00e4."},"content":{"rendered":"<p>Der Inbegriff von Luxus mit diesem atemberaubenden karierten langen Mantel von Dolce &amp; Gabbana. Dieser Trenchcoat mit regul\u00e4rer Passform ist eine perfekte Mischung aus High-Fashion und klassischem Stil und ein Must-Have f\u00fcr die anspruchsvolle Fashionista. Der satte gelbe Farbton verleiht Ihrem Ensemble einen lebendigen Touch, der durch exquisite Logodetails und einen raffinierten Knopfverschluss erg\u00e4nzt wird. Mit unvergleichlicher italienischer Expertise gefertigt, ist dieses St\u00fcck nicht nur ein Statement, sondern eine Investition in zeitlose Eleganz.<\/p>\n<ul>\n<li>V\u00e4ri: Keltainen<\/li>\n<li>Material: 27% Angora, 26% Polyester Film Fiber, 21% Wolle, 10% Nylon, 8% Schurwolle, 8% Mohair<\/li>\n<li>Alkuper\u00e4maa: IT<\/li>\n<\/ul>","protected":false},"excerpt":{"rendered":"<p>Der Inbegriff von Luxus mit diesem atemberaubenden karierten langen Mantel von Dolce &amp; Gabbana. Dieser Trenchcoat mit regul\u00e4rer Passform ist eine perfekte Mischung aus High-Fashion und klassischem Stil und ein Must-Have f\u00fcr die anspruchsvolle Fashionista. Der satte gelbe Farbton verleiht Ihrem Ensemble einen lebendigen Touch, der durch exquisite Logodetails und einen raffinierten Knopfverschluss erg\u00e4nzt wird. [&hellip;]<\/p>","protected":false},"featured_media":232517,"template":"","meta":[],"product_brand":[1620],"product_cat":[1637,1670,1623],"product_tag":[],"class_list":{"0":"post-232523","1":"product","2":"type-product","3":"status-publish","4":"has-post-thumbnail","6":"product_brand-dolce-gabbana","7":"product_cat-frauen-kleidung","8":"product_cat-jacken-maentel","9":"product_cat-kleidung","11":"first","12":"instock","13":"sale","14":"taxable","15":"shipping-taxable","16":"purchasable","17":"product-type-variable"},"_links":{"self":[{"href":"https:\/\/tpmadalina42.supserv.cozmoslabs.com\/fi\/wp-json\/wp\/v2\/product\/232523","targetHints":{"allow":["GET"]}}],"collection":[{"href":"https:\/\/tpmadalina42.supserv.cozmoslabs.com\/fi\/wp-json\/wp\/v2\/product"}],"about":[{"href":"https:\/\/tpmadalina42.supserv.cozmoslabs.com\/fi\/wp-json\/wp\/v2\/types\/product"}],"wp:featuredmedia":[{"embeddable":true,"href":"https:\/\/tpmadalina42.supserv.cozmoslabs.com\/fi\/wp-json\/wp\/v2\/media\/232517"}],"wp:attachment":[{"href":"https:\/\/tpmadalina42.supserv.cozmoslabs.com\/fi\/wp-json\/wp\/v2\/media?parent=232523"}],"wp:term":[{"taxonomy":"product_brand","embeddable":true,"href":"https:\/\/tpmadalina42.supserv.cozmoslabs.com\/fi\/wp-json\/wp\/v2\/product_brand?post=232523"},{"taxonomy":"product_cat","embeddable":true,"href":"https:\/\/tpmadalina42.supserv.cozmoslabs.com\/fi\/wp-json\/wp\/v2\/product_cat?post=232523"},{"taxonomy":"product_tag","embeddable":true,"href":"https:\/\/tpmadalina42.supserv.cozmoslabs.com\/fi\/wp-json\/wp\/v2\/product_tag?post=232523"}],"curies":[{"name":"wp","href":"https:\/\/api.w.org\/{rel}","templated":true}]}}