{"id":232631,"date":"2024-08-08T05:07:27","date_gmt":"2024-08-08T12:07:27","guid":{"rendered":"https:\/\/glandine.com\/product\/dolce-gabbana-elegantes-weisses-baumwoll-t-shirt-mit-halsketten-detail\/"},"modified":"2024-11-30T19:27:38","modified_gmt":"2024-11-30T18:27:38","slug":"dolce-gabbana-elegantes-weisses-baumwoll-t-shirt-mit-halsketten-detail","status":"publish","type":"product","link":"https:\/\/tpmadalina42.supserv.cozmoslabs.com\/fi\/tuote-2\/dolce-gabbana-elegantes-weisses-baumwoll-t-shirt-mit-halsketten-detail\/","title":{"rendered":"Dolce &amp; Gabbana Elegantes wei\u00dfes Baumwoll-T-Shirt mit Halsketten-Detail"},"content":{"rendered":"<p>G\u00f6nnen Sie sich die m\u00fchelose Raffinesse dieses kurz\u00e4rmeligen T-Shirts von <strong>Dolce &amp; Gabbana<\/strong>, ein Kleidungsst\u00fcck, das l\u00e4ssigen Komfort mit einem Hauch von Glamour verbindet. Mit einem einzigartigen Ketten-Detail ist dieses wei\u00dfe T-Shirt eine vielseitige Erg\u00e4nzung Ihrer Garderobe. Es ist aus feinster 100%iger Baumwolle gefertigt und f\u00fchlt sich weich und atmungsaktiv an. Dieses in Italien gefertigte St\u00fcck strahlt die Eleganz und Handwerkskunst aus, f\u00fcr die Dolce &amp; Gabbana bekannt ist.<\/p>\n<ul>\n<li>Materiaali: 100% puuvilla<\/li>\n<li>V\u00e4ri: Valkoinen<\/li>\n<li>Alkuper\u00e4maa: IT<\/li>\n<li>Logon yksityiskohdat<\/li>\n<\/ul>","protected":false},"excerpt":{"rendered":"<p>G\u00f6nnen Sie sich die m\u00fchelose Raffinesse dieses kurz\u00e4rmeligen T-Shirts von Dolce &amp; Gabbana, ein Kleidungsst\u00fcck, das l\u00e4ssigen Komfort mit einem Hauch von Glamour verbindet. Mit einem einzigartigen Ketten-Detail ist dieses wei\u00dfe T-Shirt eine vielseitige Erg\u00e4nzung Ihrer Garderobe. Es ist aus feinster 100%iger Baumwolle gefertigt und f\u00fchlt sich weich und atmungsaktiv an. Dieses in Italien gefertigte [&hellip;]<\/p>","protected":false},"featured_media":232625,"template":"","meta":[],"product_brand":[1620],"product_cat":[1637,1623,1714],"product_tag":[],"class_list":{"0":"post-232631","1":"product","2":"type-product","3":"status-publish","4":"has-post-thumbnail","6":"product_brand-dolce-gabbana","7":"product_cat-frauen-kleidung","8":"product_cat-kleidung","9":"product_cat-oberteile-t-shirts","11":"first","12":"instock","13":"sale","14":"taxable","15":"shipping-taxable","16":"purchasable","17":"product-type-variable"},"_links":{"self":[{"href":"https:\/\/tpmadalina42.supserv.cozmoslabs.com\/fi\/wp-json\/wp\/v2\/product\/232631","targetHints":{"allow":["GET"]}}],"collection":[{"href":"https:\/\/tpmadalina42.supserv.cozmoslabs.com\/fi\/wp-json\/wp\/v2\/product"}],"about":[{"href":"https:\/\/tpmadalina42.supserv.cozmoslabs.com\/fi\/wp-json\/wp\/v2\/types\/product"}],"wp:featuredmedia":[{"embeddable":true,"href":"https:\/\/tpmadalina42.supserv.cozmoslabs.com\/fi\/wp-json\/wp\/v2\/media\/232625"}],"wp:attachment":[{"href":"https:\/\/tpmadalina42.supserv.cozmoslabs.com\/fi\/wp-json\/wp\/v2\/media?parent=232631"}],"wp:term":[{"taxonomy":"product_brand","embeddable":true,"href":"https:\/\/tpmadalina42.supserv.cozmoslabs.com\/fi\/wp-json\/wp\/v2\/product_brand?post=232631"},{"taxonomy":"product_cat","embeddable":true,"href":"https:\/\/tpmadalina42.supserv.cozmoslabs.com\/fi\/wp-json\/wp\/v2\/product_cat?post=232631"},{"taxonomy":"product_tag","embeddable":true,"href":"https:\/\/tpmadalina42.supserv.cozmoslabs.com\/fi\/wp-json\/wp\/v2\/product_tag?post=232631"}],"curies":[{"name":"wp","href":"https:\/\/api.w.org\/{rel}","templated":true}]}}