{"id":233001,"date":"2024-08-08T05:41:21","date_gmt":"2024-08-08T12:41:21","guid":{"rendered":"https:\/\/glandine.com\/product\/dolce-gabbana-gold-messing-kette-crystal-floral-anhaenger-charm-halskette\/"},"modified":"2024-11-30T19:41:52","modified_gmt":"2024-11-30T18:41:52","slug":"dolce-gabbana-gold-messing-kette-crystal-floral-anhaenger-charm-halskette","status":"publish","type":"product","link":"https:\/\/tpmadalina42.supserv.cozmoslabs.com\/fi\/tuote-2\/dolce-gabbana-gold-messing-kette-crystal-floral-anhaenger-charm-halskette\/","title":{"rendered":"Dolce &amp; Gabbana Gold Messing Kette Crystal Floral Anh\u00e4nger Charm Halskette"},"content":{"rendered":"<p>DOLCE &amp; GABBANA<\/p>\n<p>Wundersch\u00f6ne Marke neu mit Tags, 100% Authentic Dolce &amp; Gabbana Kristall versch\u00f6nert Halskette.<br \/>\nMalli: Fashion kaulakoru<br \/>\nMaterial: Messing, Kristall<br \/>\nV\u00e4ri: Kulta<br \/>\nKristalle: Multicolor<br \/>\nPituus: jopa 50 cm<br \/>\nKarabinerverschluss<br \/>\nLogon yksityiskohdat<br \/>\nValmistettu Italiassa<\/p>","protected":false},"excerpt":{"rendered":"<p>DOLCE &amp; GABBANA Wundersch\u00f6ne Marke neu mit Tags, 100% Authentic Dolce &amp; Gabbana Kristall versch\u00f6nert Halskette. Modell: Mode Halskette Material: Messing, Kristall Farbe: Gold Kristalle: Multicolor L\u00e4nge: bis zu 50cm Karabinerverschluss Logo-Details Hergestellt in Italien<\/p>","protected":false},"featured_media":232995,"template":"","meta":[],"product_brand":[1620],"product_cat":[1681,1625,1638],"product_tag":[],"class_list":{"0":"post-233001","1":"product","2":"type-product","3":"status-publish","4":"has-post-thumbnail","6":"product_brand-dolce-gabbana","7":"product_cat-halsketten","8":"product_cat-schmuck","9":"product_cat-frauen-schmuck","11":"first","12":"instock","13":"sale","14":"taxable","15":"shipping-taxable","16":"purchasable","17":"product-type-simple"},"_links":{"self":[{"href":"https:\/\/tpmadalina42.supserv.cozmoslabs.com\/fi\/wp-json\/wp\/v2\/product\/233001","targetHints":{"allow":["GET"]}}],"collection":[{"href":"https:\/\/tpmadalina42.supserv.cozmoslabs.com\/fi\/wp-json\/wp\/v2\/product"}],"about":[{"href":"https:\/\/tpmadalina42.supserv.cozmoslabs.com\/fi\/wp-json\/wp\/v2\/types\/product"}],"wp:featuredmedia":[{"embeddable":true,"href":"https:\/\/tpmadalina42.supserv.cozmoslabs.com\/fi\/wp-json\/wp\/v2\/media\/232995"}],"wp:attachment":[{"href":"https:\/\/tpmadalina42.supserv.cozmoslabs.com\/fi\/wp-json\/wp\/v2\/media?parent=233001"}],"wp:term":[{"taxonomy":"product_brand","embeddable":true,"href":"https:\/\/tpmadalina42.supserv.cozmoslabs.com\/fi\/wp-json\/wp\/v2\/product_brand?post=233001"},{"taxonomy":"product_cat","embeddable":true,"href":"https:\/\/tpmadalina42.supserv.cozmoslabs.com\/fi\/wp-json\/wp\/v2\/product_cat?post=233001"},{"taxonomy":"product_tag","embeddable":true,"href":"https:\/\/tpmadalina42.supserv.cozmoslabs.com\/fi\/wp-json\/wp\/v2\/product_tag?post=233001"}],"curies":[{"name":"wp","href":"https:\/\/api.w.org\/{rel}","templated":true}]}}