{"id":233888,"date":"2024-08-08T06:43:03","date_gmt":"2024-08-08T13:43:03","guid":{"rendered":"https:\/\/glandine.com\/product\/dolce-gabbana-gruene-crystals-cotton-stretch-slim-jeans\/"},"modified":"2024-11-30T19:52:37","modified_gmt":"2024-11-30T18:52:37","slug":"dolce-gabbana-gruene-crystals-cotton-stretch-slim-jeans","status":"publish","type":"product","link":"https:\/\/tpmadalina42.supserv.cozmoslabs.com\/fi\/tuote-2\/dolce-gabbana-gruene-crystals-cotton-stretch-slim-jeans\/","title":{"rendered":"Dolce &amp; Gabbana Gr\u00fcne Crystals Cotton Stretch Slim Jeans"},"content":{"rendered":"<p>DOLCE &amp; GABBANA<\/p>\n<p>Wundersch\u00f6ne, brandneue und 100% authentische Dolce &amp; Gabbana Baumwoll-Stretch-Denim-Jeans.<br \/>\nStil: Skinny Denim<br \/>\nV\u00e4ri: Vihre\u00e4<br \/>\nIstuvuus: Kapea istuvuus<br \/>\nMaterial: 88% Baumwolle 11% Polyester 1% Elasthan<br \/>\nVetoketjukiinnitys<br \/>\nLogon yksityiskohdat<br \/>\nValmistettu Italiassa<br \/>\nEritt\u00e4in eksklusiivinen ja laadukas ty\u00f6<\/p>","protected":false},"excerpt":{"rendered":"<p>DOLCE &amp; GABBANA Wundersch\u00f6ne, brandneue und 100% authentische Dolce &amp; Gabbana Baumwoll-Stretch-Denim-Jeans. Stil: Skinny Denim Farbe: Gr\u00fcn Passform: Schmale Passform Material: 88% Baumwolle 11% Polyester 1% Elasthan Verschluss mit Rei\u00dfverschluss Logo-Details In Italien hergestellt Sehr exklusiv und hochwertig verarbeitet<\/p>","protected":false},"featured_media":233880,"template":"","meta":[],"product_brand":[1620],"product_cat":[1633,1671,1623],"product_tag":[],"class_list":{"0":"post-233888","1":"product","2":"type-product","3":"status-publish","4":"has-post-thumbnail","6":"product_brand-dolce-gabbana","7":"product_cat-maenner-kleidung","8":"product_cat-jeans-hosen","9":"product_cat-kleidung","11":"first","12":"instock","13":"sale","14":"taxable","15":"shipping-taxable","16":"purchasable","17":"product-type-variable"},"_links":{"self":[{"href":"https:\/\/tpmadalina42.supserv.cozmoslabs.com\/fi\/wp-json\/wp\/v2\/product\/233888","targetHints":{"allow":["GET"]}}],"collection":[{"href":"https:\/\/tpmadalina42.supserv.cozmoslabs.com\/fi\/wp-json\/wp\/v2\/product"}],"about":[{"href":"https:\/\/tpmadalina42.supserv.cozmoslabs.com\/fi\/wp-json\/wp\/v2\/types\/product"}],"wp:featuredmedia":[{"embeddable":true,"href":"https:\/\/tpmadalina42.supserv.cozmoslabs.com\/fi\/wp-json\/wp\/v2\/media\/233880"}],"wp:attachment":[{"href":"https:\/\/tpmadalina42.supserv.cozmoslabs.com\/fi\/wp-json\/wp\/v2\/media?parent=233888"}],"wp:term":[{"taxonomy":"product_brand","embeddable":true,"href":"https:\/\/tpmadalina42.supserv.cozmoslabs.com\/fi\/wp-json\/wp\/v2\/product_brand?post=233888"},{"taxonomy":"product_cat","embeddable":true,"href":"https:\/\/tpmadalina42.supserv.cozmoslabs.com\/fi\/wp-json\/wp\/v2\/product_cat?post=233888"},{"taxonomy":"product_tag","embeddable":true,"href":"https:\/\/tpmadalina42.supserv.cozmoslabs.com\/fi\/wp-json\/wp\/v2\/product_tag?post=233888"}],"curies":[{"name":"wp","href":"https:\/\/api.w.org\/{rel}","templated":true}]}}