{"id":234073,"date":"2024-08-08T07:00:55","date_gmt":"2024-08-08T14:00:55","guid":{"rendered":"https:\/\/glandine.com\/product\/dolce-gabbana-blau-leder-silber-metall-logo-schnalle-guertel-maenner\/"},"modified":"2024-11-30T21:09:04","modified_gmt":"2024-11-30T20:09:04","slug":"dolce-gabbana-blau-leder-silber-metall-logo-schnalle-guertel-maenner","status":"publish","type":"product","link":"https:\/\/tpmadalina42.supserv.cozmoslabs.com\/fi\/tuote-2\/dolce-gabbana-blau-leder-silber-metall-logo-schnalle-guertel-maenner\/","title":{"rendered":"Dolce &amp; Gabbana Blau Leder Silber Metall Logo Schnalle G\u00fcrtel M\u00e4nner"},"content":{"rendered":"<p>DOLCE &amp; GABBANA<\/p>\n<p>Wundersch\u00f6ner, brandneuer, 100% authentischer Dolce &amp; Gabbana G\u00fcrtel aus hochwertigem Leder mit Metallschnalle. Ein einzigartiger, auff\u00e4lliger G\u00fcrtel voller Charakter.<br \/>\nV\u00e4ri: Sininen<br \/>\nMateriaali: 100% nahka<br \/>\nBreite: 3,8 cm<br \/>\nLogon yksityiskohdat<br \/>\nValmistettu Italiassa<\/p>","protected":false},"excerpt":{"rendered":"<p>DOLCE &amp; GABBANA Wundersch\u00f6ner, brandneuer, 100% authentischer Dolce &amp; Gabbana G\u00fcrtel aus hochwertigem Leder mit Metallschnalle. Ein einzigartiger, auff\u00e4lliger G\u00fcrtel voller Charakter. Farbe: Blau Material: 100% Leder Breite: 3,8 cm Logo-Details In Italien hergestellt<\/p>","protected":false},"featured_media":234068,"template":"","meta":[],"product_brand":[1620],"product_cat":[1621,1631,1651],"product_tag":[],"class_list":{"0":"post-234073","1":"product","2":"type-product","3":"status-publish","4":"has-post-thumbnail","6":"product_brand-dolce-gabbana","7":"product_cat-accessoire","8":"product_cat-maenner-zubehoer","9":"product_cat-guertel","11":"first","12":"instock","13":"sale","14":"taxable","15":"shipping-taxable","16":"purchasable","17":"product-type-variable"},"_links":{"self":[{"href":"https:\/\/tpmadalina42.supserv.cozmoslabs.com\/fi\/wp-json\/wp\/v2\/product\/234073","targetHints":{"allow":["GET"]}}],"collection":[{"href":"https:\/\/tpmadalina42.supserv.cozmoslabs.com\/fi\/wp-json\/wp\/v2\/product"}],"about":[{"href":"https:\/\/tpmadalina42.supserv.cozmoslabs.com\/fi\/wp-json\/wp\/v2\/types\/product"}],"wp:featuredmedia":[{"embeddable":true,"href":"https:\/\/tpmadalina42.supserv.cozmoslabs.com\/fi\/wp-json\/wp\/v2\/media\/234068"}],"wp:attachment":[{"href":"https:\/\/tpmadalina42.supserv.cozmoslabs.com\/fi\/wp-json\/wp\/v2\/media?parent=234073"}],"wp:term":[{"taxonomy":"product_brand","embeddable":true,"href":"https:\/\/tpmadalina42.supserv.cozmoslabs.com\/fi\/wp-json\/wp\/v2\/product_brand?post=234073"},{"taxonomy":"product_cat","embeddable":true,"href":"https:\/\/tpmadalina42.supserv.cozmoslabs.com\/fi\/wp-json\/wp\/v2\/product_cat?post=234073"},{"taxonomy":"product_tag","embeddable":true,"href":"https:\/\/tpmadalina42.supserv.cozmoslabs.com\/fi\/wp-json\/wp\/v2\/product_tag?post=234073"}],"curies":[{"name":"wp","href":"https:\/\/api.w.org\/{rel}","templated":true}]}}