{"id":234272,"date":"2024-08-08T07:12:59","date_gmt":"2024-08-08T14:12:59","guid":{"rendered":"https:\/\/glandine.com\/product\/dolce-gabbana-gruener-seidensatin-taillenguertel-fuer-frauen-2\/"},"modified":"2024-11-30T21:32:57","modified_gmt":"2024-11-30T20:32:57","slug":"dolce-gabbana-gruener-seidensatin-taillenguertel-fuer-frauen-2","status":"publish","type":"product","link":"https:\/\/tpmadalina42.supserv.cozmoslabs.com\/fi\/tuote-2\/dolce-gabbana-gruener-seidensatin-taillenguertel-fuer-frauen-2\/","title":{"rendered":"Dolce &amp; Gabbana vihre\u00e4 silkkisatiinivy\u00f6 naisille"},"content":{"rendered":"<p>DOLCE &amp; GABBANA<\/p>\n<p>Gorgeous brandneue mit Tags und Box, 100% Authentic Dolce &amp; Gabbana G\u00fcrtel ist aus hochwertigen Materialien gefertigt.<br \/>\nModell: Tailleng\u00fcrtel<br \/>\nMateriaali: 100% silkki<br \/>\nV\u00e4ri: Vihre\u00e4<br \/>\nLogon yksityiskohdat<br \/>\nValmistettu Italiassa<\/p>","protected":false},"excerpt":{"rendered":"<p>DOLCE &amp; GABBANA Gorgeous brandneue mit Tags und Box, 100% Authentic Dolce &amp; Gabbana G\u00fcrtel ist aus hochwertigen Materialien gefertigt. Modell: Tailleng\u00fcrtel Material: 100% Seide Farbe: Gr\u00fcn Logo-Details In Italien hergestellt<\/p>","protected":false},"featured_media":234267,"template":"","meta":[],"product_brand":[1620],"product_cat":[1621,1632,1652],"product_tag":[],"class_list":{"0":"post-234272","1":"product","2":"type-product","3":"status-publish","4":"has-post-thumbnail","6":"product_brand-dolce-gabbana","7":"product_cat-accessoire","8":"product_cat-frauen-zubehoer","9":"product_cat-guertel-frauen-zubehoer","11":"first","12":"instock","13":"sale","14":"taxable","15":"shipping-taxable","16":"purchasable","17":"product-type-variable"},"_links":{"self":[{"href":"https:\/\/tpmadalina42.supserv.cozmoslabs.com\/fi\/wp-json\/wp\/v2\/product\/234272","targetHints":{"allow":["GET"]}}],"collection":[{"href":"https:\/\/tpmadalina42.supserv.cozmoslabs.com\/fi\/wp-json\/wp\/v2\/product"}],"about":[{"href":"https:\/\/tpmadalina42.supserv.cozmoslabs.com\/fi\/wp-json\/wp\/v2\/types\/product"}],"wp:featuredmedia":[{"embeddable":true,"href":"https:\/\/tpmadalina42.supserv.cozmoslabs.com\/fi\/wp-json\/wp\/v2\/media\/234267"}],"wp:attachment":[{"href":"https:\/\/tpmadalina42.supserv.cozmoslabs.com\/fi\/wp-json\/wp\/v2\/media?parent=234272"}],"wp:term":[{"taxonomy":"product_brand","embeddable":true,"href":"https:\/\/tpmadalina42.supserv.cozmoslabs.com\/fi\/wp-json\/wp\/v2\/product_brand?post=234272"},{"taxonomy":"product_cat","embeddable":true,"href":"https:\/\/tpmadalina42.supserv.cozmoslabs.com\/fi\/wp-json\/wp\/v2\/product_cat?post=234272"},{"taxonomy":"product_tag","embeddable":true,"href":"https:\/\/tpmadalina42.supserv.cozmoslabs.com\/fi\/wp-json\/wp\/v2\/product_tag?post=234272"}],"curies":[{"name":"wp","href":"https:\/\/api.w.org\/{rel}","templated":true}]}}