{"id":234284,"date":"2024-08-08T07:13:34","date_gmt":"2024-08-08T14:13:34","guid":{"rendered":"https:\/\/glandine.com\/product\/dolce-gabbana-tuerkis-silikon-hingabe-herz-abdeckung-tasche-airpods-fall\/"},"modified":"2024-12-11T06:46:54","modified_gmt":"2024-12-11T05:46:54","slug":"dolce-gabbana-tuerkis-silikon-hingabe-herz-abdeckung-tasche-airpods-fall","status":"publish","type":"product","link":"https:\/\/tpmadalina42.supserv.cozmoslabs.com\/fi\/tuote-2\/dolce-gabbana-tuerkis-silikon-hingabe-herz-abdeckung-tasche-airpods-fall\/","title":{"rendered":"Dolce &amp; Gabbana Turquoise Silicone Devotion Heart Cover Bag Airpods -kotelo"},"content":{"rendered":"<p>DOLCE &amp; GABBANA<\/p>\n<p>Wundersch\u00f6ne brandneu mit Tags und Box, 100% Authentic Dolce &amp; Gabbana Airpods Fall.<br \/>\nMit einem gesteppten Effekt, einer Logoplakette auf der Vorderseite, einem optionalen Kettenriemen und einem runden oberen Griff.<br \/>\nFarbe: T\u00fcrkis und Gold<br \/>\nModell: Airpods-Tasche<br \/>\nMaterial: 100% Silikon<br \/>\nLogon yksityiskohdat<br \/>\nValmistettu Italiassa<br \/>\nGr\u00f6\u00dfe: 8,5cm x 5,5cm x 3cm<br \/>\nRiemen: 125cm x 1cm<\/p>","protected":false},"excerpt":{"rendered":"<p>DOLCE &amp; GABBANA Wundersch\u00f6ne brandneu mit Tags und Box, 100% Authentic Dolce &amp; Gabbana Airpods Fall. Mit einem gesteppten Effekt, einer Logoplakette auf der Vorderseite, einem optionalen Kettenriemen und einem runden oberen Griff. Farbe: T\u00fcrkis und Gold Modell: Airpods-Tasche Material: 100% Silikon Logo-Details Hergestellt in Italien Gr\u00f6\u00dfe: 8,5cm x 5,5cm x 3cm Riemen: 125cm x [&hellip;]<\/p>","protected":false},"featured_media":234277,"template":"","meta":[],"product_brand":[1620],"product_cat":[1621,1632,1683],"product_tag":[],"class_list":{"0":"post-234284","1":"product","2":"type-product","3":"status-publish","4":"has-post-thumbnail","6":"product_brand-dolce-gabbana","7":"product_cat-accessoire","8":"product_cat-frauen-zubehoer","9":"product_cat-andere-frauen-zubehoer","11":"first","12":"instock","13":"sale","14":"taxable","15":"shipping-taxable","16":"purchasable","17":"product-type-simple"},"_links":{"self":[{"href":"https:\/\/tpmadalina42.supserv.cozmoslabs.com\/fi\/wp-json\/wp\/v2\/product\/234284","targetHints":{"allow":["GET"]}}],"collection":[{"href":"https:\/\/tpmadalina42.supserv.cozmoslabs.com\/fi\/wp-json\/wp\/v2\/product"}],"about":[{"href":"https:\/\/tpmadalina42.supserv.cozmoslabs.com\/fi\/wp-json\/wp\/v2\/types\/product"}],"wp:featuredmedia":[{"embeddable":true,"href":"https:\/\/tpmadalina42.supserv.cozmoslabs.com\/fi\/wp-json\/wp\/v2\/media\/234277"}],"wp:attachment":[{"href":"https:\/\/tpmadalina42.supserv.cozmoslabs.com\/fi\/wp-json\/wp\/v2\/media?parent=234284"}],"wp:term":[{"taxonomy":"product_brand","embeddable":true,"href":"https:\/\/tpmadalina42.supserv.cozmoslabs.com\/fi\/wp-json\/wp\/v2\/product_brand?post=234284"},{"taxonomy":"product_cat","embeddable":true,"href":"https:\/\/tpmadalina42.supserv.cozmoslabs.com\/fi\/wp-json\/wp\/v2\/product_cat?post=234284"},{"taxonomy":"product_tag","embeddable":true,"href":"https:\/\/tpmadalina42.supserv.cozmoslabs.com\/fi\/wp-json\/wp\/v2\/product_tag?post=234284"}],"curies":[{"name":"wp","href":"https:\/\/api.w.org\/{rel}","templated":true}]}}