{"id":235423,"date":"2024-08-08T08:29:19","date_gmt":"2024-08-08T15:29:19","guid":{"rendered":"https:\/\/glandine.com\/product\/gran-sasso-elegantes-t-shirt-aus-grauer-baumwolle\/"},"modified":"2024-11-30T22:07:45","modified_gmt":"2024-11-30T21:07:45","slug":"gran-sasso-elegantes-t-shirt-aus-grauer-baumwolle","status":"publish","type":"product","link":"https:\/\/tpmadalina42.supserv.cozmoslabs.com\/fi\/tuote-2\/gran-sasso-elegantes-t-shirt-aus-grauer-baumwolle\/","title":{"rendered":"Gran Sasso Elegant t-paita harmaasta puuvillasta"},"content":{"rendered":"<p>Tutustu italialaisen rennon eleganssin ruumiillisteluun puuvillaisella Gran Sasso T-paidallamme. T\u00e4m\u00e4 hienoimmasta puuvillasta valmistettu t-paita huokuu hienostuneisuutta ja tarjoaa vertaansa vailla olevaa mukavuutta. Hienovarainen harmaas\u00e4vy varmistaa, ett\u00e4 se voidaan yhdist\u00e4\u00e4 mihin tahansa kokonaisuuteen ja tekee siit\u00e4 olennaisen lis\u00e4yksen vaatekaappiisi.<\/p>\n<ul>\n<li>Materiaali: puuvilla<\/li>\n<li>Alkuper\u00e4maa: IT<\/li>\n<li>V\u00e4ri: Harmaa<\/li>\n<\/ul>","protected":false},"excerpt":{"rendered":"<p>Entdecken Sie den Inbegriff italienischer l\u00e4ssiger Eleganz mit unserem Gran Sasso T-Shirt aus Baumwolle. Gefertigt aus feinster Baumwolle, strahlt dieses T-Shirt Raffinesse aus und bietet gleichzeitig unvergleichlichen Komfort. Der dezente Grauton sorgt f\u00fcr eine vielseitige Kombinierbarkeit mit jedem Ensemble und macht es zu einer unverzichtbaren Erg\u00e4nzung Ihrer Garderobe. Material: Baumwolle Herkunftsland: IT Farbe: Grau<\/p>","protected":false},"featured_media":235419,"template":"","meta":[],"product_brand":[2561],"product_cat":[1633,1623,1710],"product_tag":[],"class_list":{"0":"post-235423","1":"product","2":"type-product","3":"status-publish","4":"has-post-thumbnail","6":"product_brand-gran-sasso","7":"product_cat-maenner-kleidung","8":"product_cat-kleidung","9":"product_cat-t-shirts","11":"first","12":"instock","13":"sale","14":"taxable","15":"shipping-taxable","16":"purchasable","17":"product-type-variable"},"_links":{"self":[{"href":"https:\/\/tpmadalina42.supserv.cozmoslabs.com\/fi\/wp-json\/wp\/v2\/product\/235423","targetHints":{"allow":["GET"]}}],"collection":[{"href":"https:\/\/tpmadalina42.supserv.cozmoslabs.com\/fi\/wp-json\/wp\/v2\/product"}],"about":[{"href":"https:\/\/tpmadalina42.supserv.cozmoslabs.com\/fi\/wp-json\/wp\/v2\/types\/product"}],"wp:featuredmedia":[{"embeddable":true,"href":"https:\/\/tpmadalina42.supserv.cozmoslabs.com\/fi\/wp-json\/wp\/v2\/media\/235419"}],"wp:attachment":[{"href":"https:\/\/tpmadalina42.supserv.cozmoslabs.com\/fi\/wp-json\/wp\/v2\/media?parent=235423"}],"wp:term":[{"taxonomy":"product_brand","embeddable":true,"href":"https:\/\/tpmadalina42.supserv.cozmoslabs.com\/fi\/wp-json\/wp\/v2\/product_brand?post=235423"},{"taxonomy":"product_cat","embeddable":true,"href":"https:\/\/tpmadalina42.supserv.cozmoslabs.com\/fi\/wp-json\/wp\/v2\/product_cat?post=235423"},{"taxonomy":"product_tag","embeddable":true,"href":"https:\/\/tpmadalina42.supserv.cozmoslabs.com\/fi\/wp-json\/wp\/v2\/product_tag?post=235423"}],"curies":[{"name":"wp","href":"https:\/\/api.w.org\/{rel}","templated":true}]}}