{"id":235777,"date":"2024-08-08T08:47:36","date_gmt":"2024-08-08T15:47:36","guid":{"rendered":"https:\/\/glandine.com\/product\/peuterey-schicke-blaue-polyamid-jacke-fuer-anspruchsvollen-stil\/"},"modified":"2024-12-13T11:35:16","modified_gmt":"2024-12-13T10:35:16","slug":"peuterey-schicke-blaue-polyamid-jacke-fuer-anspruchsvollen-stil","status":"publish","type":"product","link":"https:\/\/tpmadalina42.supserv.cozmoslabs.com\/fi\/tuote-2\/peuterey-schicke-blaue-polyamid-jacke-fuer-anspruchsvollen-stil\/","title":{"rendered":"Peuterey Chic sininen polyamiditakki hienostuneeseen tyyliin"},"content":{"rendered":"<p>Peppen Sie Ihre Oberbekleidungskollektion mit der Raffinesse von Peuterey auf. Diese exquisite blaue Jacke ist sorgf\u00e4ltig aus hochwertigem Polyamid gefertigt und garantiert Langlebigkeit und Komfort. Mit diesem Must-Have f\u00fcr alle, die einen Hauch von Luxus in ihrer Alltagskleidung suchen, k\u00f6nnen Sie m\u00fchelos Stil und h\u00f6chste Qualit\u00e4t genie\u00dfen.<\/p>\n<p>Herkunftsland: RO<br \/>V\u00e4ri: Sininen<br \/>Materiaali: polyamidi<\/p>","protected":false},"excerpt":{"rendered":"<p>Peppen Sie Ihre Oberbekleidungskollektion mit der Raffinesse von Peuterey auf. Diese exquisite blaue Jacke ist sorgf\u00e4ltig aus hochwertigem Polyamid gefertigt und garantiert Langlebigkeit und Komfort. Mit diesem Must-Have f\u00fcr alle, die einen Hauch von Luxus in ihrer Alltagskleidung suchen, k\u00f6nnen Sie m\u00fchelos Stil und h\u00f6chste Qualit\u00e4t genie\u00dfen. Herkunftsland: ROFarbe: BlauMaterial: Polyamid<\/p>","protected":false},"featured_media":235771,"template":"","meta":[],"product_brand":[2223],"product_cat":[1637,1670,1623],"product_tag":[],"class_list":{"0":"post-235777","1":"product","2":"type-product","3":"status-publish","4":"has-post-thumbnail","6":"product_brand-peuterey","7":"product_cat-frauen-kleidung","8":"product_cat-jacken-maentel","9":"product_cat-kleidung","11":"first","12":"instock","13":"sale","14":"taxable","15":"shipping-taxable","16":"purchasable","17":"product-type-variable"},"_links":{"self":[{"href":"https:\/\/tpmadalina42.supserv.cozmoslabs.com\/fi\/wp-json\/wp\/v2\/product\/235777","targetHints":{"allow":["GET"]}}],"collection":[{"href":"https:\/\/tpmadalina42.supserv.cozmoslabs.com\/fi\/wp-json\/wp\/v2\/product"}],"about":[{"href":"https:\/\/tpmadalina42.supserv.cozmoslabs.com\/fi\/wp-json\/wp\/v2\/types\/product"}],"wp:featuredmedia":[{"embeddable":true,"href":"https:\/\/tpmadalina42.supserv.cozmoslabs.com\/fi\/wp-json\/wp\/v2\/media\/235771"}],"wp:attachment":[{"href":"https:\/\/tpmadalina42.supserv.cozmoslabs.com\/fi\/wp-json\/wp\/v2\/media?parent=235777"}],"wp:term":[{"taxonomy":"product_brand","embeddable":true,"href":"https:\/\/tpmadalina42.supserv.cozmoslabs.com\/fi\/wp-json\/wp\/v2\/product_brand?post=235777"},{"taxonomy":"product_cat","embeddable":true,"href":"https:\/\/tpmadalina42.supserv.cozmoslabs.com\/fi\/wp-json\/wp\/v2\/product_cat?post=235777"},{"taxonomy":"product_tag","embeddable":true,"href":"https:\/\/tpmadalina42.supserv.cozmoslabs.com\/fi\/wp-json\/wp\/v2\/product_tag?post=235777"}],"curies":[{"name":"wp","href":"https:\/\/api.w.org\/{rel}","templated":true}]}}