{"id":235859,"date":"2024-08-08T17:52:27","date_gmt":"2024-08-08T15:52:27","guid":{"rendered":"https:\/\/glandine.com\/product\/peuterey-blaue-polyester-jacken-mantel\/"},"modified":"2024-12-13T12:02:16","modified_gmt":"2024-12-13T11:02:16","slug":"peuterey-blaue-polyester-jacken-mantel","status":"publish","type":"product","link":"https:\/\/tpmadalina42.supserv.cozmoslabs.com\/fi\/tuote-2\/peuterey-blaue-polyester-jacken-mantel\/","title":{"rendered":"Peuterey sininen polyesteri takit &amp; takki"},"content":{"rendered":"<p>Blaue wattierte Jacke mit Peuterey-Fellkragen. Frontverschluss mit verdecktem Rei\u00dfverschluss und Druckkn\u00f6pfen, zwei Seitentaschen mit Patten und Druckknopf verschlossen, mit Band verziert, Ton-in-Ton-Logo auf dem \u00c4rmel und Manschetten mit verstellbarem Band. Hemdkragen und abnehmbarer Pelz. Schnittmuster: YISKA. Zusammensetzung: 100% Polyester. Fuchspelz.-Sku innen:24FEB23<\/p>","protected":false},"excerpt":{"rendered":"<p>Blaue wattierte Jacke mit Peuterey-Fellkragen. Frontverschluss mit verdecktem Rei\u00dfverschluss und Druckkn\u00f6pfen, zwei Seitentaschen mit Patten und Druckknopf verschlossen, mit Band verziert, Ton-in-Ton-Logo auf dem \u00c4rmel und Manschetten mit verstellbarem Band. Hemdkragen und abnehmbarer Pelz. Schnittmuster: YISKA. Zusammensetzung: 100% Polyester. Fuchspelz.-Sku innen:24FEB23<\/p>","protected":false},"featured_media":235853,"template":"","meta":[],"product_brand":[2223],"product_cat":[1637,1670,1623],"product_tag":[],"class_list":{"0":"post-235859","1":"product","2":"type-product","3":"status-publish","4":"has-post-thumbnail","6":"product_brand-peuterey","7":"product_cat-frauen-kleidung","8":"product_cat-jacken-maentel","9":"product_cat-kleidung","11":"first","12":"instock","13":"sale","14":"taxable","15":"shipping-taxable","16":"purchasable","17":"product-type-variable"},"_links":{"self":[{"href":"https:\/\/tpmadalina42.supserv.cozmoslabs.com\/fi\/wp-json\/wp\/v2\/product\/235859","targetHints":{"allow":["GET"]}}],"collection":[{"href":"https:\/\/tpmadalina42.supserv.cozmoslabs.com\/fi\/wp-json\/wp\/v2\/product"}],"about":[{"href":"https:\/\/tpmadalina42.supserv.cozmoslabs.com\/fi\/wp-json\/wp\/v2\/types\/product"}],"wp:featuredmedia":[{"embeddable":true,"href":"https:\/\/tpmadalina42.supserv.cozmoslabs.com\/fi\/wp-json\/wp\/v2\/media\/235853"}],"wp:attachment":[{"href":"https:\/\/tpmadalina42.supserv.cozmoslabs.com\/fi\/wp-json\/wp\/v2\/media?parent=235859"}],"wp:term":[{"taxonomy":"product_brand","embeddable":true,"href":"https:\/\/tpmadalina42.supserv.cozmoslabs.com\/fi\/wp-json\/wp\/v2\/product_brand?post=235859"},{"taxonomy":"product_cat","embeddable":true,"href":"https:\/\/tpmadalina42.supserv.cozmoslabs.com\/fi\/wp-json\/wp\/v2\/product_cat?post=235859"},{"taxonomy":"product_tag","embeddable":true,"href":"https:\/\/tpmadalina42.supserv.cozmoslabs.com\/fi\/wp-json\/wp\/v2\/product_tag?post=235859"}],"curies":[{"name":"wp","href":"https:\/\/api.w.org\/{rel}","templated":true}]}}