{"id":236371,"date":"2024-08-08T09:21:02","date_gmt":"2024-08-08T16:21:02","guid":{"rendered":"https:\/\/glandine.com\/product\/lardini-elegante-rosa-viskosehose-fuer-schicken-stil\/"},"modified":"2024-11-30T22:32:36","modified_gmt":"2024-11-30T21:32:36","slug":"lardini-elegante-rosa-viskosehose-fuer-schicken-stil","status":"publish","type":"product","link":"https:\/\/tpmadalina42.supserv.cozmoslabs.com\/fi\/tuote-2\/lardini-elegante-rosa-viskosehose-fuer-schicken-stil\/","title":{"rendered":"Lardini Elegante rosa Viskosehose f\u00fcr schicken Stil"},"content":{"rendered":"<p>Bringen Sie einen Hauch italienischer Eleganz in Ihre Garderobe mit dieser raffinierten rosa Hose von Lardini. Diese Hose ist eine perfekte Mischung aus Stil und Komfort und wurde aus feinster Viskose gefertigt, die f\u00fcr eine glatte, flie\u00dfende Silhouette sorgt. Setzen Sie ein Statement mit dieser luxuri\u00f6sen Hose, die Ihren Alltagslook mit m\u00fcheloser Anmut aufwertet.<\/p>\n<ul>\n<li>Materiaali: viskoosi<\/li>\n<li>Alkuper\u00e4maa: IT<\/li>\n<li>V\u00e4ri: Pinkki<\/li>\n<\/ul>","protected":false},"excerpt":{"rendered":"<p>Bringen Sie einen Hauch italienischer Eleganz in Ihre Garderobe mit dieser raffinierten rosa Hose von Lardini. Diese Hose ist eine perfekte Mischung aus Stil und Komfort und wurde aus feinster Viskose gefertigt, die f\u00fcr eine glatte, flie\u00dfende Silhouette sorgt. Setzen Sie ein Statement mit dieser luxuri\u00f6sen Hose, die Ihren Alltagslook mit m\u00fcheloser Anmut aufwertet. Material: [&hellip;]<\/p>","protected":false},"featured_media":236365,"template":"","meta":[],"product_brand":[2401],"product_cat":[1637,1686,1623],"product_tag":[],"class_list":{"0":"post-236371","1":"product","2":"type-product","3":"status-publish","4":"has-post-thumbnail","6":"product_brand-lardini","7":"product_cat-frauen-kleidung","8":"product_cat-jeans-hosen-frauen-kleidung","9":"product_cat-kleidung","11":"first","12":"instock","13":"sale","14":"taxable","15":"shipping-taxable","16":"purchasable","17":"product-type-variable"},"_links":{"self":[{"href":"https:\/\/tpmadalina42.supserv.cozmoslabs.com\/fi\/wp-json\/wp\/v2\/product\/236371","targetHints":{"allow":["GET"]}}],"collection":[{"href":"https:\/\/tpmadalina42.supserv.cozmoslabs.com\/fi\/wp-json\/wp\/v2\/product"}],"about":[{"href":"https:\/\/tpmadalina42.supserv.cozmoslabs.com\/fi\/wp-json\/wp\/v2\/types\/product"}],"wp:featuredmedia":[{"embeddable":true,"href":"https:\/\/tpmadalina42.supserv.cozmoslabs.com\/fi\/wp-json\/wp\/v2\/media\/236365"}],"wp:attachment":[{"href":"https:\/\/tpmadalina42.supserv.cozmoslabs.com\/fi\/wp-json\/wp\/v2\/media?parent=236371"}],"wp:term":[{"taxonomy":"product_brand","embeddable":true,"href":"https:\/\/tpmadalina42.supserv.cozmoslabs.com\/fi\/wp-json\/wp\/v2\/product_brand?post=236371"},{"taxonomy":"product_cat","embeddable":true,"href":"https:\/\/tpmadalina42.supserv.cozmoslabs.com\/fi\/wp-json\/wp\/v2\/product_cat?post=236371"},{"taxonomy":"product_tag","embeddable":true,"href":"https:\/\/tpmadalina42.supserv.cozmoslabs.com\/fi\/wp-json\/wp\/v2\/product_tag?post=236371"}],"curies":[{"name":"wp","href":"https:\/\/api.w.org\/{rel}","templated":true}]}}