{"id":236702,"date":"2024-08-08T09:45:39","date_gmt":"2024-08-08T16:45:39","guid":{"rendered":"https:\/\/glandine.com\/product\/bottega-veneta-elegantes-kleid-aus-brauner-viskose\/"},"modified":"2024-11-30T22:44:52","modified_gmt":"2024-11-30T21:44:52","slug":"bottega-veneta-elegantes-kleid-aus-brauner-viskose","status":"publish","type":"product","link":"https:\/\/tpmadalina42.supserv.cozmoslabs.com\/fi\/tuote-2\/bottega-veneta-elegantes-kleid-aus-brauner-viskose\/","title":{"rendered":"Bottega Veneta Tyylik\u00e4s mekko ruskeasta viskoosista"},"content":{"rendered":"<p>Entdecken Sie die Raffinesse dieses eleganten braunen Kleides, das die Hingabe von Bottega Veneta f\u00fcr Luxus und Stil widerspiegelt. Das exquisite Viskosematerial ist perfekt f\u00fcr jede gehobene Veranstaltung und bietet sowohl Komfort als auch einen schmeichelhaften Faltenwurf, der jede Figur umschmeichelt. Dieses in Italien gefertigte Kleidungsst\u00fcck spricht B\u00e4nde \u00fcber Handwerkskunst und High Fashion. Verstr\u00f6men Sie Eleganz und Selbstbewusstsein mit diesem zeitlosen Kleidungsst\u00fcck.<\/p>\n<ul>\n<li>Materiaali: viskoosi<\/li>\n<li>Alkuper\u00e4maa: IT<\/li>\n<li>V\u00e4ri: Ruskea<\/li>\n<li>Marke: Bottega Veneta<\/li>\n<\/ul>","protected":false},"excerpt":{"rendered":"<p>Entdecken Sie die Raffinesse dieses eleganten braunen Kleides, das die Hingabe von Bottega Veneta f\u00fcr Luxus und Stil widerspiegelt. Das exquisite Viskosematerial ist perfekt f\u00fcr jede gehobene Veranstaltung und bietet sowohl Komfort als auch einen schmeichelhaften Faltenwurf, der jede Figur umschmeichelt. Dieses in Italien gefertigte Kleidungsst\u00fcck spricht B\u00e4nde \u00fcber Handwerkskunst und High Fashion. Verstr\u00f6men Sie [&hellip;]<\/p>","protected":false},"featured_media":236699,"template":"","meta":[],"product_brand":[2342],"product_cat":[1637,1659,1623],"product_tag":[],"class_list":{"0":"post-236702","1":"product","2":"type-product","3":"status-publish","4":"has-post-thumbnail","6":"product_brand-bottega-veneta","7":"product_cat-frauen-kleidung","8":"product_cat-kleider","9":"product_cat-kleidung","11":"first","12":"instock","13":"sale","14":"taxable","15":"shipping-taxable","16":"purchasable","17":"product-type-variable"},"_links":{"self":[{"href":"https:\/\/tpmadalina42.supserv.cozmoslabs.com\/fi\/wp-json\/wp\/v2\/product\/236702","targetHints":{"allow":["GET"]}}],"collection":[{"href":"https:\/\/tpmadalina42.supserv.cozmoslabs.com\/fi\/wp-json\/wp\/v2\/product"}],"about":[{"href":"https:\/\/tpmadalina42.supserv.cozmoslabs.com\/fi\/wp-json\/wp\/v2\/types\/product"}],"wp:featuredmedia":[{"embeddable":true,"href":"https:\/\/tpmadalina42.supserv.cozmoslabs.com\/fi\/wp-json\/wp\/v2\/media\/236699"}],"wp:attachment":[{"href":"https:\/\/tpmadalina42.supserv.cozmoslabs.com\/fi\/wp-json\/wp\/v2\/media?parent=236702"}],"wp:term":[{"taxonomy":"product_brand","embeddable":true,"href":"https:\/\/tpmadalina42.supserv.cozmoslabs.com\/fi\/wp-json\/wp\/v2\/product_brand?post=236702"},{"taxonomy":"product_cat","embeddable":true,"href":"https:\/\/tpmadalina42.supserv.cozmoslabs.com\/fi\/wp-json\/wp\/v2\/product_cat?post=236702"},{"taxonomy":"product_tag","embeddable":true,"href":"https:\/\/tpmadalina42.supserv.cozmoslabs.com\/fi\/wp-json\/wp\/v2\/product_tag?post=236702"}],"curies":[{"name":"wp","href":"https:\/\/api.w.org\/{rel}","templated":true}]}}