{"id":236769,"date":"2024-08-08T09:48:38","date_gmt":"2024-08-08T16:48:38","guid":{"rendered":"https:\/\/glandine.com\/product\/lardini-elegante-montone-lederjacke-braun\/"},"modified":"2024-11-30T22:46:38","modified_gmt":"2024-11-30T21:46:38","slug":"lardini-elegante-montone-lederjacke-braun","status":"publish","type":"product","link":"https:\/\/tpmadalina42.supserv.cozmoslabs.com\/fi\/tuote-2\/lardini-elegante-montone-lederjacke-braun\/","title":{"rendered":"Lardini Elegant Montone nahkatakki ruskea"},"content":{"rendered":"<p>Korosta eleganssiasi kiehtovalla Lardinin Montone-nahkatakilla, joka on osoitus italialaisesta k\u00e4sity\u00f6st\u00e4 ja ajattomasta tyylist\u00e4. T\u00e4m\u00e4 t\u00e4ydellisesti r\u00e4\u00e4t\u00e4l\u00f6ity vaatekaappiisi t\u00e4ydent\u00e4v\u00e4 takki lupaa olla perusvaruste jokaiseen tilaisuuteen, joka vaatii ripaus eleganssia.<\/p>\n<ul>\n<li>Materiaali: Montone<\/li>\n<li>Alkuper\u00e4maa: IT<\/li>\n<li>V\u00e4ri: Ruskea<\/li>\n<\/ul>","protected":false},"excerpt":{"rendered":"<p>Erh\u00f6hen Sie Ihre Eleganz mit der faszinierenden Lederjacke Montone von Lardini, einem Zeugnis italienischer Handwerkskunst und zeitlosen Stils. Perfekt zugeschnitten, um Ihre Garderobe zu erg\u00e4nzen, verspricht diese Jacke ein Hauptbestandteil f\u00fcr jede Gelegenheit zu sein, die einen Hauch von Eleganz verlangt. Material: Montone Herkunftsland: IT Farbe: Braun<\/p>","protected":false},"featured_media":236765,"template":"","meta":[],"product_brand":[2401],"product_cat":[1633,1669,1623],"product_tag":[],"class_list":{"0":"post-236769","1":"product","2":"type-product","3":"status-publish","4":"has-post-thumbnail","6":"product_brand-lardini","7":"product_cat-maenner-kleidung","8":"product_cat-jacken","9":"product_cat-kleidung","11":"first","12":"instock","13":"sale","14":"taxable","15":"shipping-taxable","16":"purchasable","17":"product-type-variable"},"_links":{"self":[{"href":"https:\/\/tpmadalina42.supserv.cozmoslabs.com\/fi\/wp-json\/wp\/v2\/product\/236769","targetHints":{"allow":["GET"]}}],"collection":[{"href":"https:\/\/tpmadalina42.supserv.cozmoslabs.com\/fi\/wp-json\/wp\/v2\/product"}],"about":[{"href":"https:\/\/tpmadalina42.supserv.cozmoslabs.com\/fi\/wp-json\/wp\/v2\/types\/product"}],"wp:featuredmedia":[{"embeddable":true,"href":"https:\/\/tpmadalina42.supserv.cozmoslabs.com\/fi\/wp-json\/wp\/v2\/media\/236765"}],"wp:attachment":[{"href":"https:\/\/tpmadalina42.supserv.cozmoslabs.com\/fi\/wp-json\/wp\/v2\/media?parent=236769"}],"wp:term":[{"taxonomy":"product_brand","embeddable":true,"href":"https:\/\/tpmadalina42.supserv.cozmoslabs.com\/fi\/wp-json\/wp\/v2\/product_brand?post=236769"},{"taxonomy":"product_cat","embeddable":true,"href":"https:\/\/tpmadalina42.supserv.cozmoslabs.com\/fi\/wp-json\/wp\/v2\/product_cat?post=236769"},{"taxonomy":"product_tag","embeddable":true,"href":"https:\/\/tpmadalina42.supserv.cozmoslabs.com\/fi\/wp-json\/wp\/v2\/product_tag?post=236769"}],"curies":[{"name":"wp","href":"https:\/\/api.w.org\/{rel}","templated":true}]}}