{"id":237048,"date":"2024-08-08T10:02:37","date_gmt":"2024-08-08T17:02:37","guid":{"rendered":"https:\/\/glandine.com\/product\/kenzo-elegantes-weisses-baumwolltop-fuer-frauen\/"},"modified":"2024-11-30T22:51:11","modified_gmt":"2024-11-30T21:51:11","slug":"kenzo-elegantes-weisses-baumwolltop-fuer-frauen","status":"publish","type":"product","link":"https:\/\/tpmadalina42.supserv.cozmoslabs.com\/fi\/tuote-2\/kenzo-elegantes-weisses-baumwolltop-fuer-frauen\/","title":{"rendered":"Kenzo Elegant valkoinen puuvillapaita naisille"},"content":{"rendered":"<p>Koe t\u00e4ydellinen yhdistelm\u00e4 yksinkertaisuutta ja eleganssia t\u00e4ss\u00e4 virheett\u00f6m\u00e4ss\u00e4 valkoisessa puuvillapussissa. Ajaton kappale, joka huokuu hienostuneisuutta ja sopii kaikille, jotka arvostavat muodin hienoja yksityiskohtia. T\u00e4m\u00e4 mukavuutta ja tyyli\u00e4 lupaava toppi parantaa jokap\u00e4iv\u00e4ist\u00e4 el\u00e4m\u00e4\u00e4si ja on vaatekaappisi v\u00e4ltt\u00e4m\u00e4t\u00f6n osa.<\/p>\n<p>Merkki: Kenzo<\/p>\n<ul>\n<li>Materiaali: puuvilla<\/li>\n<li>Alkuper\u00e4maa: PT<\/li>\n<li>V\u00e4ri: Valkoinen<\/li>\n<\/ul>","protected":false},"excerpt":{"rendered":"<p>Erleben Sie die perfekte Mischung aus Schlichtheit und Eleganz mit diesem makellosen wei\u00dfen Baumwolltop. Ein zeitloses St\u00fcck, das Raffinesse ausstrahlt und ideal f\u00fcr alle ist, die die feinen Details in der Mode zu sch\u00e4tzen wissen. Dieses Oberteil, das Ihren Alltag aufwertet, verspricht Komfort und Stil und ist ein Muss f\u00fcr Ihre Garderobe. Marke: Kenzo Material: [&hellip;]<\/p>","protected":false},"featured_media":237045,"template":"","meta":[],"product_brand":[2427],"product_cat":[1637,1623,1714],"product_tag":[],"class_list":{"0":"post-237048","1":"product","2":"type-product","3":"status-publish","4":"has-post-thumbnail","6":"product_brand-kenzo","7":"product_cat-frauen-kleidung","8":"product_cat-kleidung","9":"product_cat-oberteile-t-shirts","11":"first","12":"instock","13":"sale","14":"taxable","15":"shipping-taxable","16":"purchasable","17":"product-type-variable"},"_links":{"self":[{"href":"https:\/\/tpmadalina42.supserv.cozmoslabs.com\/fi\/wp-json\/wp\/v2\/product\/237048","targetHints":{"allow":["GET"]}}],"collection":[{"href":"https:\/\/tpmadalina42.supserv.cozmoslabs.com\/fi\/wp-json\/wp\/v2\/product"}],"about":[{"href":"https:\/\/tpmadalina42.supserv.cozmoslabs.com\/fi\/wp-json\/wp\/v2\/types\/product"}],"wp:featuredmedia":[{"embeddable":true,"href":"https:\/\/tpmadalina42.supserv.cozmoslabs.com\/fi\/wp-json\/wp\/v2\/media\/237045"}],"wp:attachment":[{"href":"https:\/\/tpmadalina42.supserv.cozmoslabs.com\/fi\/wp-json\/wp\/v2\/media?parent=237048"}],"wp:term":[{"taxonomy":"product_brand","embeddable":true,"href":"https:\/\/tpmadalina42.supserv.cozmoslabs.com\/fi\/wp-json\/wp\/v2\/product_brand?post=237048"},{"taxonomy":"product_cat","embeddable":true,"href":"https:\/\/tpmadalina42.supserv.cozmoslabs.com\/fi\/wp-json\/wp\/v2\/product_cat?post=237048"},{"taxonomy":"product_tag","embeddable":true,"href":"https:\/\/tpmadalina42.supserv.cozmoslabs.com\/fi\/wp-json\/wp\/v2\/product_tag?post=237048"}],"curies":[{"name":"wp","href":"https:\/\/api.w.org\/{rel}","templated":true}]}}