{"id":237219,"date":"2024-08-08T19:11:39","date_gmt":"2024-08-08T17:11:39","guid":{"rendered":"https:\/\/glandine.com\/product\/ambush-hochwertiger-roter-baumwollpullover\/"},"modified":"2024-12-13T12:26:49","modified_gmt":"2024-12-13T11:26:49","slug":"ambush-hochwertiger-roter-baumwollpullover","status":"publish","type":"product","link":"https:\/\/tpmadalina42.supserv.cozmoslabs.com\/fi\/tuote-2\/ambush-hochwertiger-roter-baumwollpullover\/","title":{"rendered":"Ambush Korkealaatuinen punainen puuvillaneule"},"content":{"rendered":"<p>Esittelyss\u00e4 &quot;Ambush&quot; Elevated Red Cotton Sweater \u2013 muodikas must-have jokaiselle, joka etsii v\u00e4ri\u00e4 ja mukavuutta vaatekaappiinsa. T\u00e4m\u00e4 Portugalin arvostettujen k\u00e4sity\u00f6l\u00e4isten hienoimmasta puuvillasta valmistettu villapaita ilment\u00e4\u00e4 sek\u00e4 ylellisyytt\u00e4 ett\u00e4 rentoa hienostuneisuutta, joten se on ihanteellinen valinta useisiin tilaisuuksiin.<\/p>\n<p>V\u00e4ri: punainen<br \/>Materiaali: puuvilla<br \/>Alkuper\u00e4maa: PT<\/p>","protected":false},"excerpt":{"rendered":"<p>Wir stellen den &#8222;Ambush&#8220; Elevated Red Cotton Sweater vor &#8211; ein modisches Must-have f\u00fcr alle, die auf der Suche nach einem farblichen Akzent und hohem Tragekomfort f\u00fcr ihre Garderobe sind. Gefertigt aus feinster Baumwolle und von gesch\u00e4tzten Kunsthandwerkern in Portugal, verk\u00f6rpert dieser Pullover sowohl Luxus als auch l\u00e4ssige Raffinesse, was ihn zu einer idealen Wahl [&hellip;]<\/p>","protected":false},"featured_media":237216,"template":"","meta":[],"product_brand":[2571],"product_cat":[1633,1623],"product_tag":[],"class_list":{"0":"post-237219","1":"product","2":"type-product","3":"status-publish","4":"has-post-thumbnail","6":"product_brand-ambush","7":"product_cat-maenner-kleidung","8":"product_cat-kleidung","10":"first","11":"instock","12":"sale","13":"taxable","14":"shipping-taxable","15":"purchasable","16":"product-type-variable"},"_links":{"self":[{"href":"https:\/\/tpmadalina42.supserv.cozmoslabs.com\/fi\/wp-json\/wp\/v2\/product\/237219","targetHints":{"allow":["GET"]}}],"collection":[{"href":"https:\/\/tpmadalina42.supserv.cozmoslabs.com\/fi\/wp-json\/wp\/v2\/product"}],"about":[{"href":"https:\/\/tpmadalina42.supserv.cozmoslabs.com\/fi\/wp-json\/wp\/v2\/types\/product"}],"wp:featuredmedia":[{"embeddable":true,"href":"https:\/\/tpmadalina42.supserv.cozmoslabs.com\/fi\/wp-json\/wp\/v2\/media\/237216"}],"wp:attachment":[{"href":"https:\/\/tpmadalina42.supserv.cozmoslabs.com\/fi\/wp-json\/wp\/v2\/media?parent=237219"}],"wp:term":[{"taxonomy":"product_brand","embeddable":true,"href":"https:\/\/tpmadalina42.supserv.cozmoslabs.com\/fi\/wp-json\/wp\/v2\/product_brand?post=237219"},{"taxonomy":"product_cat","embeddable":true,"href":"https:\/\/tpmadalina42.supserv.cozmoslabs.com\/fi\/wp-json\/wp\/v2\/product_cat?post=237219"},{"taxonomy":"product_tag","embeddable":true,"href":"https:\/\/tpmadalina42.supserv.cozmoslabs.com\/fi\/wp-json\/wp\/v2\/product_tag?post=237219"}],"curies":[{"name":"wp","href":"https:\/\/api.w.org\/{rel}","templated":true}]}}