{"id":238123,"date":"2024-08-08T11:19:18","date_gmt":"2024-08-08T18:19:18","guid":{"rendered":"https:\/\/glandine.com\/product\/dsquared%c2%b2-blaues-modal-t-shirt-mit-kurzen-aermeln-und-rundhalsausschnitt\/"},"modified":"2024-11-30T23:08:03","modified_gmt":"2024-11-30T22:08:03","slug":"dsquared%c2%b2-blaues-modal-t-shirt-mit-kurzen-aermeln-und-rundhalsausschnitt","status":"publish","type":"product","link":"https:\/\/tpmadalina42.supserv.cozmoslabs.com\/fi\/tuote-2\/dsquared\u00b2-blaues-modal-t-shirt-mit-kurzen-aermeln-und-rundhalsausschnitt\/","title":{"rendered":"Dsquared\u00b2 Sininen modaali T-paita, jossa lyhyet hihat ja py\u00f6re\u00e4 p\u00e4\u00e4ntie"},"content":{"rendered":"<p>DSQUARED2<\/p>\n<p>T\u00e4ysin upea, aito 100% aito upouusi tunnisteilla DSQUARED2 t-paita, joka on valmistettu modaalisesta stretch-materiaalista, ja siin\u00e4 on lyhyet hihat ja py\u00f6re\u00e4 p\u00e4\u00e4ntie.<br \/>\nMalli: Lyhythihainen T-paita<br \/>\nV\u00e4ri: Sininen<br \/>\nMateriaali: 95% Modal 5% elastaani<br \/>\nIstuvuus: Normaali istuvuus<br \/>\nLogon yksityiskohdat<br \/>\nValmistettu Italiassa<\/p>","protected":false},"excerpt":{"rendered":"<p>DSQUARED2 Absolut atemberaubend, 100% authentisch brandneu mit Tags DSQUARED2 T-Shirt aus Modal Stretch gefertigt verf\u00fcgt \u00fcber kurze \u00c4rmel und Rundhalsausschnitt. Modell: Kurzarm-T-Shirt Farbe: Blau Material: 95% Modal 5% Elastan Passform: Normale Passform Logo-Details In Italien hergestellt<\/p>","protected":false},"featured_media":238118,"template":"","meta":[],"product_brand":[1989],"product_cat":[1633,1623,1710],"product_tag":[],"class_list":{"0":"post-238123","1":"product","2":"type-product","3":"status-publish","4":"has-post-thumbnail","6":"product_brand-dsquared","7":"product_cat-maenner-kleidung","8":"product_cat-kleidung","9":"product_cat-t-shirts","11":"first","12":"instock","13":"sale","14":"taxable","15":"shipping-taxable","16":"purchasable","17":"product-type-variable"},"_links":{"self":[{"href":"https:\/\/tpmadalina42.supserv.cozmoslabs.com\/fi\/wp-json\/wp\/v2\/product\/238123","targetHints":{"allow":["GET"]}}],"collection":[{"href":"https:\/\/tpmadalina42.supserv.cozmoslabs.com\/fi\/wp-json\/wp\/v2\/product"}],"about":[{"href":"https:\/\/tpmadalina42.supserv.cozmoslabs.com\/fi\/wp-json\/wp\/v2\/types\/product"}],"wp:featuredmedia":[{"embeddable":true,"href":"https:\/\/tpmadalina42.supserv.cozmoslabs.com\/fi\/wp-json\/wp\/v2\/media\/238118"}],"wp:attachment":[{"href":"https:\/\/tpmadalina42.supserv.cozmoslabs.com\/fi\/wp-json\/wp\/v2\/media?parent=238123"}],"wp:term":[{"taxonomy":"product_brand","embeddable":true,"href":"https:\/\/tpmadalina42.supserv.cozmoslabs.com\/fi\/wp-json\/wp\/v2\/product_brand?post=238123"},{"taxonomy":"product_cat","embeddable":true,"href":"https:\/\/tpmadalina42.supserv.cozmoslabs.com\/fi\/wp-json\/wp\/v2\/product_cat?post=238123"},{"taxonomy":"product_tag","embeddable":true,"href":"https:\/\/tpmadalina42.supserv.cozmoslabs.com\/fi\/wp-json\/wp\/v2\/product_tag?post=238123"}],"curies":[{"name":"wp","href":"https:\/\/api.w.org\/{rel}","templated":true}]}}