{"id":238628,"date":"2024-08-08T12:06:35","date_gmt":"2024-08-08T19:06:35","guid":{"rendered":"https:\/\/glandine.com\/product\/dsquared%c2%b2-gelbes-bunt-bedrucktes-langaermeliges-top-t-shirt\/"},"modified":"2024-11-30T23:24:22","modified_gmt":"2024-11-30T22:24:22","slug":"dsquared%c2%b2-gelbes-bunt-bedrucktes-langaermeliges-top-t-shirt","status":"publish","type":"product","link":"https:\/\/tpmadalina42.supserv.cozmoslabs.com\/fi\/tuote-2\/dsquared\u00b2-gelbes-bunt-bedrucktes-langaermeliges-top-t-shirt\/","title":{"rendered":"Dsquared\u00b2 Gelbes bunt bedrucktes lang\u00e4rmeliges Top T-shirt"},"content":{"rendered":"<p>DSQUARED2<\/p>\n<p>Absolut atemberaubend, 100% authentisch, brandneue DSQUARED2 T-Shirt aus Baumwollmischung gefertigt verf\u00fcgt \u00fcber lange \u00c4rmel und Rundhalsausschnitt.<br \/>\nModell: Freizeit-T-Shirt<br \/>\nFarbe: Gelb mit buntem Druck<br \/>\nLogon yksityiskohdat<br \/>\nValmistettu Italiassa<br \/>\nMateriaali: 100% puuvilla<\/p>\n<p><strong>T\u00e4st\u00e4 tuotteesta puuttuu DSquared2-paperitarra <\/strong><\/p>","protected":false},"excerpt":{"rendered":"<p>DSQUARED2 Absolut atemberaubend, 100% authentisch, brandneue DSQUARED2 T-Shirt aus Baumwollmischung gefertigt verf\u00fcgt \u00fcber lange \u00c4rmel und Rundhalsausschnitt. Modell: Freizeit-T-Shirt Farbe: Gelb mit buntem Druck Logo-Details Hergestellt in Italien Material: 100% Baumwolle Diesem Artikel fehlt das DSquared2 Papieretikett<\/p>","protected":false},"featured_media":238623,"template":"","meta":[],"product_brand":[1989],"product_cat":[1633,1623,1710],"product_tag":[],"class_list":{"0":"post-238628","1":"product","2":"type-product","3":"status-publish","4":"has-post-thumbnail","6":"product_brand-dsquared","7":"product_cat-maenner-kleidung","8":"product_cat-kleidung","9":"product_cat-t-shirts","11":"first","12":"instock","13":"sale","14":"taxable","15":"shipping-taxable","16":"purchasable","17":"product-type-variable"},"_links":{"self":[{"href":"https:\/\/tpmadalina42.supserv.cozmoslabs.com\/fi\/wp-json\/wp\/v2\/product\/238628","targetHints":{"allow":["GET"]}}],"collection":[{"href":"https:\/\/tpmadalina42.supserv.cozmoslabs.com\/fi\/wp-json\/wp\/v2\/product"}],"about":[{"href":"https:\/\/tpmadalina42.supserv.cozmoslabs.com\/fi\/wp-json\/wp\/v2\/types\/product"}],"wp:featuredmedia":[{"embeddable":true,"href":"https:\/\/tpmadalina42.supserv.cozmoslabs.com\/fi\/wp-json\/wp\/v2\/media\/238623"}],"wp:attachment":[{"href":"https:\/\/tpmadalina42.supserv.cozmoslabs.com\/fi\/wp-json\/wp\/v2\/media?parent=238628"}],"wp:term":[{"taxonomy":"product_brand","embeddable":true,"href":"https:\/\/tpmadalina42.supserv.cozmoslabs.com\/fi\/wp-json\/wp\/v2\/product_brand?post=238628"},{"taxonomy":"product_cat","embeddable":true,"href":"https:\/\/tpmadalina42.supserv.cozmoslabs.com\/fi\/wp-json\/wp\/v2\/product_cat?post=238628"},{"taxonomy":"product_tag","embeddable":true,"href":"https:\/\/tpmadalina42.supserv.cozmoslabs.com\/fi\/wp-json\/wp\/v2\/product_tag?post=238628"}],"curies":[{"name":"wp","href":"https:\/\/api.w.org\/{rel}","templated":true}]}}