{"id":238660,"date":"2024-08-08T12:09:36","date_gmt":"2024-08-08T19:09:36","guid":{"rendered":"https:\/\/glandine.com\/product\/dsquared%c2%b2-orangefarbenes-bunt-bedrucktes-langarm-t-shirt\/"},"modified":"2024-11-30T23:25:04","modified_gmt":"2024-11-30T22:25:04","slug":"dsquared%c2%b2-orangefarbenes-bunt-bedrucktes-langarm-t-shirt","status":"publish","type":"product","link":"https:\/\/tpmadalina42.supserv.cozmoslabs.com\/fi\/tuote-2\/dsquared\u00b2-orangefarbenes-bunt-bedrucktes-langarm-t-shirt\/","title":{"rendered":"Dsquared\u00b2 Orangefarbenes bunt bedrucktes Langarm-T-Shirt"},"content":{"rendered":"<p>DSQUARED2<\/p>\n<p>Absolut atemberaubend, 100% authentisch, brandneue DSQUARED2 T-Shirt aus Baumwollmischung gefertigt verf\u00fcgt \u00fcber lange \u00c4rmel und Rundhalsausschnitt.<br \/>\nModell: Freizeit-T-Shirt<br \/>\nFarbe: Orange mit buntem Logodruck<br \/>\nLogon yksityiskohdat<br \/>\nValmistettu Italiassa<br \/>\nMateriaali: 100% puuvilla<\/p>\n<p><strong>T\u00e4st\u00e4 tuotteesta puuttuu DSquared2-paperitarra.<\/strong><\/p>","protected":false},"excerpt":{"rendered":"<p>DSQUARED2 Absolut atemberaubend, 100% authentisch, brandneue DSQUARED2 T-Shirt aus Baumwollmischung gefertigt verf\u00fcgt \u00fcber lange \u00c4rmel und Rundhalsausschnitt. Modell: Freizeit-T-Shirt Farbe: Orange mit buntem Logodruck Logo-Details In Italien hergestellt Material: 100% Baumwolle Bei diesem Artikel fehlt das DSquared2-Papieretikett.<\/p>","protected":false},"featured_media":238655,"template":"","meta":[],"product_brand":[1989],"product_cat":[1633,1623,1710],"product_tag":[],"class_list":{"0":"post-238660","1":"product","2":"type-product","3":"status-publish","4":"has-post-thumbnail","6":"product_brand-dsquared","7":"product_cat-maenner-kleidung","8":"product_cat-kleidung","9":"product_cat-t-shirts","11":"first","12":"instock","13":"sale","14":"taxable","15":"shipping-taxable","16":"purchasable","17":"product-type-variable"},"_links":{"self":[{"href":"https:\/\/tpmadalina42.supserv.cozmoslabs.com\/fi\/wp-json\/wp\/v2\/product\/238660","targetHints":{"allow":["GET"]}}],"collection":[{"href":"https:\/\/tpmadalina42.supserv.cozmoslabs.com\/fi\/wp-json\/wp\/v2\/product"}],"about":[{"href":"https:\/\/tpmadalina42.supserv.cozmoslabs.com\/fi\/wp-json\/wp\/v2\/types\/product"}],"wp:featuredmedia":[{"embeddable":true,"href":"https:\/\/tpmadalina42.supserv.cozmoslabs.com\/fi\/wp-json\/wp\/v2\/media\/238655"}],"wp:attachment":[{"href":"https:\/\/tpmadalina42.supserv.cozmoslabs.com\/fi\/wp-json\/wp\/v2\/media?parent=238660"}],"wp:term":[{"taxonomy":"product_brand","embeddable":true,"href":"https:\/\/tpmadalina42.supserv.cozmoslabs.com\/fi\/wp-json\/wp\/v2\/product_brand?post=238660"},{"taxonomy":"product_cat","embeddable":true,"href":"https:\/\/tpmadalina42.supserv.cozmoslabs.com\/fi\/wp-json\/wp\/v2\/product_cat?post=238660"},{"taxonomy":"product_tag","embeddable":true,"href":"https:\/\/tpmadalina42.supserv.cozmoslabs.com\/fi\/wp-json\/wp\/v2\/product_tag?post=238660"}],"curies":[{"name":"wp","href":"https:\/\/api.w.org\/{rel}","templated":true}]}}