{"id":238804,"date":"2024-08-08T12:23:14","date_gmt":"2024-08-08T19:23:14","guid":{"rendered":"https:\/\/glandine.com\/product\/dsquared%c2%b2-orange-baumwolle-lange-aermel-maenner-pullover-pullover\/"},"modified":"2024-11-30T23:28:53","modified_gmt":"2024-11-30T22:28:53","slug":"dsquared%c2%b2-orange-baumwolle-lange-aermel-maenner-pullover-pullover","status":"publish","type":"product","link":"https:\/\/tpmadalina42.supserv.cozmoslabs.com\/fi\/tuote-2\/dsquared\u00b2-orange-baumwolle-lange-aermel-maenner-pullover-pullover\/","title":{"rendered":"Dsquared\u00b2 Orange Baumwolle Lange \u00c4rmel M\u00e4nner Pullover Pullover"},"content":{"rendered":"<p>DSQUARED2<\/p>\n<p>Aivan upea, 100% aito, upouusi DSQUARED2-pusero, joka on valmistettu puuvillasekoitteesta ja jossa on pitk\u00e4t hihat ja py\u00f6re\u00e4 p\u00e4\u00e4ntie.<br \/>\nModell: L\u00e4ssiger Strickpulli<br \/>\nV\u00e4ri: Oranssi<br \/>\nLogon yksityiskohdat<br \/>\nValmistettu Italiassa<br \/>\nMaterial: 95% Baumwolle 2% Mohair 2% Alpaka 1% Polyamid<\/p>\n<p><strong>T\u00e4st\u00e4 tuotteesta puuttuu DSquared2-paperitarra.<\/strong><\/p>","protected":false},"excerpt":{"rendered":"<p>DSQUARED2 Absolut atemberaubend, 100% authentisch, brandneue DSQUARED2 Pullover aus Baumwollmischung gefertigt verf\u00fcgt \u00fcber lange \u00c4rmel und Rundhalsausschnitt. Modell: L\u00e4ssiger Strickpulli Farbe: Orange Logo-Details Hergestellt in Italien Material: 95% Baumwolle 2% Mohair 2% Alpaka 1% Polyamid Bei diesem Artikel fehlt das DSquared2-Papieretikett.<\/p>","protected":false},"featured_media":238799,"template":"","meta":[],"product_brand":[1989],"product_cat":[1633,1623],"product_tag":[],"class_list":{"0":"post-238804","1":"product","2":"type-product","3":"status-publish","4":"has-post-thumbnail","6":"product_brand-dsquared","7":"product_cat-maenner-kleidung","8":"product_cat-kleidung","10":"first","11":"instock","12":"sale","13":"taxable","14":"shipping-taxable","15":"purchasable","16":"product-type-variable"},"_links":{"self":[{"href":"https:\/\/tpmadalina42.supserv.cozmoslabs.com\/fi\/wp-json\/wp\/v2\/product\/238804","targetHints":{"allow":["GET"]}}],"collection":[{"href":"https:\/\/tpmadalina42.supserv.cozmoslabs.com\/fi\/wp-json\/wp\/v2\/product"}],"about":[{"href":"https:\/\/tpmadalina42.supserv.cozmoslabs.com\/fi\/wp-json\/wp\/v2\/types\/product"}],"wp:featuredmedia":[{"embeddable":true,"href":"https:\/\/tpmadalina42.supserv.cozmoslabs.com\/fi\/wp-json\/wp\/v2\/media\/238799"}],"wp:attachment":[{"href":"https:\/\/tpmadalina42.supserv.cozmoslabs.com\/fi\/wp-json\/wp\/v2\/media?parent=238804"}],"wp:term":[{"taxonomy":"product_brand","embeddable":true,"href":"https:\/\/tpmadalina42.supserv.cozmoslabs.com\/fi\/wp-json\/wp\/v2\/product_brand?post=238804"},{"taxonomy":"product_cat","embeddable":true,"href":"https:\/\/tpmadalina42.supserv.cozmoslabs.com\/fi\/wp-json\/wp\/v2\/product_cat?post=238804"},{"taxonomy":"product_tag","embeddable":true,"href":"https:\/\/tpmadalina42.supserv.cozmoslabs.com\/fi\/wp-json\/wp\/v2\/product_tag?post=238804"}],"curies":[{"name":"wp","href":"https:\/\/api.w.org\/{rel}","templated":true}]}}