{"id":238927,"date":"2024-08-08T12:34:10","date_gmt":"2024-08-08T19:34:10","guid":{"rendered":"https:\/\/glandine.com\/product\/dsquared%c2%b2-fuchsia-sterne-verschoenertes-kleid-mit-langen-aermeln\/"},"modified":"2024-11-30T23:34:52","modified_gmt":"2024-11-30T22:34:52","slug":"dsquared%c2%b2-fuchsia-sterne-verschoenertes-kleid-mit-langen-aermeln","status":"publish","type":"product","link":"https:\/\/tpmadalina42.supserv.cozmoslabs.com\/fi\/tuote-2\/dsquared\u00b2-fuchsia-sterne-verschoenertes-kleid-mit-langen-aermeln\/","title":{"rendered":"Dsquared\u00b2 Fuchsia Sterne versch\u00f6nertes Kleid mit langen \u00c4rmeln"},"content":{"rendered":"<p>DSQUARED2<\/p>\n<p>Wundersch\u00f6nes brandneues, 100% authentisches DSQUARED2 lang\u00e4rmeliges Kleid in A-Linie mit Verzierungen.<br \/>\nModell: Lang\u00e4rmeliges Kleid<br \/>\nV\u00e4ri: fuksia<br \/>\nKnopfverschluss hinten<br \/>\nLogon yksityiskohdat<br \/>\nMateriaali: 100% viskoosi<\/p>\n<p><strong>T\u00e4st\u00e4 tuotteesta puuttuu DSquared2-paperitarra.<\/strong><\/p>","protected":false},"excerpt":{"rendered":"<p>DSQUARED2 Wundersch\u00f6nes brandneues, 100% authentisches DSQUARED2 lang\u00e4rmeliges Kleid in A-Linie mit Verzierungen. Modell: Lang\u00e4rmeliges Kleid Farbe: Fuchsia Knopfverschluss hinten Logo-Details Material: 100% Viskose Bei diesem Artikel fehlt das DSquared2-Papieretikett.<\/p>","protected":false},"featured_media":238923,"template":"","meta":[],"product_brand":[1989],"product_cat":[1637,1659,1623],"product_tag":[],"class_list":{"0":"post-238927","1":"product","2":"type-product","3":"status-publish","4":"has-post-thumbnail","6":"product_brand-dsquared","7":"product_cat-frauen-kleidung","8":"product_cat-kleider","9":"product_cat-kleidung","11":"first","12":"instock","13":"sale","14":"taxable","15":"shipping-taxable","16":"purchasable","17":"product-type-variable"},"_links":{"self":[{"href":"https:\/\/tpmadalina42.supserv.cozmoslabs.com\/fi\/wp-json\/wp\/v2\/product\/238927","targetHints":{"allow":["GET"]}}],"collection":[{"href":"https:\/\/tpmadalina42.supserv.cozmoslabs.com\/fi\/wp-json\/wp\/v2\/product"}],"about":[{"href":"https:\/\/tpmadalina42.supserv.cozmoslabs.com\/fi\/wp-json\/wp\/v2\/types\/product"}],"wp:featuredmedia":[{"embeddable":true,"href":"https:\/\/tpmadalina42.supserv.cozmoslabs.com\/fi\/wp-json\/wp\/v2\/media\/238923"}],"wp:attachment":[{"href":"https:\/\/tpmadalina42.supserv.cozmoslabs.com\/fi\/wp-json\/wp\/v2\/media?parent=238927"}],"wp:term":[{"taxonomy":"product_brand","embeddable":true,"href":"https:\/\/tpmadalina42.supserv.cozmoslabs.com\/fi\/wp-json\/wp\/v2\/product_brand?post=238927"},{"taxonomy":"product_cat","embeddable":true,"href":"https:\/\/tpmadalina42.supserv.cozmoslabs.com\/fi\/wp-json\/wp\/v2\/product_cat?post=238927"},{"taxonomy":"product_tag","embeddable":true,"href":"https:\/\/tpmadalina42.supserv.cozmoslabs.com\/fi\/wp-json\/wp\/v2\/product_tag?post=238927"}],"curies":[{"name":"wp","href":"https:\/\/api.w.org\/{rel}","templated":true}]}}