{"id":239014,"date":"2024-08-09T23:19:54","date_gmt":"2024-08-10T06:19:54","guid":{"rendered":"https:\/\/glandine.com\/product\/dolce-gabbana-elegante-seidenfliege-lila-gepunktet\/"},"modified":"2024-11-29T15:48:07","modified_gmt":"2024-11-29T14:48:07","slug":"dolce-gabbana-elegante-seidenfliege-lila-gepunktet","status":"publish","type":"product","link":"https:\/\/tpmadalina42.supserv.cozmoslabs.com\/fi\/tuote-2\/dolce-gabbana-elegante-seidenfliege-lila-gepunktet\/","title":{"rendered":"Dolce &amp; Gabbana Elegante Seidenfliege lila gepunktet"},"content":{"rendered":"<p>Verstr\u00f6men Sie Eleganz bei Ihrer n\u00e4chsten formellen Veranstaltung mit dieser authentischen, brandneuen Fliege von <strong>Dolce &amp; Gabbana<\/strong>. Ihr violett gepunktetes Design verleiht jedem Anzug einen Hauch von Luxus. Die Fliege ist aus feinster 100%iger Seide gefertigt und verf\u00fcgt \u00fcber ein verstellbares Nackenband, um die perfekte Passform f\u00fcr jeden Tr\u00e4ger zu gew\u00e4hrleisten. Dieses exklusive Accessoire wird in Italien hergestellt und mit Original-Etiketten und einer Markentasche geliefert.<\/p>\n<ul>\n<li>V\u00e4ri: violetti<\/li>\n<li>Materiaali: 100% silkki<\/li>\n<li>Alkuper\u00e4maa: IT<\/li>\n<\/ul>","protected":false},"excerpt":{"rendered":"<p>Verstr\u00f6men Sie Eleganz bei Ihrer n\u00e4chsten formellen Veranstaltung mit dieser authentischen, brandneuen Fliege von Dolce &amp; Gabbana. Ihr violett gepunktetes Design verleiht jedem Anzug einen Hauch von Luxus. Die Fliege ist aus feinster 100%iger Seide gefertigt und verf\u00fcgt \u00fcber ein verstellbares Nackenband, um die perfekte Passform f\u00fcr jeden Tr\u00e4ger zu gew\u00e4hrleisten. Dieses exklusive Accessoire wird [&hellip;]<\/p>","protected":false},"featured_media":239012,"template":"","meta":[],"product_brand":[1620],"product_cat":[1621,1631,1712],"product_tag":[],"class_list":{"0":"post-239014","1":"product","2":"type-product","3":"status-publish","4":"has-post-thumbnail","6":"product_brand-dolce-gabbana","7":"product_cat-accessoire","8":"product_cat-maenner-zubehoer","9":"product_cat-krawatten-fliegen","11":"first","12":"instock","13":"sale","14":"taxable","15":"shipping-taxable","16":"purchasable","17":"product-type-simple"},"_links":{"self":[{"href":"https:\/\/tpmadalina42.supserv.cozmoslabs.com\/fi\/wp-json\/wp\/v2\/product\/239014","targetHints":{"allow":["GET"]}}],"collection":[{"href":"https:\/\/tpmadalina42.supserv.cozmoslabs.com\/fi\/wp-json\/wp\/v2\/product"}],"about":[{"href":"https:\/\/tpmadalina42.supserv.cozmoslabs.com\/fi\/wp-json\/wp\/v2\/types\/product"}],"wp:featuredmedia":[{"embeddable":true,"href":"https:\/\/tpmadalina42.supserv.cozmoslabs.com\/fi\/wp-json\/wp\/v2\/media\/239012"}],"wp:attachment":[{"href":"https:\/\/tpmadalina42.supserv.cozmoslabs.com\/fi\/wp-json\/wp\/v2\/media?parent=239014"}],"wp:term":[{"taxonomy":"product_brand","embeddable":true,"href":"https:\/\/tpmadalina42.supserv.cozmoslabs.com\/fi\/wp-json\/wp\/v2\/product_brand?post=239014"},{"taxonomy":"product_cat","embeddable":true,"href":"https:\/\/tpmadalina42.supserv.cozmoslabs.com\/fi\/wp-json\/wp\/v2\/product_cat?post=239014"},{"taxonomy":"product_tag","embeddable":true,"href":"https:\/\/tpmadalina42.supserv.cozmoslabs.com\/fi\/wp-json\/wp\/v2\/product_tag?post=239014"}],"curies":[{"name":"wp","href":"https:\/\/api.w.org\/{rel}","templated":true}]}}