{"id":239039,"date":"2024-08-09T23:25:10","date_gmt":"2024-08-10T06:25:10","guid":{"rendered":"https:\/\/glandine.com\/product\/dolce-gabbana-elegantes-florales-seidenstirnband-diadem\/"},"modified":"2024-11-29T16:00:24","modified_gmt":"2024-11-29T15:00:24","slug":"dolce-gabbana-elegantes-florales-seidenstirnband-diadem","status":"publish","type":"product","link":"https:\/\/tpmadalina42.supserv.cozmoslabs.com\/fi\/tuote-2\/dolce-gabbana-elegantes-florales-seidenstirnband-diadem\/","title":{"rendered":"Dolce &amp; Gabbana Elegantes florales Seidenstirnband Diadem"},"content":{"rendered":"<p>Entdecken Sie den Inbegriff von italienischem Luxus mit diesem exquisiten Stirnband <strong>Kirjailija: Dolce &amp; Gabbana<\/strong>. Perfekt verarbeitet, kommt es neu mit Etiketten und seiner Originalverpackung, um Authentizit\u00e4t und Exzellenz zu gew\u00e4hrleisten. Dieses Diadem im Stil eines Diadems ist mit einem wundersch\u00f6nen schwarzen und mehrfarbigen Blumenschmetterlingsmuster verziert und zeugt von Raffinesse. Es ist nicht nur ein umwerfendes Accessoire, sondern auch ein seltener Fund, der jedes Ensemble aufwertet. Das in Italien hergestellte Diadem ist ein Symbol f\u00fcr Handwerkskunst und eine exklusive Erg\u00e4nzung f\u00fcr jede Garderobe.<\/p>\n<ul>\n<li>V\u00e4ri: Moniv\u00e4rinen<\/li>\n<li>Materiaali: 100% silkki<\/li>\n<li>Alkuper\u00e4maa: IT<\/li>\n<\/ul>","protected":false},"excerpt":{"rendered":"<p>Entdecken Sie den Inbegriff von italienischem Luxus mit diesem exquisiten Stirnband von Dolce &amp; Gabbana. Perfekt verarbeitet, kommt es neu mit Etiketten und seiner Originalverpackung, um Authentizit\u00e4t und Exzellenz zu gew\u00e4hrleisten. Dieses Diadem im Stil eines Diadems ist mit einem wundersch\u00f6nen schwarzen und mehrfarbigen Blumenschmetterlingsmuster verziert und zeugt von Raffinesse. Es ist nicht nur ein [&hellip;]<\/p>","protected":false},"featured_media":239034,"template":"","meta":[],"product_brand":[1620],"product_cat":[1621,1632,1668],"product_tag":[],"class_list":{"0":"post-239039","1":"product","2":"type-product","3":"status-publish","4":"has-post-thumbnail","6":"product_brand-dolce-gabbana","7":"product_cat-accessoire","8":"product_cat-frauen-zubehoer","9":"product_cat-haarbaender","11":"first","12":"instock","13":"sale","14":"taxable","15":"shipping-taxable","16":"purchasable","17":"product-type-simple"},"_links":{"self":[{"href":"https:\/\/tpmadalina42.supserv.cozmoslabs.com\/fi\/wp-json\/wp\/v2\/product\/239039","targetHints":{"allow":["GET"]}}],"collection":[{"href":"https:\/\/tpmadalina42.supserv.cozmoslabs.com\/fi\/wp-json\/wp\/v2\/product"}],"about":[{"href":"https:\/\/tpmadalina42.supserv.cozmoslabs.com\/fi\/wp-json\/wp\/v2\/types\/product"}],"wp:featuredmedia":[{"embeddable":true,"href":"https:\/\/tpmadalina42.supserv.cozmoslabs.com\/fi\/wp-json\/wp\/v2\/media\/239034"}],"wp:attachment":[{"href":"https:\/\/tpmadalina42.supserv.cozmoslabs.com\/fi\/wp-json\/wp\/v2\/media?parent=239039"}],"wp:term":[{"taxonomy":"product_brand","embeddable":true,"href":"https:\/\/tpmadalina42.supserv.cozmoslabs.com\/fi\/wp-json\/wp\/v2\/product_brand?post=239039"},{"taxonomy":"product_cat","embeddable":true,"href":"https:\/\/tpmadalina42.supserv.cozmoslabs.com\/fi\/wp-json\/wp\/v2\/product_cat?post=239039"},{"taxonomy":"product_tag","embeddable":true,"href":"https:\/\/tpmadalina42.supserv.cozmoslabs.com\/fi\/wp-json\/wp\/v2\/product_tag?post=239039"}],"curies":[{"name":"wp","href":"https:\/\/api.w.org\/{rel}","templated":true}]}}