{"id":239056,"date":"2024-08-09T23:28:11","date_gmt":"2024-08-10T06:28:11","guid":{"rendered":"https:\/\/glandine.com\/product\/dolce-gabbana-eleganter-beigefarbener-lammfellschal-fuer-frauen\/"},"modified":"2024-11-29T16:01:42","modified_gmt":"2024-11-29T15:01:42","slug":"dolce-gabbana-eleganter-beigefarbener-lammfellschal-fuer-frauen","status":"publish","type":"product","link":"https:\/\/tpmadalina42.supserv.cozmoslabs.com\/fi\/tuote-2\/dolce-gabbana-eleganter-beigefarbener-lammfellschal-fuer-frauen\/","title":{"rendered":"Dolce &amp; Gabbana Eleganter beigefarbener Lammfellschal f\u00fcr Frauen"},"content":{"rendered":"<p>G\u00f6nnen Sie sich den Inbegriff von Luxus mit diesem exquisiten beigefarbenen Schal, einem Statement-St\u00fcck von Dolce &amp; Gabbana, das mit Stolz gefertigt wurde. Perfekt, um jedes Ensemble aufzuwerten, verspricht dieses Accessoire, gleicherma\u00dfen W\u00e4rme und Stil zu bieten. Die hohe Qualit\u00e4t zeigt sich in dem 100%igen Lammfellmaterial, das ihn zu einem Must-Have f\u00fcr alle macht, die sowohl Komfort als auch High-End-Mode suchen.<\/p>\n<ul>\n<li>Merkki: Dolce &amp; Gabbana<\/li>\n<li>Sukupuoli: naiset<\/li>\n<li>Farbe: Beige Pelz<\/li>\n<li>Material: 100% Lammfell<\/li>\n<li>Logon yksityiskohdat<\/li>\n<li>Valmistettu Italiassa<\/li>\n<li>Gr\u00f6\u00dfe: IT40 \/ US6 \/ S<\/li>\n<li>Abmessungen: 11cm x 50cm<\/li>\n<\/ul>","protected":false},"excerpt":{"rendered":"<p>G\u00f6nnen Sie sich den Inbegriff von Luxus mit diesem exquisiten beigefarbenen Schal, einem Statement-St\u00fcck von Dolce &amp; Gabbana, das mit Stolz gefertigt wurde. Perfekt, um jedes Ensemble aufzuwerten, verspricht dieses Accessoire, gleicherma\u00dfen W\u00e4rme und Stil zu bieten. Die hohe Qualit\u00e4t zeigt sich in dem 100%igen Lammfellmaterial, das ihn zu einem Must-Have f\u00fcr alle macht, die [&hellip;]<\/p>","protected":false},"featured_media":239051,"template":"","meta":[],"product_brand":[1620],"product_cat":[1621,1632,1694],"product_tag":[],"class_list":{"0":"post-239056","1":"product","2":"type-product","3":"status-publish","4":"has-post-thumbnail","6":"product_brand-dolce-gabbana","7":"product_cat-accessoire","8":"product_cat-frauen-zubehoer","9":"product_cat-schals-frauen-zubehoer","11":"first","12":"instock","13":"sale","14":"taxable","15":"shipping-taxable","16":"purchasable","17":"product-type-simple"},"_links":{"self":[{"href":"https:\/\/tpmadalina42.supserv.cozmoslabs.com\/fi\/wp-json\/wp\/v2\/product\/239056","targetHints":{"allow":["GET"]}}],"collection":[{"href":"https:\/\/tpmadalina42.supserv.cozmoslabs.com\/fi\/wp-json\/wp\/v2\/product"}],"about":[{"href":"https:\/\/tpmadalina42.supserv.cozmoslabs.com\/fi\/wp-json\/wp\/v2\/types\/product"}],"wp:featuredmedia":[{"embeddable":true,"href":"https:\/\/tpmadalina42.supserv.cozmoslabs.com\/fi\/wp-json\/wp\/v2\/media\/239051"}],"wp:attachment":[{"href":"https:\/\/tpmadalina42.supserv.cozmoslabs.com\/fi\/wp-json\/wp\/v2\/media?parent=239056"}],"wp:term":[{"taxonomy":"product_brand","embeddable":true,"href":"https:\/\/tpmadalina42.supserv.cozmoslabs.com\/fi\/wp-json\/wp\/v2\/product_brand?post=239056"},{"taxonomy":"product_cat","embeddable":true,"href":"https:\/\/tpmadalina42.supserv.cozmoslabs.com\/fi\/wp-json\/wp\/v2\/product_cat?post=239056"},{"taxonomy":"product_tag","embeddable":true,"href":"https:\/\/tpmadalina42.supserv.cozmoslabs.com\/fi\/wp-json\/wp\/v2\/product_tag?post=239056"}],"curies":[{"name":"wp","href":"https:\/\/api.w.org\/{rel}","templated":true}]}}