{"id":239194,"date":"2024-08-10T00:34:02","date_gmt":"2024-08-10T07:34:02","guid":{"rendered":"https:\/\/glandine.com\/product\/costume-national-elegante-braune-strickhandschuhe\/"},"modified":"2024-11-29T16:58:17","modified_gmt":"2024-11-29T15:58:17","slug":"costume-national-elegante-braune-strickhandschuhe","status":"publish","type":"product","link":"https:\/\/tpmadalina42.supserv.cozmoslabs.com\/fi\/tuote-2\/costume-national-elegante-braune-strickhandschuhe\/","title":{"rendered":"Costume National Elegant ruskeat neulotut k\u00e4sineet"},"content":{"rendered":"<p>Hemmottele itse\u00e4si hienostuneisuuden ruumiillistuksella n\u00e4ill\u00e4 Costume National:n hienoilla neulotuilla k\u00e4sineill\u00e4. N\u00e4m\u00e4 korkealaatuisten materiaalien sekoituksesta valmistetut k\u00e4sineet ovat osoitus italialaisesta k\u00e4sity\u00f6st\u00e4 ja tyylist\u00e4. T\u00e4ydellinen tuomaan kokonaisuuteen eleganttia viile\u00e4mm\u00e4ll\u00e4 s\u00e4\u00e4ll\u00e4.<\/p>\n<ul>\n<li>Merkki: Costume National<\/li>\n<li>V\u00e4ri: Ruskea<\/li>\n<li>Materiaali: 50% villa, 50% polyakryyli<\/li>\n<li>Alkuper\u00e4maa: Italia<\/li>\n<li>Yksityiskohdat: Logokorostus<\/li>\n<\/ul>","protected":false},"excerpt":{"rendered":"<p>G\u00f6nnen Sie sich den Inbegriff von Raffinesse mit diesen exquisiten Strickhandschuhen von Costume National. Gefertigt aus einer Mischung von hochwertigen Materialien, sind diese Handschuhe ein Zeugnis italienischer Handwerkskunst und Stil. Perfekt, um Ihrem Ensemble bei k\u00fchlerem Wetter einen eleganten Touch zu verleihen. Marke: Costume National Farbe: Braun Material: 50% Wolle, 50% Polyacryl Herkunftsland: Italien Einzelheiten: [&hellip;]<\/p>","protected":false},"featured_media":239189,"template":"","meta":[],"product_brand":[1790],"product_cat":[1621,1632,1663],"product_tag":[],"class_list":{"0":"post-239194","1":"product","2":"type-product","3":"status-publish","4":"has-post-thumbnail","6":"product_brand-costume-national","7":"product_cat-accessoire","8":"product_cat-frauen-zubehoer","9":"product_cat-handschuhe-frauen-zubehoer","11":"first","12":"instock","13":"sale","14":"taxable","15":"shipping-taxable","16":"purchasable","17":"product-type-simple"},"_links":{"self":[{"href":"https:\/\/tpmadalina42.supserv.cozmoslabs.com\/fi\/wp-json\/wp\/v2\/product\/239194","targetHints":{"allow":["GET"]}}],"collection":[{"href":"https:\/\/tpmadalina42.supserv.cozmoslabs.com\/fi\/wp-json\/wp\/v2\/product"}],"about":[{"href":"https:\/\/tpmadalina42.supserv.cozmoslabs.com\/fi\/wp-json\/wp\/v2\/types\/product"}],"wp:featuredmedia":[{"embeddable":true,"href":"https:\/\/tpmadalina42.supserv.cozmoslabs.com\/fi\/wp-json\/wp\/v2\/media\/239189"}],"wp:attachment":[{"href":"https:\/\/tpmadalina42.supserv.cozmoslabs.com\/fi\/wp-json\/wp\/v2\/media?parent=239194"}],"wp:term":[{"taxonomy":"product_brand","embeddable":true,"href":"https:\/\/tpmadalina42.supserv.cozmoslabs.com\/fi\/wp-json\/wp\/v2\/product_brand?post=239194"},{"taxonomy":"product_cat","embeddable":true,"href":"https:\/\/tpmadalina42.supserv.cozmoslabs.com\/fi\/wp-json\/wp\/v2\/product_cat?post=239194"},{"taxonomy":"product_tag","embeddable":true,"href":"https:\/\/tpmadalina42.supserv.cozmoslabs.com\/fi\/wp-json\/wp\/v2\/product_tag?post=239194"}],"curies":[{"name":"wp","href":"https:\/\/api.w.org\/{rel}","templated":true}]}}