{"id":239310,"date":"2024-08-10T01:00:10","date_gmt":"2024-08-10T08:00:10","guid":{"rendered":"https:\/\/glandine.com\/product\/dolce-gabbana-elegante-schwarze-kurze-stiefel-mit-leopardenmuster\/"},"modified":"2024-11-29T17:55:11","modified_gmt":"2024-11-29T16:55:11","slug":"dolce-gabbana-elegante-schwarze-kurze-stiefel-mit-leopardenmuster","status":"publish","type":"product","link":"https:\/\/tpmadalina42.supserv.cozmoslabs.com\/fi\/tuote-2\/dolce-gabbana-elegante-schwarze-kurze-stiefel-mit-leopardenmuster\/","title":{"rendered":"Dolce &amp; Gabbana Elegante schwarze kurze Stiefel mit Leopardenmuster"},"content":{"rendered":"<p>Treten Sie ein in Luxus und Stil mit diesen exquisiten <b>Dolce &amp; Gabbana<\/b> kurzen Stiefeln, eine brandneue Erg\u00e4nzung mit Etiketten, die 100% Authentizit\u00e4t versprechen. Die Stiefel mit dem auff\u00e4lligen schwarzen Leopardenmuster sind aus einer einzigartigen Materialmischung gefertigt, die f\u00fcr eine unverwechselbare Textur und au\u00dfergew\u00f6hnlichen Komfort sorgt. Mit einer Ledersohle und einem praktischen Rei\u00dfverschluss an der Seite sind sie sowohl elegant als auch praktisch. Diese in Italien gefertigten Stiefel sind der Inbegriff hochwertiger Handwerkskunst und werten jedes Outfit auf.<\/p>\n<ul>\n<li>V\u00e4ri: Musta<\/li>\n<li>Material: 10% Nylon, 37% Polyethylen, 20% PL, 37% Elasthan, 6% Rayon<\/li>\n<li>Pohja: nahkaa<\/li>\n<li>Alkuper\u00e4maa: IT<\/li>\n<\/ul>","protected":false},"excerpt":{"rendered":"<p>Treten Sie ein in Luxus und Stil mit diesen exquisiten Dolce &amp; Gabbana kurzen Stiefeln, eine brandneue Erg\u00e4nzung mit Etiketten, die 100% Authentizit\u00e4t versprechen. Die Stiefel mit dem auff\u00e4lligen schwarzen Leopardenmuster sind aus einer einzigartigen Materialmischung gefertigt, die f\u00fcr eine unverwechselbare Textur und au\u00dfergew\u00f6hnlichen Komfort sorgt. Mit einer Ledersohle und einem praktischen Rei\u00dfverschluss an der [&hellip;]<\/p>","protected":false},"featured_media":239303,"template":"","meta":[],"product_brand":[1620],"product_cat":[1635,1624,1655],"product_tag":[],"class_list":{"0":"post-239310","1":"product","2":"type-product","3":"status-publish","4":"has-post-thumbnail","6":"product_brand-dolce-gabbana","7":"product_cat-frauen-schuhe","8":"product_cat-schuhe","9":"product_cat-stiefel-frauen-schuhe","11":"first","12":"instock","13":"sale","14":"taxable","15":"shipping-taxable","16":"purchasable","17":"product-type-variable"},"_links":{"self":[{"href":"https:\/\/tpmadalina42.supserv.cozmoslabs.com\/fi\/wp-json\/wp\/v2\/product\/239310","targetHints":{"allow":["GET"]}}],"collection":[{"href":"https:\/\/tpmadalina42.supserv.cozmoslabs.com\/fi\/wp-json\/wp\/v2\/product"}],"about":[{"href":"https:\/\/tpmadalina42.supserv.cozmoslabs.com\/fi\/wp-json\/wp\/v2\/types\/product"}],"wp:featuredmedia":[{"embeddable":true,"href":"https:\/\/tpmadalina42.supserv.cozmoslabs.com\/fi\/wp-json\/wp\/v2\/media\/239303"}],"wp:attachment":[{"href":"https:\/\/tpmadalina42.supserv.cozmoslabs.com\/fi\/wp-json\/wp\/v2\/media?parent=239310"}],"wp:term":[{"taxonomy":"product_brand","embeddable":true,"href":"https:\/\/tpmadalina42.supserv.cozmoslabs.com\/fi\/wp-json\/wp\/v2\/product_brand?post=239310"},{"taxonomy":"product_cat","embeddable":true,"href":"https:\/\/tpmadalina42.supserv.cozmoslabs.com\/fi\/wp-json\/wp\/v2\/product_cat?post=239310"},{"taxonomy":"product_tag","embeddable":true,"href":"https:\/\/tpmadalina42.supserv.cozmoslabs.com\/fi\/wp-json\/wp\/v2\/product_tag?post=239310"}],"curies":[{"name":"wp","href":"https:\/\/api.w.org\/{rel}","templated":true}]}}