{"id":239438,"date":"2024-08-10T01:22:48","date_gmt":"2024-08-10T08:22:48","guid":{"rendered":"https:\/\/glandine.com\/product\/dolce-gabbana-schicke-rote-100-uv-schutz-sonnenbrille\/"},"modified":"2024-11-29T18:16:42","modified_gmt":"2024-11-29T17:16:42","slug":"dolce-gabbana-schicke-rote-100-uv-schutz-sonnenbrille","status":"publish","type":"product","link":"https:\/\/tpmadalina42.supserv.cozmoslabs.com\/fi\/tuote-2\/dolce-gabbana-schicke-rote-100-uv-schutz-sonnenbrille\/","title":{"rendered":"Dolce &amp; Gabbana Chic punaiset 100% UV-suojatut aurinkolasit"},"content":{"rendered":"<p>Umarmen Sie zeitlose Eleganz und sch\u00fctzen Sie Ihre Augen mit Stil mit dieser exquisiten Sonnenbrille von Dolce &amp; Gabbana. Wundersch\u00f6n, brandneu und 100% authentisch, diese Sonnenbrille verf\u00fcgt \u00fcber auff\u00e4llige rote Gl\u00e4ser mit vollem UV-Schutz, die nicht nur ein gehobenes Modestatement, sondern auch komplette Pflege f\u00fcr Ihre Vision gew\u00e4hrleisten. Die in Italien gefertigte Sonnenbrille mit einem luxuri\u00f6sen goldfarbenen Rahmen aus 100% Metall ist eine perfekte Mischung aus Mode und Funktion f\u00fcr die anspruchsvolle Frau.<\/p>\n<ul>\n<li>V\u00e4ri: punainen<\/li>\n<li>Materiaali: 100% metalli<\/li>\n<li>Gl\u00e4ser: Rot, 100% UV-Schutz<\/li>\n<li>Sukupuoli: naiset<\/li>\n<li>Valmistettu Italiassa<\/li>\n<\/ul>","protected":false},"excerpt":{"rendered":"<p>Umarmen Sie zeitlose Eleganz und sch\u00fctzen Sie Ihre Augen mit Stil mit dieser exquisiten Sonnenbrille von Dolce &amp; Gabbana. Wundersch\u00f6n, brandneu und 100% authentisch, diese Sonnenbrille verf\u00fcgt \u00fcber auff\u00e4llige rote Gl\u00e4ser mit vollem UV-Schutz, die nicht nur ein gehobenes Modestatement, sondern auch komplette Pflege f\u00fcr Ihre Vision gew\u00e4hrleisten. Die in Italien gefertigte Sonnenbrille mit einem [&hellip;]<\/p>","protected":false},"featured_media":239435,"template":"","meta":[],"product_brand":[1620],"product_cat":[1627,1640],"product_tag":[],"class_list":{"0":"post-239438","1":"product","2":"type-product","3":"status-publish","4":"has-post-thumbnail","6":"product_brand-dolce-gabbana","7":"product_cat-sonnenbrille","8":"product_cat-sonnenbrillen-fuer-frauen","10":"first","11":"instock","12":"sale","13":"taxable","14":"shipping-taxable","15":"purchasable","16":"product-type-simple"},"_links":{"self":[{"href":"https:\/\/tpmadalina42.supserv.cozmoslabs.com\/fi\/wp-json\/wp\/v2\/product\/239438","targetHints":{"allow":["GET"]}}],"collection":[{"href":"https:\/\/tpmadalina42.supserv.cozmoslabs.com\/fi\/wp-json\/wp\/v2\/product"}],"about":[{"href":"https:\/\/tpmadalina42.supserv.cozmoslabs.com\/fi\/wp-json\/wp\/v2\/types\/product"}],"wp:featuredmedia":[{"embeddable":true,"href":"https:\/\/tpmadalina42.supserv.cozmoslabs.com\/fi\/wp-json\/wp\/v2\/media\/239435"}],"wp:attachment":[{"href":"https:\/\/tpmadalina42.supserv.cozmoslabs.com\/fi\/wp-json\/wp\/v2\/media?parent=239438"}],"wp:term":[{"taxonomy":"product_brand","embeddable":true,"href":"https:\/\/tpmadalina42.supserv.cozmoslabs.com\/fi\/wp-json\/wp\/v2\/product_brand?post=239438"},{"taxonomy":"product_cat","embeddable":true,"href":"https:\/\/tpmadalina42.supserv.cozmoslabs.com\/fi\/wp-json\/wp\/v2\/product_cat?post=239438"},{"taxonomy":"product_tag","embeddable":true,"href":"https:\/\/tpmadalina42.supserv.cozmoslabs.com\/fi\/wp-json\/wp\/v2\/product_tag?post=239438"}],"curies":[{"name":"wp","href":"https:\/\/api.w.org\/{rel}","templated":true}]}}