{"id":239454,"date":"2024-08-10T01:24:22","date_gmt":"2024-08-10T08:24:22","guid":{"rendered":"https:\/\/glandine.com\/product\/dolce-gabbana-elegante-seidenfliege-mit-strass\/"},"modified":"2024-11-29T18:18:41","modified_gmt":"2024-11-29T17:18:41","slug":"dolce-gabbana-elegante-seidenfliege-mit-strass","status":"publish","type":"product","link":"https:\/\/tpmadalina42.supserv.cozmoslabs.com\/fi\/tuote-2\/dolce-gabbana-elegante-seidenfliege-mit-strass\/","title":{"rendered":"Dolce &amp; Gabbana Tyylik\u00e4s silkkirusetti strassikivill\u00e4"},"content":{"rendered":"<\/p>\n<p>Verstr\u00f6men Sie Eleganz mit dieser atemberaubenden <strong>Dolce &amp; Gabbana<\/strong> Fliege aus goldfarbener Seide mit Strasssteinen, die perfekt ist, um Ihrem Outfit einen Hauch von Luxus zu verleihen. Die Fliege wird komplett mit Etikett und Box geliefert und verf\u00fcgt \u00fcber einen praktischen Clip-Verschluss f\u00fcr einfachen Tragekomfort.<\/p>\n<ul>\n<li>V\u00e4ri: kulta, musta<\/li>\n<li>Materiaali: 100% silkki<\/li>\n<li>Alkuper\u00e4maa: IT<\/li>\n<li>Valmistettu Italiassa<\/li>\n<li>Logo-Details vorhanden<\/li>\n<\/ul>","protected":false},"excerpt":{"rendered":"<p>Verstr\u00f6men Sie Eleganz mit dieser atemberaubenden Dolce &amp; Gabbana Fliege aus goldfarbener Seide mit Strasssteinen, die perfekt ist, um Ihrem Outfit einen Hauch von Luxus zu verleihen. Die Fliege wird komplett mit Etikett und Box geliefert und verf\u00fcgt \u00fcber einen praktischen Clip-Verschluss f\u00fcr einfachen Tragekomfort. Farbe: Gold, Schwarz Material: 100% Seide Herkunftsland: IT Hergestellt in [&hellip;]<\/p>","protected":false},"featured_media":239451,"template":"","meta":[],"product_brand":[1620],"product_cat":[1621,1632,1683],"product_tag":[],"class_list":{"0":"post-239454","1":"product","2":"type-product","3":"status-publish","4":"has-post-thumbnail","6":"product_brand-dolce-gabbana","7":"product_cat-accessoire","8":"product_cat-frauen-zubehoer","9":"product_cat-andere-frauen-zubehoer","11":"first","12":"instock","13":"sale","14":"taxable","15":"shipping-taxable","16":"purchasable","17":"product-type-simple"},"_links":{"self":[{"href":"https:\/\/tpmadalina42.supserv.cozmoslabs.com\/fi\/wp-json\/wp\/v2\/product\/239454","targetHints":{"allow":["GET"]}}],"collection":[{"href":"https:\/\/tpmadalina42.supserv.cozmoslabs.com\/fi\/wp-json\/wp\/v2\/product"}],"about":[{"href":"https:\/\/tpmadalina42.supserv.cozmoslabs.com\/fi\/wp-json\/wp\/v2\/types\/product"}],"wp:featuredmedia":[{"embeddable":true,"href":"https:\/\/tpmadalina42.supserv.cozmoslabs.com\/fi\/wp-json\/wp\/v2\/media\/239451"}],"wp:attachment":[{"href":"https:\/\/tpmadalina42.supserv.cozmoslabs.com\/fi\/wp-json\/wp\/v2\/media?parent=239454"}],"wp:term":[{"taxonomy":"product_brand","embeddable":true,"href":"https:\/\/tpmadalina42.supserv.cozmoslabs.com\/fi\/wp-json\/wp\/v2\/product_brand?post=239454"},{"taxonomy":"product_cat","embeddable":true,"href":"https:\/\/tpmadalina42.supserv.cozmoslabs.com\/fi\/wp-json\/wp\/v2\/product_cat?post=239454"},{"taxonomy":"product_tag","embeddable":true,"href":"https:\/\/tpmadalina42.supserv.cozmoslabs.com\/fi\/wp-json\/wp\/v2\/product_tag?post=239454"}],"curies":[{"name":"wp","href":"https:\/\/api.w.org\/{rel}","templated":true}]}}