{"id":239544,"date":"2024-08-10T01:36:38","date_gmt":"2024-08-10T08:36:38","guid":{"rendered":"https:\/\/glandine.com\/product\/scervino-street-eleganter-brauner-lederguertel-fuer-mode\/"},"modified":"2024-11-29T18:32:57","modified_gmt":"2024-11-29T17:32:57","slug":"scervino-street-eleganter-brauner-lederguertel-fuer-mode","status":"publish","type":"product","link":"https:\/\/tpmadalina42.supserv.cozmoslabs.com\/fi\/tuote-2\/scervino-street-eleganter-brauner-lederguertel-fuer-mode\/","title":{"rendered":"Scervino Street Tyylik\u00e4s ruskea nahkavy\u00f6 muotiin"},"content":{"rendered":"<p>Werten Sie Ihr Ensemble mit dem exquisiten Scervino Street G\u00fcrtel auf, der jedem Outfit einen Hauch von Luxus verleiht. Dieses elegante Accessoire, brandneu mit Etikett, wurde in Italien sorgf\u00e4ltig aus hochwertigem braunem Leder gefertigt und verf\u00fcgt \u00fcber eine raffinierte silberfarbene Schnalle, die f\u00fcr einen klassischen, zeitlosen Look sorgt. Mit seinem unifarbenen Muster und dem dezenten Logodetail ist dieser Fashion Belt ein Statement f\u00fcr Eleganz und Qualit\u00e4t.<\/p>\n<ul>\n<li>Materiaali: nahka<\/li>\n<li>V\u00e4ri: Ruskea<\/li>\n<li>Alkuper\u00e4maa: Italia<\/li>\n<li>Motiivi: Yksinkertainen kuvio<\/li>\n<li>Logon yksityiskohdat<\/li>\n<\/ul>","protected":false},"excerpt":{"rendered":"<p>Werten Sie Ihr Ensemble mit dem exquisiten Scervino Street G\u00fcrtel auf, der jedem Outfit einen Hauch von Luxus verleiht. Dieses elegante Accessoire, brandneu mit Etikett, wurde in Italien sorgf\u00e4ltig aus hochwertigem braunem Leder gefertigt und verf\u00fcgt \u00fcber eine raffinierte silberfarbene Schnalle, die f\u00fcr einen klassischen, zeitlosen Look sorgt. Mit seinem unifarbenen Muster und dem dezenten [&hellip;]<\/p>","protected":false},"featured_media":239542,"template":"","meta":[],"product_brand":[2133],"product_cat":[1621,1632,1652],"product_tag":[],"class_list":{"0":"post-239544","1":"product","2":"type-product","3":"status-publish","4":"has-post-thumbnail","6":"product_brand-scervino-street","7":"product_cat-accessoire","8":"product_cat-frauen-zubehoer","9":"product_cat-guertel-frauen-zubehoer","11":"first","12":"instock","13":"sale","14":"taxable","15":"shipping-taxable","16":"purchasable","17":"product-type-variable"},"_links":{"self":[{"href":"https:\/\/tpmadalina42.supserv.cozmoslabs.com\/fi\/wp-json\/wp\/v2\/product\/239544","targetHints":{"allow":["GET"]}}],"collection":[{"href":"https:\/\/tpmadalina42.supserv.cozmoslabs.com\/fi\/wp-json\/wp\/v2\/product"}],"about":[{"href":"https:\/\/tpmadalina42.supserv.cozmoslabs.com\/fi\/wp-json\/wp\/v2\/types\/product"}],"wp:featuredmedia":[{"embeddable":true,"href":"https:\/\/tpmadalina42.supserv.cozmoslabs.com\/fi\/wp-json\/wp\/v2\/media\/239542"}],"wp:attachment":[{"href":"https:\/\/tpmadalina42.supserv.cozmoslabs.com\/fi\/wp-json\/wp\/v2\/media?parent=239544"}],"wp:term":[{"taxonomy":"product_brand","embeddable":true,"href":"https:\/\/tpmadalina42.supserv.cozmoslabs.com\/fi\/wp-json\/wp\/v2\/product_brand?post=239544"},{"taxonomy":"product_cat","embeddable":true,"href":"https:\/\/tpmadalina42.supserv.cozmoslabs.com\/fi\/wp-json\/wp\/v2\/product_cat?post=239544"},{"taxonomy":"product_tag","embeddable":true,"href":"https:\/\/tpmadalina42.supserv.cozmoslabs.com\/fi\/wp-json\/wp\/v2\/product_tag?post=239544"}],"curies":[{"name":"wp","href":"https:\/\/api.w.org\/{rel}","templated":true}]}}