{"id":239634,"date":"2024-08-10T01:54:02","date_gmt":"2024-08-10T08:54:02","guid":{"rendered":"https:\/\/glandine.com\/product\/missoni-eleganter-multicolor-wollschal-mit-logo-stickerei\/"},"modified":"2024-11-29T18:46:18","modified_gmt":"2024-11-29T17:46:18","slug":"missoni-eleganter-multicolor-wollschal-mit-logo-stickerei","status":"publish","type":"product","link":"https:\/\/tpmadalina42.supserv.cozmoslabs.com\/fi\/tuote-2\/missoni-eleganter-multicolor-wollschal-mit-logo-stickerei\/","title":{"rendered":"Missoni Eleganter Multicolor-Wollschal mit Logo-Stickerei"},"content":{"rendered":"<p>Entdecken Sie den Inbegriff von Handwerkskunst mit diesem luxuri\u00f6sen Schal aus 100% authentischer Missoni-Wolle. Geschm\u00fcckt mit einem lebhaften Streifenmuster und einer dezenten Markenlogo-Stickerei, ist dieses St\u00fcck ein exquisites Accessoire f\u00fcr jeden Modekenner. Unisex im Design und mit geschmackvollen Fransen, ist es die perfekte Erg\u00e4nzung, um Ihr Ensemble aufzuwerten. Der in Italien mit Sorgfalt gefertigte Schal misst gro\u00dfz\u00fcgige 190 cm x 60 cm und vereint so Stil und W\u00e4rme.<\/p>\n<ul>\n<li>Materiaali: 100% villa<\/li>\n<li>V\u00e4ri: Moniv\u00e4rinen<\/li>\n<li>Sukupuoli: Unisex<\/li>\n<li>Fransen Detail<\/li>\n<li>Marke Stickerei<\/li>\n<li>Valmistettu Italiassa<\/li>\n<li>Gr\u00f6\u00dfe: 190cm x 60cm<\/li>\n<\/ul>","protected":false},"excerpt":{"rendered":"<p>Entdecken Sie den Inbegriff von Handwerkskunst mit diesem luxuri\u00f6sen Schal aus 100% authentischer Missoni-Wolle. Geschm\u00fcckt mit einem lebhaften Streifenmuster und einer dezenten Markenlogo-Stickerei, ist dieses St\u00fcck ein exquisites Accessoire f\u00fcr jeden Modekenner. Unisex im Design und mit geschmackvollen Fransen, ist es die perfekte Erg\u00e4nzung, um Ihr Ensemble aufzuwerten. Der in Italien mit Sorgfalt gefertigte Schal [&hellip;]<\/p>","protected":false},"featured_media":239630,"template":"","meta":[],"product_brand":[2082],"product_cat":[1621,1631,1693],"product_tag":[],"class_list":{"0":"post-239634","1":"product","2":"type-product","3":"status-publish","4":"has-post-thumbnail","6":"product_brand-missoni","7":"product_cat-accessoire","8":"product_cat-maenner-zubehoer","9":"product_cat-schals","11":"first","12":"instock","13":"sale","14":"taxable","15":"shipping-taxable","16":"purchasable","17":"product-type-simple"},"_links":{"self":[{"href":"https:\/\/tpmadalina42.supserv.cozmoslabs.com\/fi\/wp-json\/wp\/v2\/product\/239634","targetHints":{"allow":["GET"]}}],"collection":[{"href":"https:\/\/tpmadalina42.supserv.cozmoslabs.com\/fi\/wp-json\/wp\/v2\/product"}],"about":[{"href":"https:\/\/tpmadalina42.supserv.cozmoslabs.com\/fi\/wp-json\/wp\/v2\/types\/product"}],"wp:featuredmedia":[{"embeddable":true,"href":"https:\/\/tpmadalina42.supserv.cozmoslabs.com\/fi\/wp-json\/wp\/v2\/media\/239630"}],"wp:attachment":[{"href":"https:\/\/tpmadalina42.supserv.cozmoslabs.com\/fi\/wp-json\/wp\/v2\/media?parent=239634"}],"wp:term":[{"taxonomy":"product_brand","embeddable":true,"href":"https:\/\/tpmadalina42.supserv.cozmoslabs.com\/fi\/wp-json\/wp\/v2\/product_brand?post=239634"},{"taxonomy":"product_cat","embeddable":true,"href":"https:\/\/tpmadalina42.supserv.cozmoslabs.com\/fi\/wp-json\/wp\/v2\/product_cat?post=239634"},{"taxonomy":"product_tag","embeddable":true,"href":"https:\/\/tpmadalina42.supserv.cozmoslabs.com\/fi\/wp-json\/wp\/v2\/product_tag?post=239634"}],"curies":[{"name":"wp","href":"https:\/\/api.w.org\/{rel}","templated":true}]}}