{"id":239808,"date":"2024-08-10T02:19:24","date_gmt":"2024-08-10T09:19:24","guid":{"rendered":"https:\/\/glandine.com\/product\/missoni-eleganter-beigefarbener-wollschal-mit-stickereidetails\/"},"modified":"2024-11-29T18:49:39","modified_gmt":"2024-11-29T17:49:39","slug":"missoni-eleganter-beigefarbener-wollschal-mit-stickereidetails","status":"publish","type":"product","link":"https:\/\/tpmadalina42.supserv.cozmoslabs.com\/fi\/tuote-2\/missoni-eleganter-beigefarbener-wollschal-mit-stickereidetails\/","title":{"rendered":"Missoni Eleganter Beigefarbener Wollschal mit Stickereidetails"},"content":{"rendered":"<p>H\u00fcllen Sie sich in Luxus mit diesem raffinierten Schal aus dem renommierten Haus Missoni. Dieser brandneue Schal, komplett mit Originaletiketten, ist aus feinster 100%iger Wolle gefertigt und bietet unvergleichliche W\u00e4rme und Komfort. Sein eleganter beiger Farbton macht ihn zu einem vielseitigen Accessoire f\u00fcr jedes Ensemble, w\u00e4hrend die charakteristische Missoni-Logo-Stickerei f\u00fcr einen Hauch von Prestige sorgt. Der in Italien sorgf\u00e4ltig gefertigte Schal passt zu jedem Geschlecht und wird Ihre Accessoire-Kollektion aufwerten. Die gro\u00dfz\u00fcgigen Abmessungen sorgen f\u00fcr einen stilvollen Faltenwurf und ein angenehmes Tragegef\u00fchl.<\/p>\n<p> Materiaali: 100% villa<br \/>\n V\u00e4ri: beige<br \/>\n Sukupuoli: Unisex<br \/>\n Merkmale: Fransen, Logo-Details<br \/>\n Valmistettu: Italia<br \/>\n Gr\u00f6\u00dfe: 180cm x 64cm<\/p>","protected":false},"excerpt":{"rendered":"<p>H\u00fcllen Sie sich in Luxus mit diesem raffinierten Schal aus dem renommierten Haus Missoni. Dieser brandneue Schal, komplett mit Originaletiketten, ist aus feinster 100%iger Wolle gefertigt und bietet unvergleichliche W\u00e4rme und Komfort. Sein eleganter beiger Farbton macht ihn zu einem vielseitigen Accessoire f\u00fcr jedes Ensemble, w\u00e4hrend die charakteristische Missoni-Logo-Stickerei f\u00fcr einen Hauch von Prestige sorgt. [&hellip;]<\/p>","protected":false},"featured_media":239804,"template":"","meta":[],"product_brand":[2082],"product_cat":[1621,1631,1693],"product_tag":[],"class_list":{"0":"post-239808","1":"product","2":"type-product","3":"status-publish","4":"has-post-thumbnail","6":"product_brand-missoni","7":"product_cat-accessoire","8":"product_cat-maenner-zubehoer","9":"product_cat-schals","11":"first","12":"instock","13":"sale","14":"taxable","15":"shipping-taxable","16":"purchasable","17":"product-type-simple"},"_links":{"self":[{"href":"https:\/\/tpmadalina42.supserv.cozmoslabs.com\/fi\/wp-json\/wp\/v2\/product\/239808","targetHints":{"allow":["GET"]}}],"collection":[{"href":"https:\/\/tpmadalina42.supserv.cozmoslabs.com\/fi\/wp-json\/wp\/v2\/product"}],"about":[{"href":"https:\/\/tpmadalina42.supserv.cozmoslabs.com\/fi\/wp-json\/wp\/v2\/types\/product"}],"wp:featuredmedia":[{"embeddable":true,"href":"https:\/\/tpmadalina42.supserv.cozmoslabs.com\/fi\/wp-json\/wp\/v2\/media\/239804"}],"wp:attachment":[{"href":"https:\/\/tpmadalina42.supserv.cozmoslabs.com\/fi\/wp-json\/wp\/v2\/media?parent=239808"}],"wp:term":[{"taxonomy":"product_brand","embeddable":true,"href":"https:\/\/tpmadalina42.supserv.cozmoslabs.com\/fi\/wp-json\/wp\/v2\/product_brand?post=239808"},{"taxonomy":"product_cat","embeddable":true,"href":"https:\/\/tpmadalina42.supserv.cozmoslabs.com\/fi\/wp-json\/wp\/v2\/product_cat?post=239808"},{"taxonomy":"product_tag","embeddable":true,"href":"https:\/\/tpmadalina42.supserv.cozmoslabs.com\/fi\/wp-json\/wp\/v2\/product_tag?post=239808"}],"curies":[{"name":"wp","href":"https:\/\/api.w.org\/{rel}","templated":true}]}}