{"id":239882,"date":"2024-08-10T02:28:40","date_gmt":"2024-08-10T09:28:40","guid":{"rendered":"https:\/\/glandine.com\/product\/missoni-eleganter-karo-wollschal-mit-logo-stickerei\/"},"modified":"2024-11-29T19:07:12","modified_gmt":"2024-11-29T18:07:12","slug":"missoni-eleganter-karo-wollschal-mit-logo-stickerei","status":"publish","type":"product","link":"https:\/\/tpmadalina42.supserv.cozmoslabs.com\/fi\/tuote-2\/missoni-eleganter-karo-wollschal-mit-logo-stickerei\/","title":{"rendered":"Missoni Eleganter Karo-Wollschal mit Logo-Stickerei"},"content":{"rendered":"<p>G\u00f6nnen Sie sich den zeitlosen Luxus von Missoni mit diesem exquisit gefertigten Schurwollschal. Mit seinem raffinierten Karomuster und der ikonischen Markenlogo-Stickerei wertet dieses Unisex-Accessoire Ihr Ensemble garantiert auf und h\u00e4lt Sie stilvoll warm. Stolz in Italien hergestellt, verspricht er die h\u00f6chste Qualit\u00e4t und Eleganz, f\u00fcr die Missoni bekannt ist.<\/p>\n<ul>\n<li>Materiaali: 100% neitsytvilla<\/li>\n<li>Farbe: Schwarz und Rot<\/li>\n<li>Sukupuoli: Unisex<\/li>\n<li>Merkmale: Fransen<\/li>\n<li>Logon yksityiskohdat<\/li>\n<li>Alkuper\u00e4maa: IT<\/li>\n<li>Gr\u00f6\u00dfe: 180cm x 31cm<\/li>\n<\/ul>","protected":false},"excerpt":{"rendered":"<p>G\u00f6nnen Sie sich den zeitlosen Luxus von Missoni mit diesem exquisit gefertigten Schurwollschal. Mit seinem raffinierten Karomuster und der ikonischen Markenlogo-Stickerei wertet dieses Unisex-Accessoire Ihr Ensemble garantiert auf und h\u00e4lt Sie stilvoll warm. Stolz in Italien hergestellt, verspricht er die h\u00f6chste Qualit\u00e4t und Eleganz, f\u00fcr die Missoni bekannt ist. Material: 100% Schurwolle Farbe: Schwarz und [&hellip;]<\/p>","protected":false},"featured_media":239879,"template":"","meta":[],"product_brand":[2082],"product_cat":[1621,1631,1693],"product_tag":[],"class_list":{"0":"post-239882","1":"product","2":"type-product","3":"status-publish","4":"has-post-thumbnail","6":"product_brand-missoni","7":"product_cat-accessoire","8":"product_cat-maenner-zubehoer","9":"product_cat-schals","11":"first","12":"instock","13":"sale","14":"taxable","15":"shipping-taxable","16":"purchasable","17":"product-type-simple"},"_links":{"self":[{"href":"https:\/\/tpmadalina42.supserv.cozmoslabs.com\/fi\/wp-json\/wp\/v2\/product\/239882","targetHints":{"allow":["GET"]}}],"collection":[{"href":"https:\/\/tpmadalina42.supserv.cozmoslabs.com\/fi\/wp-json\/wp\/v2\/product"}],"about":[{"href":"https:\/\/tpmadalina42.supserv.cozmoslabs.com\/fi\/wp-json\/wp\/v2\/types\/product"}],"wp:featuredmedia":[{"embeddable":true,"href":"https:\/\/tpmadalina42.supserv.cozmoslabs.com\/fi\/wp-json\/wp\/v2\/media\/239879"}],"wp:attachment":[{"href":"https:\/\/tpmadalina42.supserv.cozmoslabs.com\/fi\/wp-json\/wp\/v2\/media?parent=239882"}],"wp:term":[{"taxonomy":"product_brand","embeddable":true,"href":"https:\/\/tpmadalina42.supserv.cozmoslabs.com\/fi\/wp-json\/wp\/v2\/product_brand?post=239882"},{"taxonomy":"product_cat","embeddable":true,"href":"https:\/\/tpmadalina42.supserv.cozmoslabs.com\/fi\/wp-json\/wp\/v2\/product_cat?post=239882"},{"taxonomy":"product_tag","embeddable":true,"href":"https:\/\/tpmadalina42.supserv.cozmoslabs.com\/fi\/wp-json\/wp\/v2\/product_tag?post=239882"}],"curies":[{"name":"wp","href":"https:\/\/api.w.org\/{rel}","templated":true}]}}