{"id":240026,"date":"2024-08-10T02:49:41","date_gmt":"2024-08-10T09:49:41","guid":{"rendered":"https:\/\/glandine.com\/product\/dolce-gabbana-eleganter-kaschmir-kapuzenschal-in-grau\/"},"modified":"2024-11-29T19:16:18","modified_gmt":"2024-11-29T18:16:18","slug":"dolce-gabbana-eleganter-kaschmir-kapuzenschal-in-grau","status":"publish","type":"product","link":"https:\/\/tpmadalina42.supserv.cozmoslabs.com\/fi\/tuote-2\/dolce-gabbana-eleganter-kaschmir-kapuzenschal-in-grau\/","title":{"rendered":"Dolce &amp; Gabbana Eleganter Kaschmir-Kapuzenschal in Grau"},"content":{"rendered":"<p>G\u00f6nnen Sie sich den Inbegriff von Luxus mit diesem exquisiten Kapuzenschal von <strong>Dolce &amp; Gabbana<\/strong>. Das aus 100% echtem Kaschmir gefertigte Accessoire verbindet unvergleichlichen Komfort mit kultigem Stil. Die vielseitige graue Farbe ist perfekt, um jedem Outfit einen Hauch von Raffinesse zu verleihen, und macht ihn zu einem begehrten St\u00fcck in Ihrer Sammlung. Die Logodetails und die fachm\u00e4nnische italienische Handwerkskunst zeugen von seiner Designerqualit\u00e4t. Dieser Schal ist f\u00fcr Frauen geeignet und passt allen Gr\u00f6\u00dfen. Er ist eine harmonische Mischung aus Mode und Funktion.<\/p>\n<ul>\n<li>V\u00e4ri: Harmaa<\/li>\n<li>Materiaali: 100% kashmir<\/li>\n<li>Valmistettu Italiassa<\/li>\n<li>Koko: Yksi koko<\/li>\n<\/ul>","protected":false},"excerpt":{"rendered":"<p>G\u00f6nnen Sie sich den Inbegriff von Luxus mit diesem exquisiten Kapuzenschal von Dolce &amp; Gabbana. Das aus 100% echtem Kaschmir gefertigte Accessoire verbindet unvergleichlichen Komfort mit kultigem Stil. Die vielseitige graue Farbe ist perfekt, um jedem Outfit einen Hauch von Raffinesse zu verleihen, und macht ihn zu einem begehrten St\u00fcck in Ihrer Sammlung. Die Logodetails [&hellip;]<\/p>","protected":false},"featured_media":240022,"template":"","meta":[],"product_brand":[1620],"product_cat":[1621,1632,1694],"product_tag":[],"class_list":{"0":"post-240026","1":"product","2":"type-product","3":"status-publish","4":"has-post-thumbnail","6":"product_brand-dolce-gabbana","7":"product_cat-accessoire","8":"product_cat-frauen-zubehoer","9":"product_cat-schals-frauen-zubehoer","11":"first","12":"instock","13":"sale","14":"taxable","15":"shipping-taxable","16":"purchasable","17":"product-type-simple"},"_links":{"self":[{"href":"https:\/\/tpmadalina42.supserv.cozmoslabs.com\/fi\/wp-json\/wp\/v2\/product\/240026","targetHints":{"allow":["GET"]}}],"collection":[{"href":"https:\/\/tpmadalina42.supserv.cozmoslabs.com\/fi\/wp-json\/wp\/v2\/product"}],"about":[{"href":"https:\/\/tpmadalina42.supserv.cozmoslabs.com\/fi\/wp-json\/wp\/v2\/types\/product"}],"wp:featuredmedia":[{"embeddable":true,"href":"https:\/\/tpmadalina42.supserv.cozmoslabs.com\/fi\/wp-json\/wp\/v2\/media\/240022"}],"wp:attachment":[{"href":"https:\/\/tpmadalina42.supserv.cozmoslabs.com\/fi\/wp-json\/wp\/v2\/media?parent=240026"}],"wp:term":[{"taxonomy":"product_brand","embeddable":true,"href":"https:\/\/tpmadalina42.supserv.cozmoslabs.com\/fi\/wp-json\/wp\/v2\/product_brand?post=240026"},{"taxonomy":"product_cat","embeddable":true,"href":"https:\/\/tpmadalina42.supserv.cozmoslabs.com\/fi\/wp-json\/wp\/v2\/product_cat?post=240026"},{"taxonomy":"product_tag","embeddable":true,"href":"https:\/\/tpmadalina42.supserv.cozmoslabs.com\/fi\/wp-json\/wp\/v2\/product_tag?post=240026"}],"curies":[{"name":"wp","href":"https:\/\/api.w.org\/{rel}","templated":true}]}}