{"id":240459,"date":"2024-08-10T03:40:31","date_gmt":"2024-08-10T10:40:31","guid":{"rendered":"https:\/\/glandine.com\/product\/acht-schicke-skinny-mit-niedriger-taille-aus-schwarzem-denim-2\/"},"modified":"2024-11-29T19:57:53","modified_gmt":"2024-11-29T18:57:53","slug":"acht-schicke-skinny-mit-niedriger-taille-aus-schwarzem-denim-2","status":"publish","type":"product","link":"https:\/\/tpmadalina42.supserv.cozmoslabs.com\/fi\/tuote-2\/acht-schicke-skinny-mit-niedriger-taille-aus-schwarzem-denim-2\/","title":{"rendered":"Acht Tyylikk\u00e4\u00e4t matalavy\u00f6t\u00e4r\u00f6iset ohuet shortsit mustaa denimi\u00e4"},"content":{"rendered":"<p>Mit dieser wundersch\u00f6nen neuen Acht Skinny Jeans, die jedem Outfit einen Hauch von Eleganz verleiht, sind Sie auf dem besten Weg zu schlichter Eleganz. Die aus hochwertiger Baumwolle gefertigte Jeans hat einen schmeichelhaften Schnitt mit niedriger Taille und ist mit einem sicheren Rei\u00dfverschluss und Knopfverschluss ausgestattet, um eine perfekte Passform zu gew\u00e4hrleisten.<\/p>\n<ul>\n<li>Materiaali: puuvilla<\/li>\n<li>Alkuper\u00e4maa: IT<\/li>\n<li>V\u00e4ri: Musta<\/li>\n<li>Modell: Niedrige Taille Skinny Denim<\/li>\n<li>Sulkeminen: Vetoketju napilla<\/li>\n<li>Merkki: Acht<\/li>\n<li>Logon yksityiskohdat<\/li>\n<\/ul>","protected":false},"excerpt":{"rendered":"<p>Mit dieser wundersch\u00f6nen neuen Acht Skinny Jeans, die jedem Outfit einen Hauch von Eleganz verleiht, sind Sie auf dem besten Weg zu schlichter Eleganz. Die aus hochwertiger Baumwolle gefertigte Jeans hat einen schmeichelhaften Schnitt mit niedriger Taille und ist mit einem sicheren Rei\u00dfverschluss und Knopfverschluss ausgestattet, um eine perfekte Passform zu gew\u00e4hrleisten. Material: Baumwolle Herkunftsland: [&hellip;]<\/p>","protected":false},"featured_media":240456,"template":"","meta":[],"product_brand":[1928],"product_cat":[1637,1686,1623],"product_tag":[],"class_list":{"0":"post-240459","1":"product","2":"type-product","3":"status-publish","4":"has-post-thumbnail","6":"product_brand-acht","7":"product_cat-frauen-kleidung","8":"product_cat-jeans-hosen-frauen-kleidung","9":"product_cat-kleidung","11":"first","12":"instock","13":"sale","14":"taxable","15":"shipping-taxable","16":"purchasable","17":"product-type-variable"},"_links":{"self":[{"href":"https:\/\/tpmadalina42.supserv.cozmoslabs.com\/fi\/wp-json\/wp\/v2\/product\/240459","targetHints":{"allow":["GET"]}}],"collection":[{"href":"https:\/\/tpmadalina42.supserv.cozmoslabs.com\/fi\/wp-json\/wp\/v2\/product"}],"about":[{"href":"https:\/\/tpmadalina42.supserv.cozmoslabs.com\/fi\/wp-json\/wp\/v2\/types\/product"}],"wp:featuredmedia":[{"embeddable":true,"href":"https:\/\/tpmadalina42.supserv.cozmoslabs.com\/fi\/wp-json\/wp\/v2\/media\/240456"}],"wp:attachment":[{"href":"https:\/\/tpmadalina42.supserv.cozmoslabs.com\/fi\/wp-json\/wp\/v2\/media?parent=240459"}],"wp:term":[{"taxonomy":"product_brand","embeddable":true,"href":"https:\/\/tpmadalina42.supserv.cozmoslabs.com\/fi\/wp-json\/wp\/v2\/product_brand?post=240459"},{"taxonomy":"product_cat","embeddable":true,"href":"https:\/\/tpmadalina42.supserv.cozmoslabs.com\/fi\/wp-json\/wp\/v2\/product_cat?post=240459"},{"taxonomy":"product_tag","embeddable":true,"href":"https:\/\/tpmadalina42.supserv.cozmoslabs.com\/fi\/wp-json\/wp\/v2\/product_tag?post=240459"}],"curies":[{"name":"wp","href":"https:\/\/api.w.org\/{rel}","templated":true}]}}