{"id":240600,"date":"2024-08-10T03:55:51","date_gmt":"2024-08-10T10:55:51","guid":{"rendered":"https:\/\/glandine.com\/product\/dolce-gabbana-elegantes-schwarzes-shift-minikleid\/"},"modified":"2024-11-29T20:14:43","modified_gmt":"2024-11-29T19:14:43","slug":"dolce-gabbana-elegantes-schwarzes-shift-minikleid","status":"publish","type":"product","link":"https:\/\/tpmadalina42.supserv.cozmoslabs.com\/fi\/tuote-2\/dolce-gabbana-elegantes-schwarzes-shift-minikleid\/","title":{"rendered":"Dolce &amp; Gabbana Elegantes Schwarzes Shift-Minikleid"},"content":{"rendered":"<p>Zeitlose Eleganz mit diesem auff\u00e4lligen wei\u00df-schwarz-blauen Minikleid mit kurzen \u00c4rmeln von Dolce &amp; Gabbana. Das mit viel Liebe zum Detail gefertigte Modell ist ein echter Hingucker bei jedem Anlass. Das luxuri\u00f6se Stretch-Futter aus wei\u00dfer Seide sorgt f\u00fcr eine bequeme Passform, w\u00e4hrend der Rei\u00dfverschluss auf der R\u00fcckseite ein m\u00fcheloses Tragen erm\u00f6glicht. Offizielle Logodetails unterstreichen die Authentizit\u00e4t dieses mit Liebe in Italien gefertigten Meisterwerks.<\/p>\n<ul>\n<li>V\u00e4ri: Musta<\/li>\n<li>Material: 97% Viskose, 3% Elastan<\/li>\n<li>Innenfutter: 96% Seide, 4% Elastan<\/li>\n<li>Alkuper\u00e4maa: IT<\/li>\n<\/ul>","protected":false},"excerpt":{"rendered":"<p>Zeitlose Eleganz mit diesem auff\u00e4lligen wei\u00df-schwarz-blauen Minikleid mit kurzen \u00c4rmeln von Dolce &amp; Gabbana. Das mit viel Liebe zum Detail gefertigte Modell ist ein echter Hingucker bei jedem Anlass. Das luxuri\u00f6se Stretch-Futter aus wei\u00dfer Seide sorgt f\u00fcr eine bequeme Passform, w\u00e4hrend der Rei\u00dfverschluss auf der R\u00fcckseite ein m\u00fcheloses Tragen erm\u00f6glicht. Offizielle Logodetails unterstreichen die Authentizit\u00e4t [&hellip;]<\/p>","protected":false},"featured_media":240596,"template":"","meta":[],"product_brand":[1620],"product_cat":[1637,1659,1623],"product_tag":[],"class_list":{"0":"post-240600","1":"product","2":"type-product","3":"status-publish","4":"has-post-thumbnail","6":"product_brand-dolce-gabbana","7":"product_cat-frauen-kleidung","8":"product_cat-kleider","9":"product_cat-kleidung","11":"first","12":"instock","13":"sale","14":"taxable","15":"shipping-taxable","16":"purchasable","17":"product-type-variable"},"_links":{"self":[{"href":"https:\/\/tpmadalina42.supserv.cozmoslabs.com\/fi\/wp-json\/wp\/v2\/product\/240600","targetHints":{"allow":["GET"]}}],"collection":[{"href":"https:\/\/tpmadalina42.supserv.cozmoslabs.com\/fi\/wp-json\/wp\/v2\/product"}],"about":[{"href":"https:\/\/tpmadalina42.supserv.cozmoslabs.com\/fi\/wp-json\/wp\/v2\/types\/product"}],"wp:featuredmedia":[{"embeddable":true,"href":"https:\/\/tpmadalina42.supserv.cozmoslabs.com\/fi\/wp-json\/wp\/v2\/media\/240596"}],"wp:attachment":[{"href":"https:\/\/tpmadalina42.supserv.cozmoslabs.com\/fi\/wp-json\/wp\/v2\/media?parent=240600"}],"wp:term":[{"taxonomy":"product_brand","embeddable":true,"href":"https:\/\/tpmadalina42.supserv.cozmoslabs.com\/fi\/wp-json\/wp\/v2\/product_brand?post=240600"},{"taxonomy":"product_cat","embeddable":true,"href":"https:\/\/tpmadalina42.supserv.cozmoslabs.com\/fi\/wp-json\/wp\/v2\/product_cat?post=240600"},{"taxonomy":"product_tag","embeddable":true,"href":"https:\/\/tpmadalina42.supserv.cozmoslabs.com\/fi\/wp-json\/wp\/v2\/product_tag?post=240600"}],"curies":[{"name":"wp","href":"https:\/\/api.w.org\/{rel}","templated":true}]}}