{"id":240845,"date":"2024-08-10T04:17:41","date_gmt":"2024-08-10T11:17:41","guid":{"rendered":"https:\/\/glandine.com\/product\/dolce-gabbana-multicolor-langer-strickmantel-mit-kerbrevers\/"},"modified":"2024-11-29T20:30:50","modified_gmt":"2024-11-29T19:30:50","slug":"dolce-gabbana-multicolor-langer-strickmantel-mit-kerbrevers","status":"publish","type":"product","link":"https:\/\/tpmadalina42.supserv.cozmoslabs.com\/fi\/tuote-2\/dolce-gabbana-multicolor-langer-strickmantel-mit-kerbrevers\/","title":{"rendered":"Dolce &amp; Gabbana moniv\u00e4rinen pitk\u00e4 neuletakki, jossa on lovelliset l\u00e4p\u00e4t"},"content":{"rendered":"<p>G\u00f6nnen Sie sich italienischen Luxus mit diesem farbenfrohen langen Strickmantel des Modehauses Dolce &amp; Gabbana. Das vielseitige Modell vereint klassische Schneiderkunst mit eklektischem Design und verf\u00fcgt \u00fcber ein stilvolles Revers mit Kerbe und ein charmantes Innenfutter mit Blumendruck. Der Knopfverschluss auf der Vorderseite sorgt f\u00fcr eine zeitlose Silhouette, w\u00e4hrend die Logodetails das Designererbe betonen. Der Mantel ist aus einer kostbaren Mischung aus Acetat, Wolle und Polyester gefertigt und steht f\u00fcr hohe Handwerkskunst, die jedes Ensemble aufwertet. Der in Italien gefertigte Mantel ist ein Beweis f\u00fcr exquisite Kleidung und eine wunderbare Erg\u00e4nzung Ihrer Oberbekleidungskollektion.<\/p>\n<ul>\n<li>Material: 50% Acetat, 38% Wolle, 12% Polyester<\/li>\n<li>Sis\u00e4vuori: 100% polyesteri<\/li>\n<li>V\u00e4ri: Musta<\/li>\n<li>Alkuper\u00e4maa: IT<\/li>\n<\/ul>","protected":false},"excerpt":{"rendered":"<p>G\u00f6nnen Sie sich italienischen Luxus mit diesem farbenfrohen langen Strickmantel des Modehauses Dolce &amp; Gabbana. Das vielseitige Modell vereint klassische Schneiderkunst mit eklektischem Design und verf\u00fcgt \u00fcber ein stilvolles Revers mit Kerbe und ein charmantes Innenfutter mit Blumendruck. Der Knopfverschluss auf der Vorderseite sorgt f\u00fcr eine zeitlose Silhouette, w\u00e4hrend die Logodetails das Designererbe betonen. Der [&hellip;]<\/p>","protected":false},"featured_media":240841,"template":"","meta":[],"product_brand":[1620],"product_cat":[1637,1670,1623],"product_tag":[],"class_list":{"0":"post-240845","1":"product","2":"type-product","3":"status-publish","4":"has-post-thumbnail","6":"product_brand-dolce-gabbana","7":"product_cat-frauen-kleidung","8":"product_cat-jacken-maentel","9":"product_cat-kleidung","11":"first","12":"instock","13":"sale","14":"taxable","15":"shipping-taxable","16":"purchasable","17":"product-type-variable"},"_links":{"self":[{"href":"https:\/\/tpmadalina42.supserv.cozmoslabs.com\/fi\/wp-json\/wp\/v2\/product\/240845","targetHints":{"allow":["GET"]}}],"collection":[{"href":"https:\/\/tpmadalina42.supserv.cozmoslabs.com\/fi\/wp-json\/wp\/v2\/product"}],"about":[{"href":"https:\/\/tpmadalina42.supserv.cozmoslabs.com\/fi\/wp-json\/wp\/v2\/types\/product"}],"wp:featuredmedia":[{"embeddable":true,"href":"https:\/\/tpmadalina42.supserv.cozmoslabs.com\/fi\/wp-json\/wp\/v2\/media\/240841"}],"wp:attachment":[{"href":"https:\/\/tpmadalina42.supserv.cozmoslabs.com\/fi\/wp-json\/wp\/v2\/media?parent=240845"}],"wp:term":[{"taxonomy":"product_brand","embeddable":true,"href":"https:\/\/tpmadalina42.supserv.cozmoslabs.com\/fi\/wp-json\/wp\/v2\/product_brand?post=240845"},{"taxonomy":"product_cat","embeddable":true,"href":"https:\/\/tpmadalina42.supserv.cozmoslabs.com\/fi\/wp-json\/wp\/v2\/product_cat?post=240845"},{"taxonomy":"product_tag","embeddable":true,"href":"https:\/\/tpmadalina42.supserv.cozmoslabs.com\/fi\/wp-json\/wp\/v2\/product_tag?post=240845"}],"curies":[{"name":"wp","href":"https:\/\/api.w.org\/{rel}","templated":true}]}}