{"id":240907,"date":"2024-08-10T04:21:32","date_gmt":"2024-08-10T11:21:32","guid":{"rendered":"https:\/\/glandine.com\/product\/dolce-gabbana-elegante-goldgruene-jacquard-jacke-sicilia\/"},"modified":"2024-12-12T03:42:12","modified_gmt":"2024-12-12T02:42:12","slug":"dolce-gabbana-elegante-goldgruene-jacquard-jacke-sicilia","status":"publish","type":"product","link":"https:\/\/tpmadalina42.supserv.cozmoslabs.com\/fi\/tuote-2\/dolce-gabbana-elegante-goldgruene-jacquard-jacke-sicilia\/","title":{"rendered":"Dolce &amp; Gabbana Elegante goldgr\u00fcne Jacquard-Jacke Sicilia"},"content":{"rendered":"<p>Erleben Sie Luxus mit dieser exquisiten Dolce &amp; Gabbana Gold Green Jacquard Sicilia Jacke. Dieser zu 100 % authentische, perfekt geschneiderte Einreiher verf\u00fcgt \u00fcber ein \u00fcppiges Revers und einen raffinierten Zwei-Knopf-Verschluss. Er wurde in Italien gefertigt und ist der Inbegriff modischer Raffinesse.<\/p>\n<ul>\n<li>Material: 70% Polyester, 13% Baumwolle, 10% Nylon, 7% metallisierte Fasern<\/li>\n<li>Futter: 100% Seide<\/li>\n<li>Farbe: Gr\u00fcn, Gold Jacquard<\/li>\n<li>Alkuper\u00e4maa: Italia<\/li>\n<li>Logon yksityiskohdat<\/li>\n<\/ul>","protected":false},"excerpt":{"rendered":"<p>Erleben Sie Luxus mit dieser exquisiten Dolce &amp; Gabbana Gold Green Jacquard Sicilia Jacke. Dieser zu 100 % authentische, perfekt geschneiderte Einreiher verf\u00fcgt \u00fcber ein \u00fcppiges Revers und einen raffinierten Zwei-Knopf-Verschluss. Er wurde in Italien gefertigt und ist der Inbegriff modischer Raffinesse. Material: 70% Polyester, 13% Baumwolle, 10% Nylon, 7% metallisierte Fasern Futter: 100% Seide [&hellip;]<\/p>","protected":false},"featured_media":240901,"template":"","meta":[],"product_brand":[1620],"product_cat":[1633,1669,1623],"product_tag":[],"class_list":{"0":"post-240907","1":"product","2":"type-product","3":"status-publish","4":"has-post-thumbnail","6":"product_brand-dolce-gabbana","7":"product_cat-maenner-kleidung","8":"product_cat-jacken","9":"product_cat-kleidung","11":"first","12":"instock","13":"sale","14":"taxable","15":"shipping-taxable","16":"purchasable","17":"product-type-variable"},"_links":{"self":[{"href":"https:\/\/tpmadalina42.supserv.cozmoslabs.com\/fi\/wp-json\/wp\/v2\/product\/240907","targetHints":{"allow":["GET"]}}],"collection":[{"href":"https:\/\/tpmadalina42.supserv.cozmoslabs.com\/fi\/wp-json\/wp\/v2\/product"}],"about":[{"href":"https:\/\/tpmadalina42.supserv.cozmoslabs.com\/fi\/wp-json\/wp\/v2\/types\/product"}],"wp:featuredmedia":[{"embeddable":true,"href":"https:\/\/tpmadalina42.supserv.cozmoslabs.com\/fi\/wp-json\/wp\/v2\/media\/240901"}],"wp:attachment":[{"href":"https:\/\/tpmadalina42.supserv.cozmoslabs.com\/fi\/wp-json\/wp\/v2\/media?parent=240907"}],"wp:term":[{"taxonomy":"product_brand","embeddable":true,"href":"https:\/\/tpmadalina42.supserv.cozmoslabs.com\/fi\/wp-json\/wp\/v2\/product_brand?post=240907"},{"taxonomy":"product_cat","embeddable":true,"href":"https:\/\/tpmadalina42.supserv.cozmoslabs.com\/fi\/wp-json\/wp\/v2\/product_cat?post=240907"},{"taxonomy":"product_tag","embeddable":true,"href":"https:\/\/tpmadalina42.supserv.cozmoslabs.com\/fi\/wp-json\/wp\/v2\/product_tag?post=240907"}],"curies":[{"name":"wp","href":"https:\/\/api.w.org\/{rel}","templated":true}]}}