{"id":240996,"date":"2024-08-10T04:26:38","date_gmt":"2024-08-10T11:26:38","guid":{"rendered":"https:\/\/glandine.com\/product\/dolce-gabbana-eleganter-von-hunden-inspirierter-goldton-ring\/"},"modified":"2024-11-29T20:42:22","modified_gmt":"2024-11-29T19:42:22","slug":"dolce-gabbana-eleganter-von-hunden-inspirierter-goldton-ring","status":"publish","type":"product","link":"https:\/\/tpmadalina42.supserv.cozmoslabs.com\/fi\/tuote-2\/dolce-gabbana-eleganter-von-hunden-inspirierter-goldton-ring\/","title":{"rendered":"Dolce &amp; Gabbana tyylik\u00e4s koiran inspiroima kultas\u00e4vysormus"},"content":{"rendered":"<p>Tauchen Sie ein in die opulente Welt von <strong>Dolce &amp; Gabbana<\/strong> mit diesem exquisit gearbeiteten Hundekopf-Ring aus zwei Materialien. Dieser Ring wurde f\u00fcr Frauen entworfen, die einen Hauch von skurrilem Luxus zu sch\u00e4tzen wissen und verk\u00f6rpert mit seinem schimmernden Goldton Eleganz. Das einzigartige Hundemotiv macht ihn zu einem Statement, das bei jeder Veranstaltung f\u00fcr Gespr\u00e4chsstoff sorgt.<\/p>\n<ul>\n<li>V\u00e4ri: beige<\/li>\n<li>Materiaali: 50% synteettinen hartsi, 50% messinki.<\/li>\n<li>Yksityiskohdat logosta<\/li>\n<li>Alkuper\u00e4maa: Italia<\/li>\n<\/ul>","protected":false},"excerpt":{"rendered":"<p>Tauchen Sie ein in die opulente Welt von Dolce &amp; Gabbana mit diesem exquisit gearbeiteten Hundekopf-Ring aus zwei Materialien. Dieser Ring wurde f\u00fcr Frauen entworfen, die einen Hauch von skurrilem Luxus zu sch\u00e4tzen wissen und verk\u00f6rpert mit seinem schimmernden Goldton Eleganz. Das einzigartige Hundemotiv macht ihn zu einem Statement, das bei jeder Veranstaltung f\u00fcr Gespr\u00e4chsstoff [&hellip;]<\/p>","protected":false},"featured_media":240990,"template":"","meta":[],"product_brand":[1620],"product_cat":[1690,1625,1638],"product_tag":[],"class_list":{"0":"post-240996","1":"product","2":"type-product","3":"status-publish","4":"has-post-thumbnail","6":"product_brand-dolce-gabbana","7":"product_cat-ringe-frauen-schmuck","8":"product_cat-schmuck","9":"product_cat-frauen-schmuck","11":"first","12":"instock","13":"sale","14":"taxable","15":"shipping-taxable","16":"purchasable","17":"product-type-variable"},"_links":{"self":[{"href":"https:\/\/tpmadalina42.supserv.cozmoslabs.com\/fi\/wp-json\/wp\/v2\/product\/240996","targetHints":{"allow":["GET"]}}],"collection":[{"href":"https:\/\/tpmadalina42.supserv.cozmoslabs.com\/fi\/wp-json\/wp\/v2\/product"}],"about":[{"href":"https:\/\/tpmadalina42.supserv.cozmoslabs.com\/fi\/wp-json\/wp\/v2\/types\/product"}],"wp:featuredmedia":[{"embeddable":true,"href":"https:\/\/tpmadalina42.supserv.cozmoslabs.com\/fi\/wp-json\/wp\/v2\/media\/240990"}],"wp:attachment":[{"href":"https:\/\/tpmadalina42.supserv.cozmoslabs.com\/fi\/wp-json\/wp\/v2\/media?parent=240996"}],"wp:term":[{"taxonomy":"product_brand","embeddable":true,"href":"https:\/\/tpmadalina42.supserv.cozmoslabs.com\/fi\/wp-json\/wp\/v2\/product_brand?post=240996"},{"taxonomy":"product_cat","embeddable":true,"href":"https:\/\/tpmadalina42.supserv.cozmoslabs.com\/fi\/wp-json\/wp\/v2\/product_cat?post=240996"},{"taxonomy":"product_tag","embeddable":true,"href":"https:\/\/tpmadalina42.supserv.cozmoslabs.com\/fi\/wp-json\/wp\/v2\/product_tag?post=240996"}],"curies":[{"name":"wp","href":"https:\/\/api.w.org\/{rel}","templated":true}]}}